{"id":2132,"date":"2019-03-25T09:23:59","date_gmt":"2019-03-25T08:23:59","guid":{"rendered":"https:\/\/www.mozzarisella.com\/certificazioni\/"},"modified":"2019-09-23T12:17:30","modified_gmt":"2019-09-23T10:17:30","slug":"zertifizierungen","status":"publish","type":"page","link":"https:\/\/www.mozzarisella.com\/de\/zertifizierungen\/","title":{"rendered":"ZERTIFIZIERUNGEN"},"content":{"rendered":"\n<p style=\"font-size:22px\">Lebensmittelsicherheit ist ein Thema von grundlegender Bedeutung in der Lebensmittelproduktion.<\/p>\n\n\n\n<p>F\u00fcr MozzaRisella ist die Sicherheit der Verbraucher und die Achtung der Kundenbed\u00fcrfnisse ein st\u00e4ndiges Ziel. Deshalb halten wir uns an internationale freiwillige Zertifizierungen, um unser st\u00e4ndiges Engagement<br> f\u00fcr Verbesserungen zu gew\u00e4hrleisten.<\/p>\n\n\n<p>[BSRow style=&#8220;margin-top:50px;&#8220;][BSCol classi=&#8220;col-12 col-lg-2&#8243; bottom=0]<\/p>\n\n\n\n<img decoding=\"async\" src=\"https:\/\/www.mozzarisella.com\/wp-content\/uploads\/2018\/03\/Bio-EU-800x536.png\" alt=\"Bio EU\" class=\"wp-image-1186\" width=\"150\" srcset=\"https:\/\/www.mozzarisella.com\/wp-content\/uploads\/2018\/03\/Bio-EU-800x536.png 800w, https:\/\/www.mozzarisella.com\/wp-content\/uploads\/2018\/03\/Bio-EU-768x515.png 768w, https:\/\/www.mozzarisella.com\/wp-content\/uploads\/2018\/03\/Bio-EU-1200x804.png 1200w, https:\/\/www.mozzarisella.com\/wp-content\/uploads\/2018\/03\/Bio-EU-600x402.png 600w, https:\/\/www.mozzarisella.com\/wp-content\/uploads\/2018\/03\/Bio-EU.png 2000w\" sizes=\"(max-width: 800px) 100vw, 800px\" \/>\n\n\n<p>[\/BSCol][BSCol classi=&#8220;col-12 col-lg-10&#8243;]<\/p>\n\n\n\n<p style=\"color:#cb9e4d;font-size:30px\" class=\"has-text-color side_title\"><strong>BIOLOGISCHE ZERTIFIZIERUNG<\/strong><\/p>\n\n\n\n<p>Das EU-Bio-Zertifikat garantiert, dass alle Produktionsphasen, sowohl der Rohstoffe als auch des Endprodukts, den in der Europ\u00e4ischen Union geltenden Normen entsprechen (EG-Verordnung 834\/07 und EG 889\/08). Alle Bio-Produkte werden mit zertifizierten Bio-Zutaten zubereitet. Dar\u00fcber hinaus ist die Verwendung von Stoffen, die aus GVO, onservierungsmitteln, Farbstoffen und Aromen chemischer Natur stammen, im roduktionsprozess nicht zul\u00e4ssig.<\/p>\n\n\n<p>[\/BSCol][\/BSRow][BSRow][BSCol classi=&#8220;col-12 col-lg-2&#8243; bottom=0]<\/p>\n\n\n\n<img decoding=\"async\" src=\"\/wp-content\/uploads\/2018\/03\/BRC-Food.png\" alt=\"BRC Food\" width=\"150\">\n\n\n<p>[\/BSCol][BSCol classi=&#8220;col-12 col-lg-10&#8243;]<\/p>\n\n\n\n<p style=\"color:#cb9e4d;font-size:30px\" class=\"has-text-color side_title\"><strong>BRC FOOD<\/strong><\/p>\n\n\n\n<p>Der BRC Lebensmittelsicherheitsstandard stellt ein globales Zeichen dar, das von Tausenden von Kunden weltweit anerkannt wird. Es gibt \u00fcber 18.000 BRC-zertifizierte Unternehmen in 100 L\u00e4ndern weltweit. Das<br> Witschaftsverband &#8222;British Retail Consortium&#8220;(BRC), das die wichtigsten britischen Einzelhandelsunternehmen vertritt, hat einen technischen Standard entwickelt, um zu garantieren, dass die mit diesem Zeichen versehenen Produkte nach pr\u00e4zisen Qualit\u00e4tsstandards und entsprechend vonMindestanforderungen hergestellt werden. Die Anwendung des BRC ist folglich eine notwendige Voraussetzung f\u00fcr den Export und ein nerkanntes Instrument zur Garantie der Firmenzuverl\u00e4ssigkeit.<\/p>\n\n\n<p>[\/BSCol][\/BSRow][BSRow][BSCol classi=&#8220;col-12 col-lg-2&#8243; bottom=0]<\/p>\n\n\n\n<img decoding=\"async\" src=\"\/wp-content\/uploads\/2018\/03\/IFS-Food-300x192.png\" alt=\"IFS Food\" width=\"150\">\n\n\n<p>[\/BSCol][BSCol classi=&#8220;col-12 col-lg-10&#8243;]<\/p>\n\n\n\n<p style=\"color:#cb9e4d;font-size:30px;text-align:left\" class=\"has-text-color side_title\"><strong>IFS FOOD<\/strong><\/p>\n\n\n\n<p>Der IFS Food Standard ist ein von der GFSI (Global Food Safety Initiative) anerkannter Standard f\u00fcr Audits in der Lebensmittelindustrie. Ziel ist die Lebensmittelsicherheit und die Qualit\u00e4t von Prozessen und Produkten. Es betrifft die Lebensmittelprozesse der verarbeitenden Industrie und der Industrie, die lose Lebensmittel verpacken. IFS Food findet Anwendung, wenn die Produkte &#8222;verarbeitet&#8220; werden oder die Gefahr einer Kontamination des Produkts w\u00e4hrend der Prim\u00e4rverpackung besteht. Dieses Standard stellt eine wichtige Bezugsvorschrift f\u00fcr alle Lebensmittelindustrien<\/p>\n\n\n<p>[\/BSCol][\/BSRow][BSRow][BSCol classi=&#8220;col-12 col-lg-2&#8243; bottom=0]<\/p>\n\n\n\n<img decoding=\"async\" src=\"\/wp-content\/uploads\/2018\/03\/FDA-logo.png\" alt=\"IFS Food\" width=\"150\">\n\n\n<p>[\/BSCol][BSCol classi=&#8220;col-12 col-lg-10&#8243;]<\/p>\n\n\n\n<p style=\"color:#cb9e4d;font-size:30px\" class=\"has-text-color side_title\"><strong>FDA<\/strong><\/p>\n\n\n\n<p>Die FDA (Food and Drug Administration), die in den USA f\u00fcr die Regulierung von Lebensmitteln und pharmazeutischen Produkten zust\u00e4ndig ist, legt die Richtlinien fest, die die Branchen befolgen m\u00fcssen, um ihre Waren in die USA exportieren zu k\u00f6nnen. Mit dem von der FDA ausgestellten Zertifikat wird es best\u00e4tigt, dass alle vom Leitungsgremium festgelegten Standards eingehalten werden.<\/p>\n\n\n<p>[\/BSCol][\/BSRow][BSRow][BSCol classi=&#8220;col-12 col-lg-2&#8243; bottom=0]<\/p>\n\n\n\n<img decoding=\"async\" src=\"\/wp-content\/uploads\/2018\/03\/Kosher.jpg\" alt=\"IFS Food\" width=\"150\">\n\n\n<p>[\/BSCol][BSCol classi=&#8220;col-12 col-lg-10&#8243;]<\/p>\n\n\n\n<p style=\"color:#cb9e4d;font-size:30px\" class=\"has-text-color side_title\"><strong>KOSHER<\/strong><\/p>\n\n\n\n<p>Die Koscher-Zertifizierung wird Unternehmen wie unseren ausgestellt, die die religi\u00f6sen Ern\u00e4hrungsregeln erf\u00fcllen und von rechtgl\u00e4ubigen Juden befolgt werden. Diese Zertifizierung wird von autorisierten rabbinischen Verb\u00e4nden ausgestellt, die die Einhaltung strenger Qualit\u00e4tsstandards im Produktionsprozess und in den verwendeten Zutaten garantieren. Die hohe Steifigkeit dieser Standards garantiert ein Produkt von hoher Qualit\u00e4t, Reinheit und Echtheit, nicht nur f\u00fcr Verbraucher, die die j\u00fcdische Religion befolgen, sondern f\u00fcr alle, die ein gesundes Produkt w\u00fcnschen.<\/p>\n\n\n<p>[\/BSCol][\/BSRow]<\/p>\n","protected":false},"excerpt":{"rendered":"<p>Lebensmittelsicherheit ist ein Thema von grundlegender Bedeutung in der Lebensmittelproduktion. F\u00fcr MozzaRisella ist die Sicherheit der Verbraucher und die Achtung der Kundenbed\u00fcrfnisse ein st\u00e4ndiges Ziel. Deshalb halten wir uns an internationale freiwillige Zertifizierungen, um unser st\u00e4ndiges Engagement f\u00fcr Verbesserungen zu gew\u00e4hrleisten. BIOLOGISCHE ZERTIFIZIERUNG Das EU-Bio-Zertifikat garantiert, dass alle Produktionsphasen, sowohl der Rohstoffe als auch des [&hellip;]<\/p>\n","protected":false},"author":5,"featured_media":2133,"parent":0,"menu_order":0,"comment_status":"closed","ping_status":"closed","template":"","meta":{"_acf_changed":false,"footnotes":""},"class_list":["post-2132","page","type-page","status-publish","has-post-thumbnail","hentry"],"acf":[],"yoast_head":"<title>ZERTIFIZIERUNGEN<\/title>\n<meta name=\"robots\" content=\"index, follow, max-snippet:-1, max-image-preview:large, max-video-preview:-1\" \/>\n<link rel=\"canonical\" href=\"https:\/\/www.mozzarisella.com\/de\/zertifizierungen\/\" \/>\n<meta property=\"og:locale\" content=\"de_DE\" \/>\n<meta property=\"og:type\" content=\"article\" \/>\n<meta property=\"og:title\" content=\"ZERTIFIZIERUNGEN\" \/>\n<meta property=\"og:description\" content=\"Lebensmittelsicherheit ist ein Thema von grundlegender Bedeutung in der Lebensmittelproduktion. F\u00fcr MozzaRisella ist die Sicherheit der Verbraucher und die Achtung der Kundenbed\u00fcrfnisse ein st\u00e4ndiges Ziel. Deshalb halten wir uns an internationale freiwillige Zertifizierungen, um unser st\u00e4ndiges Engagement f\u00fcr Verbesserungen zu gew\u00e4hrleisten. BIOLOGISCHE ZERTIFIZIERUNG Das EU-Bio-Zertifikat garantiert, dass alle Produktionsphasen, sowohl der Rohstoffe als auch des [&hellip;]\" \/>\n<meta property=\"og:url\" content=\"https:\/\/www.mozzarisella.com\/de\/zertifizierungen\/\" \/>\n<meta property=\"og:site_name\" content=\"Mozzarisella\" \/>\n<meta property=\"article:modified_time\" content=\"2019-09-23T10:17:30+00:00\" \/>\n<meta property=\"og:image\" content=\"https:\/\/www.mozzarisella.com\/wp-content\/uploads\/2019\/05\/TON1145.jpg\" \/>\n\t<meta property=\"og:image:width\" content=\"1623\" \/>\n\t<meta property=\"og:image:height\" content=\"1080\" \/>\n\t<meta property=\"og:image:type\" content=\"image\/jpeg\" \/>\n<meta name=\"twitter:card\" content=\"summary_large_image\" \/>\n<meta name=\"twitter:label1\" content=\"Gesch\u00e4tzte Lesezeit\" \/>\n\t<meta name=\"twitter:data1\" content=\"2\u00a0Minuten\" \/>\n<script type=\"application\/ld+json\" class=\"yoast-schema-graph\">{\"@context\":\"https:\/\/schema.org\",\"@graph\":[{\"@type\":\"WebPage\",\"@id\":\"https:\/\/www.mozzarisella.com\/de\/zertifizierungen\/\",\"url\":\"https:\/\/www.mozzarisella.com\/de\/zertifizierungen\/\",\"name\":\"ZERTIFIZIERUNGEN\",\"isPartOf\":{\"@id\":\"https:\/\/www.mozzarisella.com\/de\/#website\"},\"primaryImageOfPage\":{\"@id\":\"https:\/\/www.mozzarisella.com\/de\/zertifizierungen\/#primaryimage\"},\"image\":{\"@id\":\"https:\/\/www.mozzarisella.com\/de\/zertifizierungen\/#primaryimage\"},\"thumbnailUrl\":\"https:\/\/www.mozzarisella.com\/wp-content\/uploads\/2019\/05\/TON1145.jpg\",\"datePublished\":\"2019-03-25T08:23:59+00:00\",\"dateModified\":\"2019-09-23T10:17:30+00:00\",\"breadcrumb\":{\"@id\":\"https:\/\/www.mozzarisella.com\/de\/zertifizierungen\/#breadcrumb\"},\"inLanguage\":\"de\",\"potentialAction\":[{\"@type\":\"ReadAction\",\"target\":[\"https:\/\/www.mozzarisella.com\/de\/zertifizierungen\/\"]}]},{\"@type\":\"ImageObject\",\"inLanguage\":\"de\",\"@id\":\"https:\/\/www.mozzarisella.com\/de\/zertifizierungen\/#primaryimage\",\"url\":\"https:\/\/www.mozzarisella.com\/wp-content\/uploads\/2019\/05\/TON1145.jpg\",\"contentUrl\":\"https:\/\/www.mozzarisella.com\/wp-content\/uploads\/2019\/05\/TON1145.jpg\",\"width\":1623,\"height\":1080},{\"@type\":\"BreadcrumbList\",\"@id\":\"https:\/\/www.mozzarisella.com\/de\/zertifizierungen\/#breadcrumb\",\"itemListElement\":[{\"@type\":\"ListItem\",\"position\":1,\"name\":\"Home\",\"item\":\"https:\/\/www.mozzarisella.com\/de\/\"},{\"@type\":\"ListItem\",\"position\":2,\"name\":\"ZERTIFIZIERUNGEN\"}]},{\"@type\":\"WebSite\",\"@id\":\"https:\/\/www.mozzarisella.com\/de\/#website\",\"url\":\"https:\/\/www.mozzarisella.com\/de\/\",\"name\":\"Mozzarisella\",\"description\":\"La forza del germoglio di riso integrale Italiano\",\"publisher\":{\"@id\":\"https:\/\/www.mozzarisella.com\/de\/#organization\"},\"potentialAction\":[{\"@type\":\"SearchAction\",\"target\":{\"@type\":\"EntryPoint\",\"urlTemplate\":\"https:\/\/www.mozzarisella.com\/de\/?s={search_term_string}\"},\"query-input\":{\"@type\":\"PropertyValueSpecification\",\"valueRequired\":true,\"valueName\":\"search_term_string\"}}],\"inLanguage\":\"de\"},{\"@type\":\"Organization\",\"@id\":\"https:\/\/www.mozzarisella.com\/de\/#organization\",\"name\":\"Mozzarisella\",\"url\":\"https:\/\/www.mozzarisella.com\/de\/\",\"logo\":{\"@type\":\"ImageObject\",\"inLanguage\":\"de\",\"@id\":\"https:\/\/www.mozzarisella.com\/de\/#\/schema\/logo\/image\/\",\"url\":\"https:\/\/www.mozzarisella.com\/wp-content\/uploads\/2019\/06\/mozzarisella-logo-mobile.png\",\"contentUrl\":\"https:\/\/www.mozzarisella.com\/wp-content\/uploads\/2019\/06\/mozzarisella-logo-mobile.png\",\"width\":400,\"height\":259,\"caption\":\"Mozzarisella\"},\"image\":{\"@id\":\"https:\/\/www.mozzarisella.com\/de\/#\/schema\/logo\/image\/\"}}]}<\/script>","yoast_head_json":{"title":"ZERTIFIZIERUNGEN","robots":{"index":"index","follow":"follow","max-snippet":"max-snippet:-1","max-image-preview":"max-image-preview:large","max-video-preview":"max-video-preview:-1"},"canonical":"https:\/\/www.mozzarisella.com\/de\/zertifizierungen\/","og_locale":"de_DE","og_type":"article","og_title":"ZERTIFIZIERUNGEN","og_description":"Lebensmittelsicherheit ist ein Thema von grundlegender Bedeutung in der Lebensmittelproduktion. F\u00fcr MozzaRisella ist die Sicherheit der Verbraucher und die Achtung der Kundenbed\u00fcrfnisse ein st\u00e4ndiges Ziel. Deshalb halten wir uns an internationale freiwillige Zertifizierungen, um unser st\u00e4ndiges Engagement f\u00fcr Verbesserungen zu gew\u00e4hrleisten. BIOLOGISCHE ZERTIFIZIERUNG Das EU-Bio-Zertifikat garantiert, dass alle Produktionsphasen, sowohl der Rohstoffe als auch des [&hellip;]","og_url":"https:\/\/www.mozzarisella.com\/de\/zertifizierungen\/","og_site_name":"Mozzarisella","article_modified_time":"2019-09-23T10:17:30+00:00","og_image":[{"width":1623,"height":1080,"url":"https:\/\/www.mozzarisella.com\/wp-content\/uploads\/2019\/05\/TON1145.jpg","type":"image\/jpeg"}],"twitter_card":"summary_large_image","twitter_misc":{"Gesch\u00e4tzte Lesezeit":"2\u00a0Minuten"},"schema":{"@context":"https:\/\/schema.org","@graph":[{"@type":"WebPage","@id":"https:\/\/www.mozzarisella.com\/de\/zertifizierungen\/","url":"https:\/\/www.mozzarisella.com\/de\/zertifizierungen\/","name":"ZERTIFIZIERUNGEN","isPartOf":{"@id":"https:\/\/www.mozzarisella.com\/de\/#website"},"primaryImageOfPage":{"@id":"https:\/\/www.mozzarisella.com\/de\/zertifizierungen\/#primaryimage"},"image":{"@id":"https:\/\/www.mozzarisella.com\/de\/zertifizierungen\/#primaryimage"},"thumbnailUrl":"https:\/\/www.mozzarisella.com\/wp-content\/uploads\/2019\/05\/TON1145.jpg","datePublished":"2019-03-25T08:23:59+00:00","dateModified":"2019-09-23T10:17:30+00:00","breadcrumb":{"@id":"https:\/\/www.mozzarisella.com\/de\/zertifizierungen\/#breadcrumb"},"inLanguage":"de","potentialAction":[{"@type":"ReadAction","target":["https:\/\/www.mozzarisella.com\/de\/zertifizierungen\/"]}]},{"@type":"ImageObject","inLanguage":"de","@id":"https:\/\/www.mozzarisella.com\/de\/zertifizierungen\/#primaryimage","url":"https:\/\/www.mozzarisella.com\/wp-content\/uploads\/2019\/05\/TON1145.jpg","contentUrl":"https:\/\/www.mozzarisella.com\/wp-content\/uploads\/2019\/05\/TON1145.jpg","width":1623,"height":1080},{"@type":"BreadcrumbList","@id":"https:\/\/www.mozzarisella.com\/de\/zertifizierungen\/#breadcrumb","itemListElement":[{"@type":"ListItem","position":1,"name":"Home","item":"https:\/\/www.mozzarisella.com\/de\/"},{"@type":"ListItem","position":2,"name":"ZERTIFIZIERUNGEN"}]},{"@type":"WebSite","@id":"https:\/\/www.mozzarisella.com\/de\/#website","url":"https:\/\/www.mozzarisella.com\/de\/","name":"Mozzarisella","description":"La forza del germoglio di riso integrale Italiano","publisher":{"@id":"https:\/\/www.mozzarisella.com\/de\/#organization"},"potentialAction":[{"@type":"SearchAction","target":{"@type":"EntryPoint","urlTemplate":"https:\/\/www.mozzarisella.com\/de\/?s={search_term_string}"},"query-input":{"@type":"PropertyValueSpecification","valueRequired":true,"valueName":"search_term_string"}}],"inLanguage":"de"},{"@type":"Organization","@id":"https:\/\/www.mozzarisella.com\/de\/#organization","name":"Mozzarisella","url":"https:\/\/www.mozzarisella.com\/de\/","logo":{"@type":"ImageObject","inLanguage":"de","@id":"https:\/\/www.mozzarisella.com\/de\/#\/schema\/logo\/image\/","url":"https:\/\/www.mozzarisella.com\/wp-content\/uploads\/2019\/06\/mozzarisella-logo-mobile.png","contentUrl":"https:\/\/www.mozzarisella.com\/wp-content\/uploads\/2019\/06\/mozzarisella-logo-mobile.png","width":400,"height":259,"caption":"Mozzarisella"},"image":{"@id":"https:\/\/www.mozzarisella.com\/de\/#\/schema\/logo\/image\/"}}]}},"_links":{"self":[{"href":"https:\/\/www.mozzarisella.com\/de\/wp-json\/wp\/v2\/pages\/2132","targetHints":{"allow":["GET"]}}],"collection":[{"href":"https:\/\/www.mozzarisella.com\/de\/wp-json\/wp\/v2\/pages"}],"about":[{"href":"https:\/\/www.mozzarisella.com\/de\/wp-json\/wp\/v2\/types\/page"}],"author":[{"embeddable":true,"href":"https:\/\/www.mozzarisella.com\/de\/wp-json\/wp\/v2\/users\/5"}],"replies":[{"embeddable":true,"href":"https:\/\/www.mozzarisella.com\/de\/wp-json\/wp\/v2\/comments?post=2132"}],"version-history":[{"count":2,"href":"https:\/\/www.mozzarisella.com\/de\/wp-json\/wp\/v2\/pages\/2132\/revisions"}],"predecessor-version":[{"id":2564,"href":"https:\/\/www.mozzarisella.com\/de\/wp-json\/wp\/v2\/pages\/2132\/revisions\/2564"}],"wp:featuredmedia":[{"embeddable":true,"href":"https:\/\/www.mozzarisella.com\/de\/wp-json\/wp\/v2\/media\/2133"}],"wp:attachment":[{"href":"https:\/\/www.mozzarisella.com\/de\/wp-json\/wp\/v2\/media?parent=2132"}],"curies":[{"name":"wp","href":"https:\/\/api.w.org\/{rel}","templated":true}]}}