{"id":2135,"date":"2019-03-25T09:21:30","date_gmt":"2019-03-25T08:21:30","guid":{"rendered":"https:\/\/www.mozzarisella.com\/cose-mozzarisella\/"},"modified":"2019-09-23T12:17:18","modified_gmt":"2019-09-23T10:17:18","slug":"warum-mozzarisella","status":"publish","type":"page","link":"https:\/\/www.mozzarisella.com\/de\/warum-mozzarisella\/","title":{"rendered":"WARUM MOZZARISELLA"},"content":{"rendered":"\n<p><strong>Mozzarisella ist ein gro\u00dfartiges innovatives Projekt zur Entwicklung und Herstellung von 100% pflanzlichen Lebensmitteln.<\/strong><\/p>\n\n\n\n<p>Mozzarisella ist Leidenschaft und echte Innovation im Bereich der nat\u00fcrlichen Ern\u00e4hrung. Leckere Produkte aus der italienischen kulinarischen Tradition, zubereitet aus hochwertigen Rohstoffen und ohne<br> Verwendung von tierischen Derivaten, f\u00fcr die Erhaltung unserer Gesundheit, f\u00fcr das psycho-physische Wohlbefinden, f\u00fcr die \u00f6kologische Nachhaltigkeit und f\u00fcr die Liebe aller Tiere.<\/p>\n\n\n<p>[BSRow style=&#8220;margin-top:50px;&#8220;][BSCol classi=&#8220;col-12 col-lg-3&#8243;]<\/p>\n\n\n\n<p style=\"color:#cb9e4d;font-size:30px;text-align:right\" class=\"has-text-color side_title\"><strong>WAS UNS ANTREIBT<\/strong><\/p>\n\n\n<p>[\/BSCol][BSCol classi=&#8220;col-12 col-lg-9&#8243;]<\/p>\n\n\n\n<ul class=\"wp-block-list\"><li>Die Notwendigkeit, g\u00fcltige und gesunde Pflanzenalternativen zu finden;<\/li><li>Die Absicht, kein Tier auszubeuten;<\/li><li>Respekt und Umweltschutz.<\/li><\/ul>\n\n\n<p>[\/BSCol][\/BSRow][BSRow style=&#8220;margin-top:50px;&#8220;][BSCol classi=&#8220;col-12 col-lg-3&#8243;]<\/p>\n\n\n\n<p style=\"color:#cb9e4d;font-size:30px;text-align:right\" class=\"has-text-color side_title\"><strong>WAS WIR TUN<\/strong><\/p>\n\n\n<p>[\/BSCol][BSCol classi=&#8220;col-12 col-lg-9&#8243;]<\/p>\n\n\n\n<p>Kontinuierliche und leidenschaftliche Suche nach neuen leckeren Gerichten unter Verwendung sicherer Zutaten von h\u00f6chster Qualit\u00e4t und unter Einhaltung der Kriterien der \u00f6kologischen Nachhaltigkeit, der biologischen Vielfalt und unter vollst\u00e4ndiger Ber\u00fccksichtigung von Kulturpflanzen und Tieren.<\/p>\n\n\n<p>[\/BSCol][\/BSRow][BSRow style=&#8220;margin-top:50px;&#8220;][BSCol classi=&#8220;col-12 col-lg-3&#8243;]<\/p>\n\n\n\n<p style=\"color:#cb9e4d;font-size:30px;text-align:right\" class=\"has-text-color side_title\"><strong>UNSERE ZIELE<\/strong><\/p>\n\n\n<p>[\/BSCol][BSCol classi=&#8220;col-12 col-lg-9&#8243;]<\/p>\n\n\n\n<p>Dank der Unterst\u00fctzung von Experten f\u00fcr nachhaltige Landwirtschaft, Forschern und Ern\u00e4hrungswissenschaftlern, die in mehr als zehn Jahren Forschung zu einzigartigen Innovationen im Lebensmittelsektor gef\u00fchrt haben, m\u00f6chten wir ein immer gr\u00f6\u00dferes Sortiment von 100% pflanzlichen Produkten anbieten, bei denen stets die Garantie f\u00fcr Qualit\u00e4t und G\u00fcte im Vordergrund steht.<\/p>\n\n\n\n<p>Kundengesundheit, Leidenschaft f\u00fcr Innovation in Verbindung mit dem Respekt f\u00fcr die Umwelt stehen im Mittelpunkt unserer Vision.<\/p>\n\n\n\n<p>Die Wiederentdeckung des einzigartigen Wertes von Vollkorngetreiden als Grundnahrungsmittel f\u00fcr den Menschen und zur Erhaltung der Gesundheit hat uns veranlasst, die alten Werte des Reisanbaus wieder aufzunehmen.<\/p>\n\n\n<p>[\/BSCol][\/BSRow][BSRow style=&#8220;margin-top:50px;&#8220;][BSCol classi=&#8220;col-12 col-lg-3&#8243;]<\/p>\n\n\n\n<p style=\"color:#cb9e4d;font-size:30px;text-align:right\" class=\"has-text-color side_title\"><strong>AUS DIESEM GRUND HABEN WIR<\/strong><\/p>\n\n\n<p>[\/BSCol][BSCol classi=&#8220;col-12 col-lg-9&#8243;]<\/p>\n\n\n\n<p>die urspr\u00fcnglichen Methoden der Aussaat und Ernte unter Ber\u00fccksichtigung des Territoriums wiederhergestellt und die Bedeutung der Keimphase organischer Vollreisk\u00f6rner untersucht, um die Einzigartigkeit unserer Basis zu erreichen und 100% pflanzliche frische Alternativen zu schaffen.<\/p>\n\n\n\n<p>Dieses innovative und unvergleichliche Verfahren bewahrt alle nahrhaften und lebenswichtigen Bestandteile der K\u00f6rner, aus denen sie stammen, intakt und vollst\u00e4ndig.<\/p>\n\n\n\n<p>Das Bewusstsein, dass die Ver\u00e4nderung unserer Ern\u00e4hrungsgewohnheiten sowohl f\u00fcr Menschen als auch f\u00fcr Tiere und die Umwelt von Vorteil sein kann, ist die Grundlage f\u00fcr das Selbstwachstum und ist und bleibt der eigentliche Antrieb f\u00fcr kontinuierliche Forschung, um uns selbst zu verbessern. Das ist unsere Mission!<\/p>\n\n\n\n<p>Gut essen hei\u00dft, besser und l\u00e4nger zu leben und dabei den ganzen Planeten zu respektieren!<\/p>\n\n\n<p>[\/BSCol][\/BSRow]<\/p>\n","protected":false},"excerpt":{"rendered":"<p>Mozzarisella ist ein gro\u00dfartiges innovatives Projekt zur Entwicklung und Herstellung von 100% pflanzlichen Lebensmitteln. Mozzarisella ist Leidenschaft und echte Innovation im Bereich der nat\u00fcrlichen Ern\u00e4hrung. Leckere Produkte aus der italienischen kulinarischen Tradition, zubereitet aus hochwertigen Rohstoffen und ohne Verwendung von tierischen Derivaten, f\u00fcr die Erhaltung unserer Gesundheit, f\u00fcr das psycho-physische Wohlbefinden, f\u00fcr die \u00f6kologische Nachhaltigkeit [&hellip;]<\/p>\n","protected":false},"author":5,"featured_media":2136,"parent":0,"menu_order":0,"comment_status":"closed","ping_status":"closed","template":"","meta":{"_acf_changed":false,"footnotes":""},"class_list":["post-2135","page","type-page","status-publish","has-post-thumbnail","hentry"],"acf":[],"yoast_head":"<title>WARUM MOZZARISELLA<\/title>\n<meta name=\"robots\" content=\"index, follow, max-snippet:-1, max-image-preview:large, max-video-preview:-1\" \/>\n<link rel=\"canonical\" href=\"https:\/\/www.mozzarisella.com\/de\/warum-mozzarisella\/\" \/>\n<meta property=\"og:locale\" content=\"de_DE\" \/>\n<meta property=\"og:type\" content=\"article\" \/>\n<meta property=\"og:title\" content=\"WARUM MOZZARISELLA\" \/>\n<meta property=\"og:description\" content=\"Mozzarisella ist ein gro\u00dfartiges innovatives Projekt zur Entwicklung und Herstellung von 100% pflanzlichen Lebensmitteln. Mozzarisella ist Leidenschaft und echte Innovation im Bereich der nat\u00fcrlichen Ern\u00e4hrung. Leckere Produkte aus der italienischen kulinarischen Tradition, zubereitet aus hochwertigen Rohstoffen und ohne Verwendung von tierischen Derivaten, f\u00fcr die Erhaltung unserer Gesundheit, f\u00fcr das psycho-physische Wohlbefinden, f\u00fcr die \u00f6kologische Nachhaltigkeit [&hellip;]\" \/>\n<meta property=\"og:url\" content=\"https:\/\/www.mozzarisella.com\/de\/warum-mozzarisella\/\" \/>\n<meta property=\"og:site_name\" content=\"Mozzarisella\" \/>\n<meta property=\"article:modified_time\" content=\"2019-09-23T10:17:18+00:00\" \/>\n<meta property=\"og:image\" content=\"https:\/\/www.mozzarisella.com\/wp-content\/uploads\/2019\/05\/header-mozzarisella-cose.jpg\" \/>\n\t<meta property=\"og:image:width\" content=\"1681\" \/>\n\t<meta property=\"og:image:height\" content=\"1080\" \/>\n\t<meta property=\"og:image:type\" content=\"image\/jpeg\" \/>\n<meta name=\"twitter:card\" content=\"summary_large_image\" \/>\n<meta name=\"twitter:label1\" content=\"Gesch\u00e4tzte Lesezeit\" \/>\n\t<meta name=\"twitter:data1\" content=\"2\u00a0Minuten\" \/>\n<script type=\"application\/ld+json\" class=\"yoast-schema-graph\">{\"@context\":\"https:\/\/schema.org\",\"@graph\":[{\"@type\":\"WebPage\",\"@id\":\"https:\/\/www.mozzarisella.com\/de\/warum-mozzarisella\/\",\"url\":\"https:\/\/www.mozzarisella.com\/de\/warum-mozzarisella\/\",\"name\":\"WARUM MOZZARISELLA\",\"isPartOf\":{\"@id\":\"https:\/\/www.mozzarisella.com\/de\/#website\"},\"primaryImageOfPage\":{\"@id\":\"https:\/\/www.mozzarisella.com\/de\/warum-mozzarisella\/#primaryimage\"},\"image\":{\"@id\":\"https:\/\/www.mozzarisella.com\/de\/warum-mozzarisella\/#primaryimage\"},\"thumbnailUrl\":\"https:\/\/www.mozzarisella.com\/wp-content\/uploads\/2019\/05\/header-mozzarisella-cose.jpg\",\"datePublished\":\"2019-03-25T08:21:30+00:00\",\"dateModified\":\"2019-09-23T10:17:18+00:00\",\"breadcrumb\":{\"@id\":\"https:\/\/www.mozzarisella.com\/de\/warum-mozzarisella\/#breadcrumb\"},\"inLanguage\":\"de\",\"potentialAction\":[{\"@type\":\"ReadAction\",\"target\":[\"https:\/\/www.mozzarisella.com\/de\/warum-mozzarisella\/\"]}]},{\"@type\":\"ImageObject\",\"inLanguage\":\"de\",\"@id\":\"https:\/\/www.mozzarisella.com\/de\/warum-mozzarisella\/#primaryimage\",\"url\":\"https:\/\/www.mozzarisella.com\/wp-content\/uploads\/2019\/05\/header-mozzarisella-cose.jpg\",\"contentUrl\":\"https:\/\/www.mozzarisella.com\/wp-content\/uploads\/2019\/05\/header-mozzarisella-cose.jpg\",\"width\":1681,\"height\":1080},{\"@type\":\"BreadcrumbList\",\"@id\":\"https:\/\/www.mozzarisella.com\/de\/warum-mozzarisella\/#breadcrumb\",\"itemListElement\":[{\"@type\":\"ListItem\",\"position\":1,\"name\":\"Home\",\"item\":\"https:\/\/www.mozzarisella.com\/de\/\"},{\"@type\":\"ListItem\",\"position\":2,\"name\":\"WARUM MOZZARISELLA\"}]},{\"@type\":\"WebSite\",\"@id\":\"https:\/\/www.mozzarisella.com\/de\/#website\",\"url\":\"https:\/\/www.mozzarisella.com\/de\/\",\"name\":\"Mozzarisella\",\"description\":\"La forza del germoglio di riso integrale Italiano\",\"publisher\":{\"@id\":\"https:\/\/www.mozzarisella.com\/de\/#organization\"},\"potentialAction\":[{\"@type\":\"SearchAction\",\"target\":{\"@type\":\"EntryPoint\",\"urlTemplate\":\"https:\/\/www.mozzarisella.com\/de\/?s={search_term_string}\"},\"query-input\":{\"@type\":\"PropertyValueSpecification\",\"valueRequired\":true,\"valueName\":\"search_term_string\"}}],\"inLanguage\":\"de\"},{\"@type\":\"Organization\",\"@id\":\"https:\/\/www.mozzarisella.com\/de\/#organization\",\"name\":\"Mozzarisella\",\"url\":\"https:\/\/www.mozzarisella.com\/de\/\",\"logo\":{\"@type\":\"ImageObject\",\"inLanguage\":\"de\",\"@id\":\"https:\/\/www.mozzarisella.com\/de\/#\/schema\/logo\/image\/\",\"url\":\"https:\/\/www.mozzarisella.com\/wp-content\/uploads\/2019\/06\/mozzarisella-logo-mobile.png\",\"contentUrl\":\"https:\/\/www.mozzarisella.com\/wp-content\/uploads\/2019\/06\/mozzarisella-logo-mobile.png\",\"width\":400,\"height\":259,\"caption\":\"Mozzarisella\"},\"image\":{\"@id\":\"https:\/\/www.mozzarisella.com\/de\/#\/schema\/logo\/image\/\"}}]}<\/script>","yoast_head_json":{"title":"WARUM MOZZARISELLA","robots":{"index":"index","follow":"follow","max-snippet":"max-snippet:-1","max-image-preview":"max-image-preview:large","max-video-preview":"max-video-preview:-1"},"canonical":"https:\/\/www.mozzarisella.com\/de\/warum-mozzarisella\/","og_locale":"de_DE","og_type":"article","og_title":"WARUM MOZZARISELLA","og_description":"Mozzarisella ist ein gro\u00dfartiges innovatives Projekt zur Entwicklung und Herstellung von 100% pflanzlichen Lebensmitteln. Mozzarisella ist Leidenschaft und echte Innovation im Bereich der nat\u00fcrlichen Ern\u00e4hrung. Leckere Produkte aus der italienischen kulinarischen Tradition, zubereitet aus hochwertigen Rohstoffen und ohne Verwendung von tierischen Derivaten, f\u00fcr die Erhaltung unserer Gesundheit, f\u00fcr das psycho-physische Wohlbefinden, f\u00fcr die \u00f6kologische Nachhaltigkeit [&hellip;]","og_url":"https:\/\/www.mozzarisella.com\/de\/warum-mozzarisella\/","og_site_name":"Mozzarisella","article_modified_time":"2019-09-23T10:17:18+00:00","og_image":[{"width":1681,"height":1080,"url":"https:\/\/www.mozzarisella.com\/wp-content\/uploads\/2019\/05\/header-mozzarisella-cose.jpg","type":"image\/jpeg"}],"twitter_card":"summary_large_image","twitter_misc":{"Gesch\u00e4tzte Lesezeit":"2\u00a0Minuten"},"schema":{"@context":"https:\/\/schema.org","@graph":[{"@type":"WebPage","@id":"https:\/\/www.mozzarisella.com\/de\/warum-mozzarisella\/","url":"https:\/\/www.mozzarisella.com\/de\/warum-mozzarisella\/","name":"WARUM MOZZARISELLA","isPartOf":{"@id":"https:\/\/www.mozzarisella.com\/de\/#website"},"primaryImageOfPage":{"@id":"https:\/\/www.mozzarisella.com\/de\/warum-mozzarisella\/#primaryimage"},"image":{"@id":"https:\/\/www.mozzarisella.com\/de\/warum-mozzarisella\/#primaryimage"},"thumbnailUrl":"https:\/\/www.mozzarisella.com\/wp-content\/uploads\/2019\/05\/header-mozzarisella-cose.jpg","datePublished":"2019-03-25T08:21:30+00:00","dateModified":"2019-09-23T10:17:18+00:00","breadcrumb":{"@id":"https:\/\/www.mozzarisella.com\/de\/warum-mozzarisella\/#breadcrumb"},"inLanguage":"de","potentialAction":[{"@type":"ReadAction","target":["https:\/\/www.mozzarisella.com\/de\/warum-mozzarisella\/"]}]},{"@type":"ImageObject","inLanguage":"de","@id":"https:\/\/www.mozzarisella.com\/de\/warum-mozzarisella\/#primaryimage","url":"https:\/\/www.mozzarisella.com\/wp-content\/uploads\/2019\/05\/header-mozzarisella-cose.jpg","contentUrl":"https:\/\/www.mozzarisella.com\/wp-content\/uploads\/2019\/05\/header-mozzarisella-cose.jpg","width":1681,"height":1080},{"@type":"BreadcrumbList","@id":"https:\/\/www.mozzarisella.com\/de\/warum-mozzarisella\/#breadcrumb","itemListElement":[{"@type":"ListItem","position":1,"name":"Home","item":"https:\/\/www.mozzarisella.com\/de\/"},{"@type":"ListItem","position":2,"name":"WARUM MOZZARISELLA"}]},{"@type":"WebSite","@id":"https:\/\/www.mozzarisella.com\/de\/#website","url":"https:\/\/www.mozzarisella.com\/de\/","name":"Mozzarisella","description":"La forza del germoglio di riso integrale Italiano","publisher":{"@id":"https:\/\/www.mozzarisella.com\/de\/#organization"},"potentialAction":[{"@type":"SearchAction","target":{"@type":"EntryPoint","urlTemplate":"https:\/\/www.mozzarisella.com\/de\/?s={search_term_string}"},"query-input":{"@type":"PropertyValueSpecification","valueRequired":true,"valueName":"search_term_string"}}],"inLanguage":"de"},{"@type":"Organization","@id":"https:\/\/www.mozzarisella.com\/de\/#organization","name":"Mozzarisella","url":"https:\/\/www.mozzarisella.com\/de\/","logo":{"@type":"ImageObject","inLanguage":"de","@id":"https:\/\/www.mozzarisella.com\/de\/#\/schema\/logo\/image\/","url":"https:\/\/www.mozzarisella.com\/wp-content\/uploads\/2019\/06\/mozzarisella-logo-mobile.png","contentUrl":"https:\/\/www.mozzarisella.com\/wp-content\/uploads\/2019\/06\/mozzarisella-logo-mobile.png","width":400,"height":259,"caption":"Mozzarisella"},"image":{"@id":"https:\/\/www.mozzarisella.com\/de\/#\/schema\/logo\/image\/"}}]}},"_links":{"self":[{"href":"https:\/\/www.mozzarisella.com\/de\/wp-json\/wp\/v2\/pages\/2135","targetHints":{"allow":["GET"]}}],"collection":[{"href":"https:\/\/www.mozzarisella.com\/de\/wp-json\/wp\/v2\/pages"}],"about":[{"href":"https:\/\/www.mozzarisella.com\/de\/wp-json\/wp\/v2\/types\/page"}],"author":[{"embeddable":true,"href":"https:\/\/www.mozzarisella.com\/de\/wp-json\/wp\/v2\/users\/5"}],"replies":[{"embeddable":true,"href":"https:\/\/www.mozzarisella.com\/de\/wp-json\/wp\/v2\/comments?post=2135"}],"version-history":[{"count":1,"href":"https:\/\/www.mozzarisella.com\/de\/wp-json\/wp\/v2\/pages\/2135\/revisions"}],"predecessor-version":[{"id":2565,"href":"https:\/\/www.mozzarisella.com\/de\/wp-json\/wp\/v2\/pages\/2135\/revisions\/2565"}],"wp:featuredmedia":[{"embeddable":true,"href":"https:\/\/www.mozzarisella.com\/de\/wp-json\/wp\/v2\/media\/2136"}],"wp:attachment":[{"href":"https:\/\/www.mozzarisella.com\/de\/wp-json\/wp\/v2\/media?parent=2135"}],"curies":[{"name":"wp","href":"https:\/\/api.w.org\/{rel}","templated":true}]}}