{"id":2153,"date":"2019-03-13T14:24:46","date_gmt":"2019-03-13T13:24:46","guid":{"rendered":"https:\/\/www.mozzarisella.com\/riso-integrale-italiano-germogliato\/"},"modified":"2021-09-13T09:41:56","modified_gmt":"2021-09-13T07:41:56","slug":"die-kraft-des-sprosses","status":"publish","type":"page","link":"https:\/\/www.mozzarisella.com\/de\/die-kraft-des-sprosses\/","title":{"rendered":"DIE KRAFT DES SPROSSES"},"content":{"rendered":"<p>[BSRow][BSCol classi=&#8220;col-12 col-lg-3&#8243; bottom=0]<\/p>\n\n\n\n<p class=\"has-text-align-right side_title has-text-color\" style=\"color:#cb9e4d;font-size:30px\"><strong>ITALIENISCHER GEKEIMTER VOLLKORNREIS<\/strong><\/p>\n\n\n<p>[\/BSCol][BSCol classi=&#8220;col-12 col-lg-9&#8243;]<\/p>\n\n\n\n<p><strong>Der Reisanbau beginnt in Fernost, um sich sp\u00e4ter in den Westen auszudehnen<\/strong>: In Italien scheint<br> er in j\u00fcngerer Zeit entstanden zu sein, da er im Jahr 400 nur als sehr teure Importspezialit\u00e4t aus  dem fernen Indien bekannt war und sogar von den Apothekern der Serenissima als gesundes  Lebensmittel verkauft war. <strong>Brauner Reis ist ein Getreide, das von vielen Ern\u00e4hrungswissenschaftlern wegen seiner vielen Vorz\u00fcge empfohlen wird<\/strong>.<\/p>\n\n\n\n<p>Durch die nat\u00fcrliche Keimung werden der Samen von Vollkornreis (italienischer Herkunft) aktiviert; der Vollkornreis wird nur mit Quellwasser, das in 600 Metern H\u00f6he im Herzen des Parks<br>Lessinia in den Dolomiten flie\u00dft, gekeimt.<\/p>\n\n\n\n<hr class=\"wp-block-separator hr_gold\"\/>\n\n\n\n<p class=\"has-medium-font-size\">In dieser Phase, wenn die Sprossen ihre maximale Vitalit\u00e4t erreicht haben, wird der gekeimte  braune Reis in einen k\u00f6stlichen und ausgewogenen &#8222;pflanzliches Getr\u00e4nk&#8220; verwandelt, BioSuRice.<br>Laboranalysen best\u00e4tigen das Vorhandensein der wertvollen und ausgewogenen N\u00e4hrstoffe vom<br>gekeimten Vollkornreis, die f\u00fcr das Wohlbefinden n\u00fctzlich sind.<\/p>\n\n\n\n<hr class=\"wp-block-separator hr_gold\"\/>\n\n\n\n<p>Die Zusammensetzung unseres Bio SuRice enth\u00e4lt Aminos\u00e4uren, von denen 8 essentiell sind, und wertvolle Mikron\u00e4hrstoffe.<\/p>\n\n\n\n<p>In F\u00e4llen von M\u00fcdigkeit und Genesung wurde seit jeher brauner Reis verwendet, da er <strong>nahrhaft, erfrischend und leicht verdaulich ist<\/strong>. In seiner gekeimten Form zeichnet er sich durch Vielfalt und Reichtum an Mikron\u00e4hrstoffen aus.<br>Neben einem <strong>guten Prozentsatz an Proteinen<\/strong>, komplexen Kohlenhydraten und Ballaststoffen enth\u00e4lt er <strong>wertvolle Mineralien<\/strong> wie Phosphor, Magnesium, Kalium, Calcium, Eisen, Zink und Selen, die zum korrekten elektronischen Gleichgewicht des K\u00f6rpers beitragen und in zahlreichen<br>F\u00e4llen als Katalysator-Co-Elemente in zellul\u00e4ren Prozessen wirken, die das reibungslose Funktionieren des Energiestoffwechsels, des Gewebetropismus und des Immunsystems unterst\u00fctzen. Dar\u00fcber hinaus enth\u00e4lt Vollkornreis <strong>essentielle Polyaminos\u00e4uren<\/strong>, dh die Aminos\u00e4uren, die der K\u00f6rper nicht synthetisieren kann und die daher mit der Nahrung<br> einzunehmen sind, und auch Substanzen wie Gamma-Oryzanol, das f\u00fcr ihre <strong>positiven Auswirkungen auf den Fettstoffwechsel und insbesondere auf das Cholesterin bekannt ist<\/strong>.<br>Gekeimtes Getreide ist ein Beispiel f\u00fcr die au\u00dfergew\u00f6hnliche F\u00e4higkeit der Natur, Energie zu produzieren. <strong>Die Keimung ist ein au\u00dfergew\u00f6hnlicher nat\u00fcrlicher Prozess, der einen gro\u00dfen Energiefluss aktivieren kann<\/strong>, der f\u00fcr das Wachstum der Pflanze erforderlich ist. Diese Energie verwandelt einen N\u00e4hrstoff, den Samen, in einen Supern\u00e4hrstoff, den Spross.<\/p>\n\n\n<p>[\/BSCol][\/BSRow]<\/p>\n\n\n\n<iframe loading=\"lazy\" width=\"100%\" height=\"700\" src=\"https:\/\/www.youtube.com\/embed\/-bGYHq-Vdqk\" frameborder=\"0\" allow=\"accelerometer; autoplay; encrypted-media; gyroscope; picture-in-picture\" allowfullscreen=\"\"><\/iframe>\n\n\n<p>[BSRow style=&#8220;margin-top:50px;&#8220;][BSCol classi=&#8220;col-12 col-lg-3&#8243; bottom=0]<\/p>\n\n\n\n<p class=\"has-text-align-right side_title has-text-color\" style=\"color:#cb9e4d;font-size:30px\"><strong>DIE KRAFT DES SPROSSES VON ITALIENISCHEM VOLLKORNREIS<\/strong><\/p>\n\n\n<p>[\/BSCol][BSCol classi=&#8220;col-12 col-lg-9&#8243;]<\/p>\n\n\n\n<p>Gekeimtes Getreide ist ein Beispiel f\u00fcr die au\u00dfergew\u00f6hnliche F\u00e4higkeit der Natur, Energie zu produzieren.&nbsp;<strong>Die Keimung ist ein au\u00dfergew\u00f6hnlicher nat\u00fcrlicher Prozess, der einen gro\u00dfen Energiefluss aktivieren kann<\/strong>, der f\u00fcr das Wachstum der Pflanze erforderlich ist.&nbsp;Diese Energie verwandelt einen N\u00e4hrstoff, den Samen, in einen Supern\u00e4hrstoff, den Spross. <\/p>\n\n\n\n<hr class=\"wp-block-separator hr_gold\"\/>\n\n\n\n<p class=\"has-medium-font-size\"><strong>Warum der Spross?<\/strong><\/p>\n\n\n\n<ul class=\"wp-block-list\"><li> Weil Sprosse nahrhafter sind: Sie enthalten einen hohen Prozentsatz (bis zu 100% mehr als der rohe Samen) an Proteinen, Vitaminen, Mineralsalzen und anderen gesunden Substanzen wie Fasern und essentiellen Fetts\u00e4uren;<\/li><\/ul>\n\n\n\n<ul class=\"wp-block-list\"><li>Weil Sprosse leichter zu verdauen sind: Getreideproteine werden einer Umwandlung unterzogen, da sie von Enzymen \u201cvorverdaut\u201d werden, so dass sie in Aminos\u00e4uren zerfallen, die leichter zu verdauen sind. Dar\u00fcber hinaus werden eventuelle vorhandene<br> ern\u00e4hrungshemmende Substanzen (z. B. Phytate) erheblich reduziert;<br> <\/li><li>Weil Sprosse dem K\u00f6rper helfen, richtig zu funktionieren: Sprosse enthalten lebende und lebenswichtige Enzyme, die dem K\u00f6rper helfen, gesund zu bleiben,<br><\/li><li>Weil Sprosse alkalisieren und die Versauerung des K\u00f6rpers bek\u00e4mpfen. <\/li><\/ul>\n\n\n\n<hr class=\"wp-block-separator hr_gold\"\/>\n\n\n\n<p>Der Keimungsprozess l\u00f6st das genetische Programm des Samens aus, das aktiviert wird, um zahlreiche biochemische Reaktionen auszul\u00f6sen, die wiederum die N\u00e4hrstoffe verdaulicher<br> machen. Dar\u00fcber hinaus werden die eventuell vorhandenen ern\u00e4hrungshemmenden Substanzen (z. B. die Phytate) erheblich reduziert, w\u00e4hrend Vitamine und Mineralstoffe vermehrt werden.<br> Bei der Keimung werden komplexe Kohlenhydrate in einfache Zucker umgewandelt und die enzymatischen Elemente aktiviert. Dies bedeutet, dass die gekeimten Produkte vorher verdaut werden, da einige typische Dynamiken von Verdauungsprozessen vor der eigentlichen<br> Nahrungsaufnahme stattfinden. Aus diesem Grund eignen sie sich besonders f\u00fcr Kinder, \u00e4ltere Menschen und f\u00fcr geschw\u00e4chte Personen im Allgemeinen.<\/p>\n\n\n\n<p>Gerade bei der Umwandlung der in jedem Samen enthaltenen Reservesubstanzen finden die zahlreichen und komplexen biochemischen Umwandlungen statt, die dem Spross seinen Substanzreichtum verleihen: es wird ein wahres Konzentrat von N\u00e4hrstoffen, die vom K\u00f6rper leichter verdaut und assimiliert werden k\u00f6nnen; deshalb sind Getreide und gekeimte H\u00fclsenfr\u00fcchte viel besser verdaulich als die Ursprungssamen.<\/p>\n\n\n<p>[\/BSCol][\/BSRow]<\/p>\n","protected":false},"excerpt":{"rendered":"<p>ITALIENISCHER GEKEIMTER VOLLKORNREIS Der Reisanbau beginnt in Fernost, um sich sp\u00e4ter in den Westen auszudehnen: In Italien scheint er in j\u00fcngerer Zeit entstanden zu sein, da er im Jahr 400 nur als sehr teure Importspezialit\u00e4t aus dem fernen Indien bekannt war und sogar von den Apothekern der Serenissima als gesundes Lebensmittel verkauft war. Brauner Reis [&hellip;]<\/p>\n","protected":false},"author":5,"featured_media":2155,"parent":0,"menu_order":0,"comment_status":"closed","ping_status":"closed","template":"","meta":{"_acf_changed":false,"footnotes":""},"class_list":["post-2153","page","type-page","status-publish","has-post-thumbnail","hentry"],"acf":[],"yoast_head":"<title>DIE KRAFT DES SPROSSES<\/title>\n<meta name=\"robots\" content=\"index, follow, max-snippet:-1, max-image-preview:large, max-video-preview:-1\" \/>\n<link rel=\"canonical\" href=\"https:\/\/www.mozzarisella.com\/de\/die-kraft-des-sprosses\/\" \/>\n<meta property=\"og:locale\" content=\"de_DE\" \/>\n<meta property=\"og:type\" content=\"article\" \/>\n<meta property=\"og:title\" content=\"DIE KRAFT DES SPROSSES\" \/>\n<meta property=\"og:description\" content=\"ITALIENISCHER GEKEIMTER VOLLKORNREIS Der Reisanbau beginnt in Fernost, um sich sp\u00e4ter in den Westen auszudehnen: In Italien scheint er in j\u00fcngerer Zeit entstanden zu sein, da er im Jahr 400 nur als sehr teure Importspezialit\u00e4t aus dem fernen Indien bekannt war und sogar von den Apothekern der Serenissima als gesundes Lebensmittel verkauft war. Brauner Reis [&hellip;]\" \/>\n<meta property=\"og:url\" content=\"https:\/\/www.mozzarisella.com\/de\/die-kraft-des-sprosses\/\" \/>\n<meta property=\"og:site_name\" content=\"Mozzarisella\" \/>\n<meta property=\"article:modified_time\" content=\"2021-09-13T07:41:56+00:00\" \/>\n<meta property=\"og:image\" content=\"https:\/\/www.mozzarisella.com\/wp-content\/uploads\/2019\/05\/header-forza-del-germoglio-zoom.jpg\" \/>\n\t<meta property=\"og:image:width\" content=\"1920\" \/>\n\t<meta property=\"og:image:height\" content=\"1080\" \/>\n\t<meta property=\"og:image:type\" content=\"image\/jpeg\" \/>\n<meta name=\"twitter:card\" content=\"summary_large_image\" \/>\n<meta name=\"twitter:label1\" content=\"Gesch\u00e4tzte Lesezeit\" \/>\n\t<meta name=\"twitter:data1\" content=\"4\u00a0Minuten\" \/>\n<script type=\"application\/ld+json\" class=\"yoast-schema-graph\">{\"@context\":\"https:\/\/schema.org\",\"@graph\":[{\"@type\":\"WebPage\",\"@id\":\"https:\/\/www.mozzarisella.com\/de\/die-kraft-des-sprosses\/\",\"url\":\"https:\/\/www.mozzarisella.com\/de\/die-kraft-des-sprosses\/\",\"name\":\"DIE KRAFT DES SPROSSES\",\"isPartOf\":{\"@id\":\"https:\/\/www.mozzarisella.com\/de\/#website\"},\"primaryImageOfPage\":{\"@id\":\"https:\/\/www.mozzarisella.com\/de\/die-kraft-des-sprosses\/#primaryimage\"},\"image\":{\"@id\":\"https:\/\/www.mozzarisella.com\/de\/die-kraft-des-sprosses\/#primaryimage\"},\"thumbnailUrl\":\"https:\/\/www.mozzarisella.com\/wp-content\/uploads\/2019\/05\/header-forza-del-germoglio-zoom.jpg\",\"datePublished\":\"2019-03-13T13:24:46+00:00\",\"dateModified\":\"2021-09-13T07:41:56+00:00\",\"breadcrumb\":{\"@id\":\"https:\/\/www.mozzarisella.com\/de\/die-kraft-des-sprosses\/#breadcrumb\"},\"inLanguage\":\"de\",\"potentialAction\":[{\"@type\":\"ReadAction\",\"target\":[\"https:\/\/www.mozzarisella.com\/de\/die-kraft-des-sprosses\/\"]}]},{\"@type\":\"ImageObject\",\"inLanguage\":\"de\",\"@id\":\"https:\/\/www.mozzarisella.com\/de\/die-kraft-des-sprosses\/#primaryimage\",\"url\":\"https:\/\/www.mozzarisella.com\/wp-content\/uploads\/2019\/05\/header-forza-del-germoglio-zoom.jpg\",\"contentUrl\":\"https:\/\/www.mozzarisella.com\/wp-content\/uploads\/2019\/05\/header-forza-del-germoglio-zoom.jpg\",\"width\":1920,\"height\":1080},{\"@type\":\"BreadcrumbList\",\"@id\":\"https:\/\/www.mozzarisella.com\/de\/die-kraft-des-sprosses\/#breadcrumb\",\"itemListElement\":[{\"@type\":\"ListItem\",\"position\":1,\"name\":\"Home\",\"item\":\"https:\/\/www.mozzarisella.com\/de\/\"},{\"@type\":\"ListItem\",\"position\":2,\"name\":\"DIE KRAFT DES SPROSSES\"}]},{\"@type\":\"WebSite\",\"@id\":\"https:\/\/www.mozzarisella.com\/de\/#website\",\"url\":\"https:\/\/www.mozzarisella.com\/de\/\",\"name\":\"Mozzarisella\",\"description\":\"La forza del germoglio di riso integrale Italiano\",\"publisher\":{\"@id\":\"https:\/\/www.mozzarisella.com\/de\/#organization\"},\"potentialAction\":[{\"@type\":\"SearchAction\",\"target\":{\"@type\":\"EntryPoint\",\"urlTemplate\":\"https:\/\/www.mozzarisella.com\/de\/?s={search_term_string}\"},\"query-input\":{\"@type\":\"PropertyValueSpecification\",\"valueRequired\":true,\"valueName\":\"search_term_string\"}}],\"inLanguage\":\"de\"},{\"@type\":\"Organization\",\"@id\":\"https:\/\/www.mozzarisella.com\/de\/#organization\",\"name\":\"Mozzarisella\",\"url\":\"https:\/\/www.mozzarisella.com\/de\/\",\"logo\":{\"@type\":\"ImageObject\",\"inLanguage\":\"de\",\"@id\":\"https:\/\/www.mozzarisella.com\/de\/#\/schema\/logo\/image\/\",\"url\":\"https:\/\/www.mozzarisella.com\/wp-content\/uploads\/2019\/06\/mozzarisella-logo-mobile.png\",\"contentUrl\":\"https:\/\/www.mozzarisella.com\/wp-content\/uploads\/2019\/06\/mozzarisella-logo-mobile.png\",\"width\":400,\"height\":259,\"caption\":\"Mozzarisella\"},\"image\":{\"@id\":\"https:\/\/www.mozzarisella.com\/de\/#\/schema\/logo\/image\/\"}}]}<\/script>","yoast_head_json":{"title":"DIE KRAFT DES SPROSSES","robots":{"index":"index","follow":"follow","max-snippet":"max-snippet:-1","max-image-preview":"max-image-preview:large","max-video-preview":"max-video-preview:-1"},"canonical":"https:\/\/www.mozzarisella.com\/de\/die-kraft-des-sprosses\/","og_locale":"de_DE","og_type":"article","og_title":"DIE KRAFT DES SPROSSES","og_description":"ITALIENISCHER GEKEIMTER VOLLKORNREIS Der Reisanbau beginnt in Fernost, um sich sp\u00e4ter in den Westen auszudehnen: In Italien scheint er in j\u00fcngerer Zeit entstanden zu sein, da er im Jahr 400 nur als sehr teure Importspezialit\u00e4t aus dem fernen Indien bekannt war und sogar von den Apothekern der Serenissima als gesundes Lebensmittel verkauft war. Brauner Reis [&hellip;]","og_url":"https:\/\/www.mozzarisella.com\/de\/die-kraft-des-sprosses\/","og_site_name":"Mozzarisella","article_modified_time":"2021-09-13T07:41:56+00:00","og_image":[{"width":1920,"height":1080,"url":"https:\/\/www.mozzarisella.com\/wp-content\/uploads\/2019\/05\/header-forza-del-germoglio-zoom.jpg","type":"image\/jpeg"}],"twitter_card":"summary_large_image","twitter_misc":{"Gesch\u00e4tzte Lesezeit":"4\u00a0Minuten"},"schema":{"@context":"https:\/\/schema.org","@graph":[{"@type":"WebPage","@id":"https:\/\/www.mozzarisella.com\/de\/die-kraft-des-sprosses\/","url":"https:\/\/www.mozzarisella.com\/de\/die-kraft-des-sprosses\/","name":"DIE KRAFT DES SPROSSES","isPartOf":{"@id":"https:\/\/www.mozzarisella.com\/de\/#website"},"primaryImageOfPage":{"@id":"https:\/\/www.mozzarisella.com\/de\/die-kraft-des-sprosses\/#primaryimage"},"image":{"@id":"https:\/\/www.mozzarisella.com\/de\/die-kraft-des-sprosses\/#primaryimage"},"thumbnailUrl":"https:\/\/www.mozzarisella.com\/wp-content\/uploads\/2019\/05\/header-forza-del-germoglio-zoom.jpg","datePublished":"2019-03-13T13:24:46+00:00","dateModified":"2021-09-13T07:41:56+00:00","breadcrumb":{"@id":"https:\/\/www.mozzarisella.com\/de\/die-kraft-des-sprosses\/#breadcrumb"},"inLanguage":"de","potentialAction":[{"@type":"ReadAction","target":["https:\/\/www.mozzarisella.com\/de\/die-kraft-des-sprosses\/"]}]},{"@type":"ImageObject","inLanguage":"de","@id":"https:\/\/www.mozzarisella.com\/de\/die-kraft-des-sprosses\/#primaryimage","url":"https:\/\/www.mozzarisella.com\/wp-content\/uploads\/2019\/05\/header-forza-del-germoglio-zoom.jpg","contentUrl":"https:\/\/www.mozzarisella.com\/wp-content\/uploads\/2019\/05\/header-forza-del-germoglio-zoom.jpg","width":1920,"height":1080},{"@type":"BreadcrumbList","@id":"https:\/\/www.mozzarisella.com\/de\/die-kraft-des-sprosses\/#breadcrumb","itemListElement":[{"@type":"ListItem","position":1,"name":"Home","item":"https:\/\/www.mozzarisella.com\/de\/"},{"@type":"ListItem","position":2,"name":"DIE KRAFT DES SPROSSES"}]},{"@type":"WebSite","@id":"https:\/\/www.mozzarisella.com\/de\/#website","url":"https:\/\/www.mozzarisella.com\/de\/","name":"Mozzarisella","description":"La forza del germoglio di riso integrale Italiano","publisher":{"@id":"https:\/\/www.mozzarisella.com\/de\/#organization"},"potentialAction":[{"@type":"SearchAction","target":{"@type":"EntryPoint","urlTemplate":"https:\/\/www.mozzarisella.com\/de\/?s={search_term_string}"},"query-input":{"@type":"PropertyValueSpecification","valueRequired":true,"valueName":"search_term_string"}}],"inLanguage":"de"},{"@type":"Organization","@id":"https:\/\/www.mozzarisella.com\/de\/#organization","name":"Mozzarisella","url":"https:\/\/www.mozzarisella.com\/de\/","logo":{"@type":"ImageObject","inLanguage":"de","@id":"https:\/\/www.mozzarisella.com\/de\/#\/schema\/logo\/image\/","url":"https:\/\/www.mozzarisella.com\/wp-content\/uploads\/2019\/06\/mozzarisella-logo-mobile.png","contentUrl":"https:\/\/www.mozzarisella.com\/wp-content\/uploads\/2019\/06\/mozzarisella-logo-mobile.png","width":400,"height":259,"caption":"Mozzarisella"},"image":{"@id":"https:\/\/www.mozzarisella.com\/de\/#\/schema\/logo\/image\/"}}]}},"_links":{"self":[{"href":"https:\/\/www.mozzarisella.com\/de\/wp-json\/wp\/v2\/pages\/2153","targetHints":{"allow":["GET"]}}],"collection":[{"href":"https:\/\/www.mozzarisella.com\/de\/wp-json\/wp\/v2\/pages"}],"about":[{"href":"https:\/\/www.mozzarisella.com\/de\/wp-json\/wp\/v2\/types\/page"}],"author":[{"embeddable":true,"href":"https:\/\/www.mozzarisella.com\/de\/wp-json\/wp\/v2\/users\/5"}],"replies":[{"embeddable":true,"href":"https:\/\/www.mozzarisella.com\/de\/wp-json\/wp\/v2\/comments?post=2153"}],"version-history":[{"count":4,"href":"https:\/\/www.mozzarisella.com\/de\/wp-json\/wp\/v2\/pages\/2153\/revisions"}],"predecessor-version":[{"id":3679,"href":"https:\/\/www.mozzarisella.com\/de\/wp-json\/wp\/v2\/pages\/2153\/revisions\/3679"}],"wp:featuredmedia":[{"embeddable":true,"href":"https:\/\/www.mozzarisella.com\/de\/wp-json\/wp\/v2\/media\/2155"}],"wp:attachment":[{"href":"https:\/\/www.mozzarisella.com\/de\/wp-json\/wp\/v2\/media?parent=2153"}],"curies":[{"name":"wp","href":"https:\/\/api.w.org\/{rel}","templated":true}]}}