{"id":2111,"date":"2019-06-26T15:23:27","date_gmt":"2019-06-26T13:23:27","guid":{"rendered":"https:\/\/www.mozzarisella.com\/product\/cremoso\/"},"modified":"2022-10-25T12:31:37","modified_gmt":"2022-10-25T10:31:37","slug":"spreadable-cremoso","status":"publish","type":"product","link":"https:\/\/www.mozzarisella.com\/de\/produkte\/spreadable-cremoso\/","title":{"rendered":"Mozzarisella Spreadable Cremoso"},"content":{"rendered":"\n<p class=\"has-text-color\" style=\"color:#cb9e4d;font-size:18px\"><strong>EIGENSCHAFTEN<\/strong><\/p>\n\n\n\n<p>Wie alle unsere Produkte ist Cremoso ein frisches pflanzliches Lebensmittel, das keine Konservierungsstoffe oder Farbstoffe enth\u00e4lt. In der Produktion werden keine Chemikalien oder synthetischen Molek\u00fcle verwendet und die Hauptzutaten sind durch die Europ\u00e4ische Verordnung<br> f\u00fcr den biologischen Landbau zertifiziert.<\/p>\n\n\n\n<p class=\"has-text-color\" style=\"color:#cb9e4d;font-size:18px\"><strong>GEBRAUCHSANWEISUNG<\/strong><\/p>\n\n\n\n<p>Leicht, zart, weich und streichf\u00e4hig. Aufgrund seiner cremigen Konsistenz eignet es sich perfekt als Aufstrich auf Sandwiches, Tramezzini, Bruschettas und Toasts. Und warum nicht unser Cremoso zum Aperitif mit einem Steckbrot direkt aus der Pfanne nehmen? Passt gut zu Fr\u00fcchten wie<br> Heidelbeeren, Erdbeeren, Himbeeren und getrockneten Fr\u00fcchten wie Waln\u00fcssen, Pistazien, Haseln\u00fcssen und Mandeln. Ideal mit knusprigem Gem\u00fcse wie Fenchel, Sellerie, Radieschen, Karotten. Dank seines neutralen Geschmacks eignet es sich auch zur Zubereitung von Desserts wie<br> Cheesecakes oder cremigen Desserts. Ideal f\u00fcr Kinder als Gew\u00fcrz von kurzen oder langen Nudeln mit ein wenig \u00d6l und Salz! Nach dem \u00d6ffnen sollte es innerhalb weniger Tage als normales Frischprodukt verzehrt werden.<\/p>\n\n\n\n<hr class=\"wp-block-separator\"\/>\n\n\n\n<div style=\"line-height: 20px;\"><strong>100% PFLANZLICHE LEBENSMITTELZUBEREITUNG<\/strong><\/div><div style=\"line-height: 20px;margin-bottom:15px;\"><strong>AUF BASIS VON GEKEIMTEM VOLLKORNREIS<\/strong><\/div>\n\n\n\n<p>Zutaten: Zubereitung auf Basis von Bio SuRice \u00ae* 46% (Wasser, gekeimter Vollkornreis* 20,8%,<br> Salz, Apfelessig<em>), Wasser, kaltgepresstes Kokos\u00f6l<\/em>, Inulin<em>, Reissirup<\/em>, Zitronensaft<em>. Verdickungsmittel: Agar-Agar<\/em>, Xanthan-Gummi<em>, Johannisbrotkernmehl<\/em>.<\/p>\n\n\n\n<p>*(AUS BIOLOGISCHEM ANBAU).<br> GEWICHT: 150g<\/p>\n\n\n\n<p><\/p>\n\n\n\n<hr class=\"wp-block-separator\"\/>\n\n\n\n<p><strong>Durchschnittliche N\u00e4hrwertangaben<br><\/strong>Pro 100 g<\/p>\n\n\n\n<p> <\/p>\n\n\n\n<figure class=\"wp-block-table\"><table><tbody><tr><td>Energie<\/td><td>220 kcal<br>909 kJ <\/td><\/tr><tr><td>Fett<br> davon ges\u00e4ttigte Fetts\u00e4uren<br><\/td><td>20,0 g<br>18,2 g  <\/td><\/tr><tr><td>Kohlenhydrate<br> davon Zucker<\/td><td>7,5 g<br>0,8 g <\/td><\/tr><tr><td>Ballaststoffe<\/td><td>3,1 g<\/td><\/tr><tr><td>Protein<\/td><td>0,9 g<\/td><\/tr><tr><td>SalZ<\/td><td>1,3 g<\/td><\/tr><tr><td>Cholesterin<\/td><td>0,0 g<\/td><\/tr><\/tbody><\/table><\/figure>\n\n\n\n<p><strong>Bei Unvertr\u00e4glichkeit gegen\u00fcber Milch und Derivaten angezeigt<\/strong><\/p>\n","protected":false},"excerpt":{"rendered":"<p>Frisch und streichf\u00e4hig<br \/>f\u00fcr s\u00fc\u00dfe und herzhafte Rezepte<br \/><strong>150g<\/strong><\/p>\n","protected":false},"author":5,"featured_media":3777,"parent":0,"menu_order":41,"template":"","format":"standard","meta":{"_acf_changed":false,"footnotes":""},"product_cat":[51],"class_list":["post-2111","product","type-product","status-publish","format-standard","has-post-thumbnail","hentry","product_cat-mozzarisella"],"acf":[],"yoast_head":"<title>Mozzarisella Spreadable Cremoso<\/title>\n<meta name=\"robots\" content=\"index, follow, max-snippet:-1, max-image-preview:large, max-video-preview:-1\" \/>\n<link rel=\"canonical\" href=\"https:\/\/www.mozzarisella.com\/de\/produkte\/spreadable-cremoso\/\" \/>\n<meta property=\"og:locale\" content=\"de_DE\" \/>\n<meta property=\"og:type\" content=\"article\" \/>\n<meta property=\"og:title\" content=\"Mozzarisella Spreadable Cremoso\" \/>\n<meta property=\"og:description\" content=\"Frisch und streichf\u00e4higf\u00fcr s\u00fc\u00dfe und herzhafte Rezepte150g\" \/>\n<meta property=\"og:url\" content=\"https:\/\/www.mozzarisella.com\/de\/produkte\/spreadable-cremoso\/\" \/>\n<meta property=\"og:site_name\" content=\"Mozzarisella\" \/>\n<meta property=\"article:modified_time\" content=\"2022-10-25T10:31:37+00:00\" \/>\n<meta property=\"og:image\" content=\"https:\/\/www.mozzarisella.com\/wp-content\/uploads\/2019\/03\/mzr_spread_cremoso_150g_EN_LR.jpg\" \/>\n\t<meta property=\"og:image:width\" content=\"1181\" \/>\n\t<meta property=\"og:image:height\" content=\"787\" \/>\n\t<meta property=\"og:image:type\" content=\"image\/jpeg\" \/>\n<meta name=\"twitter:card\" content=\"summary_large_image\" \/>\n<meta name=\"twitter:label1\" content=\"Gesch\u00e4tzte Lesezeit\" \/>\n\t<meta name=\"twitter:data1\" content=\"1\u00a0Minute\" \/>\n<script type=\"application\/ld+json\" class=\"yoast-schema-graph\">{\"@context\":\"https:\/\/schema.org\",\"@graph\":[{\"@type\":\"WebPage\",\"@id\":\"https:\/\/www.mozzarisella.com\/de\/produkte\/spreadable-cremoso\/\",\"url\":\"https:\/\/www.mozzarisella.com\/de\/produkte\/spreadable-cremoso\/\",\"name\":\"Mozzarisella Spreadable Cremoso\",\"isPartOf\":{\"@id\":\"https:\/\/www.mozzarisella.com\/de\/#website\"},\"primaryImageOfPage\":{\"@id\":\"https:\/\/www.mozzarisella.com\/de\/produkte\/spreadable-cremoso\/#primaryimage\"},\"image\":{\"@id\":\"https:\/\/www.mozzarisella.com\/de\/produkte\/spreadable-cremoso\/#primaryimage\"},\"thumbnailUrl\":\"https:\/\/www.mozzarisella.com\/wp-content\/uploads\/2019\/03\/mzr_spread_cremoso_150g_EN_LR.jpg\",\"datePublished\":\"2019-06-26T13:23:27+00:00\",\"dateModified\":\"2022-10-25T10:31:37+00:00\",\"breadcrumb\":{\"@id\":\"https:\/\/www.mozzarisella.com\/de\/produkte\/spreadable-cremoso\/#breadcrumb\"},\"inLanguage\":\"de\",\"potentialAction\":[{\"@type\":\"ReadAction\",\"target\":[\"https:\/\/www.mozzarisella.com\/de\/produkte\/spreadable-cremoso\/\"]}]},{\"@type\":\"ImageObject\",\"inLanguage\":\"de\",\"@id\":\"https:\/\/www.mozzarisella.com\/de\/produkte\/spreadable-cremoso\/#primaryimage\",\"url\":\"https:\/\/www.mozzarisella.com\/wp-content\/uploads\/2019\/03\/mzr_spread_cremoso_150g_EN_LR.jpg\",\"contentUrl\":\"https:\/\/www.mozzarisella.com\/wp-content\/uploads\/2019\/03\/mzr_spread_cremoso_150g_EN_LR.jpg\",\"width\":1181,\"height\":787,\"caption\":\"White container for margarine spread, butter or melted cheese, front and upper view on white background. Packaging collection.\"},{\"@type\":\"BreadcrumbList\",\"@id\":\"https:\/\/www.mozzarisella.com\/de\/produkte\/spreadable-cremoso\/#breadcrumb\",\"itemListElement\":[{\"@type\":\"ListItem\",\"position\":1,\"name\":\"Home\",\"item\":\"https:\/\/www.mozzarisella.com\/de\/\"},{\"@type\":\"ListItem\",\"position\":2,\"name\":\"Mozzarisella Spreadable Cremoso\"}]},{\"@type\":\"WebSite\",\"@id\":\"https:\/\/www.mozzarisella.com\/de\/#website\",\"url\":\"https:\/\/www.mozzarisella.com\/de\/\",\"name\":\"Mozzarisella\",\"description\":\"La forza del germoglio di riso integrale Italiano\",\"publisher\":{\"@id\":\"https:\/\/www.mozzarisella.com\/de\/#organization\"},\"potentialAction\":[{\"@type\":\"SearchAction\",\"target\":{\"@type\":\"EntryPoint\",\"urlTemplate\":\"https:\/\/www.mozzarisella.com\/de\/?s={search_term_string}\"},\"query-input\":{\"@type\":\"PropertyValueSpecification\",\"valueRequired\":true,\"valueName\":\"search_term_string\"}}],\"inLanguage\":\"de\"},{\"@type\":\"Organization\",\"@id\":\"https:\/\/www.mozzarisella.com\/de\/#organization\",\"name\":\"Mozzarisella\",\"url\":\"https:\/\/www.mozzarisella.com\/de\/\",\"logo\":{\"@type\":\"ImageObject\",\"inLanguage\":\"de\",\"@id\":\"https:\/\/www.mozzarisella.com\/de\/#\/schema\/logo\/image\/\",\"url\":\"https:\/\/www.mozzarisella.com\/wp-content\/uploads\/2019\/06\/mozzarisella-logo-mobile.png\",\"contentUrl\":\"https:\/\/www.mozzarisella.com\/wp-content\/uploads\/2019\/06\/mozzarisella-logo-mobile.png\",\"width\":400,\"height\":259,\"caption\":\"Mozzarisella\"},\"image\":{\"@id\":\"https:\/\/www.mozzarisella.com\/de\/#\/schema\/logo\/image\/\"}}]}<\/script>","yoast_head_json":{"title":"Mozzarisella Spreadable Cremoso","robots":{"index":"index","follow":"follow","max-snippet":"max-snippet:-1","max-image-preview":"max-image-preview:large","max-video-preview":"max-video-preview:-1"},"canonical":"https:\/\/www.mozzarisella.com\/de\/produkte\/spreadable-cremoso\/","og_locale":"de_DE","og_type":"article","og_title":"Mozzarisella Spreadable Cremoso","og_description":"Frisch und streichf\u00e4higf\u00fcr s\u00fc\u00dfe und herzhafte Rezepte150g","og_url":"https:\/\/www.mozzarisella.com\/de\/produkte\/spreadable-cremoso\/","og_site_name":"Mozzarisella","article_modified_time":"2022-10-25T10:31:37+00:00","og_image":[{"width":1181,"height":787,"url":"https:\/\/www.mozzarisella.com\/wp-content\/uploads\/2019\/03\/mzr_spread_cremoso_150g_EN_LR.jpg","type":"image\/jpeg"}],"twitter_card":"summary_large_image","twitter_misc":{"Gesch\u00e4tzte Lesezeit":"1\u00a0Minute"},"schema":{"@context":"https:\/\/schema.org","@graph":[{"@type":"WebPage","@id":"https:\/\/www.mozzarisella.com\/de\/produkte\/spreadable-cremoso\/","url":"https:\/\/www.mozzarisella.com\/de\/produkte\/spreadable-cremoso\/","name":"Mozzarisella Spreadable Cremoso","isPartOf":{"@id":"https:\/\/www.mozzarisella.com\/de\/#website"},"primaryImageOfPage":{"@id":"https:\/\/www.mozzarisella.com\/de\/produkte\/spreadable-cremoso\/#primaryimage"},"image":{"@id":"https:\/\/www.mozzarisella.com\/de\/produkte\/spreadable-cremoso\/#primaryimage"},"thumbnailUrl":"https:\/\/www.mozzarisella.com\/wp-content\/uploads\/2019\/03\/mzr_spread_cremoso_150g_EN_LR.jpg","datePublished":"2019-06-26T13:23:27+00:00","dateModified":"2022-10-25T10:31:37+00:00","breadcrumb":{"@id":"https:\/\/www.mozzarisella.com\/de\/produkte\/spreadable-cremoso\/#breadcrumb"},"inLanguage":"de","potentialAction":[{"@type":"ReadAction","target":["https:\/\/www.mozzarisella.com\/de\/produkte\/spreadable-cremoso\/"]}]},{"@type":"ImageObject","inLanguage":"de","@id":"https:\/\/www.mozzarisella.com\/de\/produkte\/spreadable-cremoso\/#primaryimage","url":"https:\/\/www.mozzarisella.com\/wp-content\/uploads\/2019\/03\/mzr_spread_cremoso_150g_EN_LR.jpg","contentUrl":"https:\/\/www.mozzarisella.com\/wp-content\/uploads\/2019\/03\/mzr_spread_cremoso_150g_EN_LR.jpg","width":1181,"height":787,"caption":"White container for margarine spread, butter or melted cheese, front and upper view on white background. Packaging collection."},{"@type":"BreadcrumbList","@id":"https:\/\/www.mozzarisella.com\/de\/produkte\/spreadable-cremoso\/#breadcrumb","itemListElement":[{"@type":"ListItem","position":1,"name":"Home","item":"https:\/\/www.mozzarisella.com\/de\/"},{"@type":"ListItem","position":2,"name":"Mozzarisella Spreadable Cremoso"}]},{"@type":"WebSite","@id":"https:\/\/www.mozzarisella.com\/de\/#website","url":"https:\/\/www.mozzarisella.com\/de\/","name":"Mozzarisella","description":"La forza del germoglio di riso integrale Italiano","publisher":{"@id":"https:\/\/www.mozzarisella.com\/de\/#organization"},"potentialAction":[{"@type":"SearchAction","target":{"@type":"EntryPoint","urlTemplate":"https:\/\/www.mozzarisella.com\/de\/?s={search_term_string}"},"query-input":{"@type":"PropertyValueSpecification","valueRequired":true,"valueName":"search_term_string"}}],"inLanguage":"de"},{"@type":"Organization","@id":"https:\/\/www.mozzarisella.com\/de\/#organization","name":"Mozzarisella","url":"https:\/\/www.mozzarisella.com\/de\/","logo":{"@type":"ImageObject","inLanguage":"de","@id":"https:\/\/www.mozzarisella.com\/de\/#\/schema\/logo\/image\/","url":"https:\/\/www.mozzarisella.com\/wp-content\/uploads\/2019\/06\/mozzarisella-logo-mobile.png","contentUrl":"https:\/\/www.mozzarisella.com\/wp-content\/uploads\/2019\/06\/mozzarisella-logo-mobile.png","width":400,"height":259,"caption":"Mozzarisella"},"image":{"@id":"https:\/\/www.mozzarisella.com\/de\/#\/schema\/logo\/image\/"}}]}},"_links":{"self":[{"href":"https:\/\/www.mozzarisella.com\/de\/wp-json\/wp\/v2\/product\/2111","targetHints":{"allow":["GET"]}}],"collection":[{"href":"https:\/\/www.mozzarisella.com\/de\/wp-json\/wp\/v2\/product"}],"about":[{"href":"https:\/\/www.mozzarisella.com\/de\/wp-json\/wp\/v2\/types\/product"}],"author":[{"embeddable":true,"href":"https:\/\/www.mozzarisella.com\/de\/wp-json\/wp\/v2\/users\/5"}],"version-history":[{"count":10,"href":"https:\/\/www.mozzarisella.com\/de\/wp-json\/wp\/v2\/product\/2111\/revisions"}],"predecessor-version":[{"id":3927,"href":"https:\/\/www.mozzarisella.com\/de\/wp-json\/wp\/v2\/product\/2111\/revisions\/3927"}],"wp:featuredmedia":[{"embeddable":true,"href":"https:\/\/www.mozzarisella.com\/de\/wp-json\/wp\/v2\/media\/3777"}],"wp:attachment":[{"href":"https:\/\/www.mozzarisella.com\/de\/wp-json\/wp\/v2\/media?parent=2111"}],"wp:term":[{"taxonomy":"product_cat","embeddable":true,"href":"https:\/\/www.mozzarisella.com\/de\/wp-json\/wp\/v2\/product_cat?post=2111"}],"curies":[{"name":"wp","href":"https:\/\/api.w.org\/{rel}","templated":true}]}}