{"id":2117,"date":"2019-06-26T14:17:06","date_gmt":"2019-06-26T12:17:06","guid":{"rendered":"https:\/\/www.mozzarisella.com\/product\/mozzarisella-fume\/"},"modified":"2022-10-25T12:31:10","modified_gmt":"2022-10-25T10:31:10","slug":"mozzarisella-smoked","status":"publish","type":"product","link":"https:\/\/www.mozzarisella.com\/de\/produkte\/mozzarisella-smoked\/","title":{"rendered":"Mozzarisella Smoked"},"content":{"rendered":"\n<p class=\"has-text-color\" style=\"color:#cb9e4d;font-size:18px\"><strong>EIGENSCHAFTEN<\/strong><\/p>\n\n\n\n<p>MozzaRisella Smoked ist eine 100% frische pasteurisierte pflanzliche Alternative und enth\u00e4lt keine Konservierungsstoffe. Die Hauptzutaten sind alle nat\u00fcrlich und gem\u00e4\u00df der europ\u00e4ischen Verordnung f\u00fcr den biologischen Landbau zertifiziert. Daher werden keine chemischen Substanzen oder synthetischen Molek\u00fcle verwendet. Die von uns verwendeten nat\u00fcrlichen Aromen sind strikt als frei von tierischen Substanzen deklariert und daher vegan friendly.<\/p>\n\n\n\n<p class=\"has-text-color\" style=\"color:#cb9e4d;font-size:18px\"><strong>GEBRAUCHSANWEISUNG<\/strong><\/p>\n\n\n\n<p>Der charakteristische Rauchgeschmack verleiht ein einzigartiges Aroma, um einfache und schnell zuzubereitende Gerichte anzureichern. Hervorragend wenn pur gegessen, aber auch zum Kochen, weil es schmilzt, ideal zum Eincremen, zum F\u00fcllen und als pflanzliche Alternative in Polentaauflauf Rezepten. Hervorragend f\u00fcr Sandwiches, Bruschettas, Pizzas, Wraps, frische Salate, Timbales und herzhafte Kuchen. Sehr praktisch f\u00fcr die Zubereitung von Snacks, H\u00e4ppchen, Appetizers und auf warmen Brotscheiben. Nach dem \u00d6ffnen wie alle frischen Produkte innerhalb weniger Tage verzehren.<\/p>\n\n\n\n<hr class=\"wp-block-separator\"\/>\n\n\n\n<div style=\"line-height: 20px;\"><strong>100% PFLANZLICHE LEBENSMITTELZUBEREITUNG<\/strong><\/div><div style=\"line-height: 20px;margin-bottom:15px;\"><strong>AUF BASIS VON GEKEIMTEM VOLLKORNREIS<\/strong><\/div>\n\n\n\n<p>Zutaten: Zubereitung auf Basis von Bio SuRice \u00ae* 46% (Wasser, gekeimter Vollkornreis* 20,8%, Salz, Apfelessig<em>), Wasser, kaltgepresstes Kokos\u00f6l<\/em>, Zitronensaft<em>. Verdickungsmittel: Agar-Agar<\/em>, Gummi Arabikum<em>, Xanthan-Gummi<\/em>, Johannisbrotkernmehl<em>, nat\u00fcrliches Aroma<\/em>, Kurkuma 0,01%*<br> (AUS BIOLOGISCHEM ANBAU).<br> GEWICHT: 200g<\/p>\n\n\n\n<hr class=\"wp-block-separator\"\/>\n\n\n\n<p><strong>Durchschnittliche N\u00e4hrwertangaben<br><\/strong> Pro 100 g<\/p>\n\n\n\n<figure class=\"wp-block-table\"><table><tbody><tr><td>Energie<\/td><td>766kJ &#8211; 185 kcal<\/td><\/tr><tr><td>Fett<br>davon ges\u00e4ttigte Fetts\u00e4uren<\/td><td>16,0 g<br>13,6 g <\/td><\/tr><tr><td>Kohlenhydrate<br>davon Zucker<\/td><td>8,5 g<br>0,3 g<\/td><\/tr><tr><td>Ballaststoffe<\/td><td>2,2 g<\/td><\/tr><tr><td>Protein<\/td><td>1,2 g<\/td><\/tr><tr><td>Salz<\/td><td>1,5 g<\/td><\/tr><tr><td>Cholesterin<\/td><td>0,0 g<\/td><\/tr><\/tbody><\/table><\/figure>\n\n\n\n<p><strong>Bei Unvertr\u00e4glichkeit gegen\u00fcber Milch und Derivaten angezeigt<\/strong><\/p>\n","protected":false},"excerpt":{"rendered":"<p>Ein rauchiger Geschmack,<br \/>reich an nat\u00fcrlichen Tugenden<br \/><strong>200g<\/strong><\/p>\n","protected":false},"author":5,"featured_media":3756,"parent":0,"menu_order":20,"template":"","format":"standard","meta":{"_acf_changed":false,"footnotes":""},"product_cat":[51],"class_list":["post-2117","product","type-product","status-publish","format-standard","has-post-thumbnail","hentry","product_cat-mozzarisella"],"acf":[],"yoast_head":"<title>Mozzarisella Smoked<\/title>\n<meta name=\"robots\" content=\"index, follow, max-snippet:-1, max-image-preview:large, max-video-preview:-1\" \/>\n<link rel=\"canonical\" href=\"https:\/\/www.mozzarisella.com\/de\/produkte\/mozzarisella-smoked\/\" \/>\n<meta property=\"og:locale\" content=\"de_DE\" \/>\n<meta property=\"og:type\" content=\"article\" \/>\n<meta property=\"og:title\" content=\"Mozzarisella Smoked\" \/>\n<meta property=\"og:description\" content=\"Ein rauchiger Geschmack,reich an nat\u00fcrlichen Tugenden200g\" \/>\n<meta property=\"og:url\" content=\"https:\/\/www.mozzarisella.com\/de\/produkte\/mozzarisella-smoked\/\" \/>\n<meta property=\"og:site_name\" content=\"Mozzarisella\" \/>\n<meta property=\"article:modified_time\" content=\"2022-10-25T10:31:10+00:00\" \/>\n<meta property=\"og:image\" content=\"https:\/\/www.mozzarisella.com\/wp-content\/uploads\/2019\/06\/mzr_mozzarisella_smoked_200g_EN_LR.jpg\" \/>\n\t<meta property=\"og:image:width\" content=\"1181\" \/>\n\t<meta property=\"og:image:height\" content=\"551\" \/>\n\t<meta property=\"og:image:type\" content=\"image\/jpeg\" \/>\n<meta name=\"twitter:card\" content=\"summary_large_image\" \/>\n<meta name=\"twitter:label1\" content=\"Gesch\u00e4tzte Lesezeit\" \/>\n\t<meta name=\"twitter:data1\" content=\"1\u00a0Minute\" \/>\n<script type=\"application\/ld+json\" class=\"yoast-schema-graph\">{\"@context\":\"https:\/\/schema.org\",\"@graph\":[{\"@type\":\"WebPage\",\"@id\":\"https:\/\/www.mozzarisella.com\/de\/produkte\/mozzarisella-smoked\/\",\"url\":\"https:\/\/www.mozzarisella.com\/de\/produkte\/mozzarisella-smoked\/\",\"name\":\"Mozzarisella Smoked\",\"isPartOf\":{\"@id\":\"https:\/\/www.mozzarisella.com\/de\/#website\"},\"primaryImageOfPage\":{\"@id\":\"https:\/\/www.mozzarisella.com\/de\/produkte\/mozzarisella-smoked\/#primaryimage\"},\"image\":{\"@id\":\"https:\/\/www.mozzarisella.com\/de\/produkte\/mozzarisella-smoked\/#primaryimage\"},\"thumbnailUrl\":\"https:\/\/www.mozzarisella.com\/wp-content\/uploads\/2019\/06\/mzr_mozzarisella_smoked_200g_EN_LR.jpg\",\"datePublished\":\"2019-06-26T12:17:06+00:00\",\"dateModified\":\"2022-10-25T10:31:10+00:00\",\"breadcrumb\":{\"@id\":\"https:\/\/www.mozzarisella.com\/de\/produkte\/mozzarisella-smoked\/#breadcrumb\"},\"inLanguage\":\"de\",\"potentialAction\":[{\"@type\":\"ReadAction\",\"target\":[\"https:\/\/www.mozzarisella.com\/de\/produkte\/mozzarisella-smoked\/\"]}]},{\"@type\":\"ImageObject\",\"inLanguage\":\"de\",\"@id\":\"https:\/\/www.mozzarisella.com\/de\/produkte\/mozzarisella-smoked\/#primaryimage\",\"url\":\"https:\/\/www.mozzarisella.com\/wp-content\/uploads\/2019\/06\/mzr_mozzarisella_smoked_200g_EN_LR.jpg\",\"contentUrl\":\"https:\/\/www.mozzarisella.com\/wp-content\/uploads\/2019\/06\/mzr_mozzarisella_smoked_200g_EN_LR.jpg\",\"width\":1181,\"height\":551},{\"@type\":\"BreadcrumbList\",\"@id\":\"https:\/\/www.mozzarisella.com\/de\/produkte\/mozzarisella-smoked\/#breadcrumb\",\"itemListElement\":[{\"@type\":\"ListItem\",\"position\":1,\"name\":\"Home\",\"item\":\"https:\/\/www.mozzarisella.com\/de\/\"},{\"@type\":\"ListItem\",\"position\":2,\"name\":\"Mozzarisella Smoked\"}]},{\"@type\":\"WebSite\",\"@id\":\"https:\/\/www.mozzarisella.com\/de\/#website\",\"url\":\"https:\/\/www.mozzarisella.com\/de\/\",\"name\":\"Mozzarisella\",\"description\":\"La forza del germoglio di riso integrale Italiano\",\"publisher\":{\"@id\":\"https:\/\/www.mozzarisella.com\/de\/#organization\"},\"potentialAction\":[{\"@type\":\"SearchAction\",\"target\":{\"@type\":\"EntryPoint\",\"urlTemplate\":\"https:\/\/www.mozzarisella.com\/de\/?s={search_term_string}\"},\"query-input\":{\"@type\":\"PropertyValueSpecification\",\"valueRequired\":true,\"valueName\":\"search_term_string\"}}],\"inLanguage\":\"de\"},{\"@type\":\"Organization\",\"@id\":\"https:\/\/www.mozzarisella.com\/de\/#organization\",\"name\":\"Mozzarisella\",\"url\":\"https:\/\/www.mozzarisella.com\/de\/\",\"logo\":{\"@type\":\"ImageObject\",\"inLanguage\":\"de\",\"@id\":\"https:\/\/www.mozzarisella.com\/de\/#\/schema\/logo\/image\/\",\"url\":\"https:\/\/www.mozzarisella.com\/wp-content\/uploads\/2019\/06\/mozzarisella-logo-mobile.png\",\"contentUrl\":\"https:\/\/www.mozzarisella.com\/wp-content\/uploads\/2019\/06\/mozzarisella-logo-mobile.png\",\"width\":400,\"height\":259,\"caption\":\"Mozzarisella\"},\"image\":{\"@id\":\"https:\/\/www.mozzarisella.com\/de\/#\/schema\/logo\/image\/\"}}]}<\/script>","yoast_head_json":{"title":"Mozzarisella Smoked","robots":{"index":"index","follow":"follow","max-snippet":"max-snippet:-1","max-image-preview":"max-image-preview:large","max-video-preview":"max-video-preview:-1"},"canonical":"https:\/\/www.mozzarisella.com\/de\/produkte\/mozzarisella-smoked\/","og_locale":"de_DE","og_type":"article","og_title":"Mozzarisella Smoked","og_description":"Ein rauchiger Geschmack,reich an nat\u00fcrlichen Tugenden200g","og_url":"https:\/\/www.mozzarisella.com\/de\/produkte\/mozzarisella-smoked\/","og_site_name":"Mozzarisella","article_modified_time":"2022-10-25T10:31:10+00:00","og_image":[{"width":1181,"height":551,"url":"https:\/\/www.mozzarisella.com\/wp-content\/uploads\/2019\/06\/mzr_mozzarisella_smoked_200g_EN_LR.jpg","type":"image\/jpeg"}],"twitter_card":"summary_large_image","twitter_misc":{"Gesch\u00e4tzte Lesezeit":"1\u00a0Minute"},"schema":{"@context":"https:\/\/schema.org","@graph":[{"@type":"WebPage","@id":"https:\/\/www.mozzarisella.com\/de\/produkte\/mozzarisella-smoked\/","url":"https:\/\/www.mozzarisella.com\/de\/produkte\/mozzarisella-smoked\/","name":"Mozzarisella Smoked","isPartOf":{"@id":"https:\/\/www.mozzarisella.com\/de\/#website"},"primaryImageOfPage":{"@id":"https:\/\/www.mozzarisella.com\/de\/produkte\/mozzarisella-smoked\/#primaryimage"},"image":{"@id":"https:\/\/www.mozzarisella.com\/de\/produkte\/mozzarisella-smoked\/#primaryimage"},"thumbnailUrl":"https:\/\/www.mozzarisella.com\/wp-content\/uploads\/2019\/06\/mzr_mozzarisella_smoked_200g_EN_LR.jpg","datePublished":"2019-06-26T12:17:06+00:00","dateModified":"2022-10-25T10:31:10+00:00","breadcrumb":{"@id":"https:\/\/www.mozzarisella.com\/de\/produkte\/mozzarisella-smoked\/#breadcrumb"},"inLanguage":"de","potentialAction":[{"@type":"ReadAction","target":["https:\/\/www.mozzarisella.com\/de\/produkte\/mozzarisella-smoked\/"]}]},{"@type":"ImageObject","inLanguage":"de","@id":"https:\/\/www.mozzarisella.com\/de\/produkte\/mozzarisella-smoked\/#primaryimage","url":"https:\/\/www.mozzarisella.com\/wp-content\/uploads\/2019\/06\/mzr_mozzarisella_smoked_200g_EN_LR.jpg","contentUrl":"https:\/\/www.mozzarisella.com\/wp-content\/uploads\/2019\/06\/mzr_mozzarisella_smoked_200g_EN_LR.jpg","width":1181,"height":551},{"@type":"BreadcrumbList","@id":"https:\/\/www.mozzarisella.com\/de\/produkte\/mozzarisella-smoked\/#breadcrumb","itemListElement":[{"@type":"ListItem","position":1,"name":"Home","item":"https:\/\/www.mozzarisella.com\/de\/"},{"@type":"ListItem","position":2,"name":"Mozzarisella Smoked"}]},{"@type":"WebSite","@id":"https:\/\/www.mozzarisella.com\/de\/#website","url":"https:\/\/www.mozzarisella.com\/de\/","name":"Mozzarisella","description":"La forza del germoglio di riso integrale Italiano","publisher":{"@id":"https:\/\/www.mozzarisella.com\/de\/#organization"},"potentialAction":[{"@type":"SearchAction","target":{"@type":"EntryPoint","urlTemplate":"https:\/\/www.mozzarisella.com\/de\/?s={search_term_string}"},"query-input":{"@type":"PropertyValueSpecification","valueRequired":true,"valueName":"search_term_string"}}],"inLanguage":"de"},{"@type":"Organization","@id":"https:\/\/www.mozzarisella.com\/de\/#organization","name":"Mozzarisella","url":"https:\/\/www.mozzarisella.com\/de\/","logo":{"@type":"ImageObject","inLanguage":"de","@id":"https:\/\/www.mozzarisella.com\/de\/#\/schema\/logo\/image\/","url":"https:\/\/www.mozzarisella.com\/wp-content\/uploads\/2019\/06\/mozzarisella-logo-mobile.png","contentUrl":"https:\/\/www.mozzarisella.com\/wp-content\/uploads\/2019\/06\/mozzarisella-logo-mobile.png","width":400,"height":259,"caption":"Mozzarisella"},"image":{"@id":"https:\/\/www.mozzarisella.com\/de\/#\/schema\/logo\/image\/"}}]}},"_links":{"self":[{"href":"https:\/\/www.mozzarisella.com\/de\/wp-json\/wp\/v2\/product\/2117","targetHints":{"allow":["GET"]}}],"collection":[{"href":"https:\/\/www.mozzarisella.com\/de\/wp-json\/wp\/v2\/product"}],"about":[{"href":"https:\/\/www.mozzarisella.com\/de\/wp-json\/wp\/v2\/types\/product"}],"author":[{"embeddable":true,"href":"https:\/\/www.mozzarisella.com\/de\/wp-json\/wp\/v2\/users\/5"}],"version-history":[{"count":4,"href":"https:\/\/www.mozzarisella.com\/de\/wp-json\/wp\/v2\/product\/2117\/revisions"}],"predecessor-version":[{"id":3921,"href":"https:\/\/www.mozzarisella.com\/de\/wp-json\/wp\/v2\/product\/2117\/revisions\/3921"}],"wp:featuredmedia":[{"embeddable":true,"href":"https:\/\/www.mozzarisella.com\/de\/wp-json\/wp\/v2\/media\/3756"}],"wp:attachment":[{"href":"https:\/\/www.mozzarisella.com\/de\/wp-json\/wp\/v2\/media?parent=2117"}],"wp:term":[{"taxonomy":"product_cat","embeddable":true,"href":"https:\/\/www.mozzarisella.com\/de\/wp-json\/wp\/v2\/product_cat?post=2117"}],"curies":[{"name":"wp","href":"https:\/\/api.w.org\/{rel}","templated":true}]}}