{"id":2119,"date":"2019-06-03T09:40:58","date_gmt":"2019-06-03T07:40:58","guid":{"rendered":"https:\/\/www.mozzarisella.com\/product\/fettine-con-basilico\/"},"modified":"2022-10-25T12:31:50","modified_gmt":"2022-10-25T10:31:50","slug":"slices-with-basil","status":"publish","type":"product","link":"https:\/\/www.mozzarisella.com\/de\/produkte\/slices-with-basil\/","title":{"rendered":"Slices with Basil"},"content":{"rendered":"<p><!--StartFragment--><\/p>\n\n\n<p class=\"has-text-color\" style=\"color:#cb9e4d;font-size:18px\"><strong>EIGENSCHAFTEN<\/strong><\/p>\n\n\n\n<p>Mozzarisella Scheiben mit Basilikum sind eine pflanzliche schmelzende frische Alternative, ohne Konservierungsstoffe und Farbstoffe. Als Grundlage der Zutaten dient immer der gekeimte Vollreis, der nach der europ\u00e4ischen Verordnung f\u00fcr den biologischen Landbau zertifiziert ist. Die<br> anderen Zutaten sind alle nat\u00fcrlich und mit gr\u00f6\u00dfter Sorgfalt und Qualit\u00e4t ausgew\u00e4hlt. Zu seiner Herstellung werden keine chemischen oder synthetischen Molek\u00fcle verwendet. Mit der Zugabe von Basilikum, um all Ihren Gerichten einen zus\u00e4tzlichen Hauch von Geschmack zu verleihen!<\/p>\n\n\n\n<p class=\"has-text-color\" style=\"color:#cb9e4d;font-size:18px\"><strong>GEBRAUCHSANWEISUNG<\/strong><\/p>\n\n\n\n<p>Perfekt zum F\u00fcllen von Toast, Sandwiches, Wraps und all jenen Gerichten, die eine schmelzende Alternative erfordern. Probieren Sie sie auch zum \u00dcberbacken von Nudeln oder gebackenem Gem\u00fcse, im Auberginenauflauf, in Ihrer Gem\u00fcseburgern, als F\u00fcllung f\u00fcr herzhafte Kuchen\u2026 Verwenden Sie Ihre Fantasie!<\/p>\n\n\n\n<hr class=\"wp-block-separator\"\/>\n\n\n\n<div style=\"line-height: 20px;\"><strong>100% PFLANZLICHE LEBENSMITTELZUBEREITUNG<\/strong><\/div><div style=\"line-height: 20px;margin-bottom:15px;\"><strong>AUF BASIS VON GEKEIMTEM VOLLKORNREIS<\/strong><\/div>\n\n\n\n<p>Zutaten: Zubereitung auf Basis von Bio SuRice \u00ae* 46% (Wasser, gekeimter Vollkornreis* 20,8%, Salz, Apfelessig<em>), Wasser, kaltgepresstes Kokos\u00f6l<\/em>, Zitronensaft<em>, Basilikum<\/em>0,19%. Verdickungsmittel: Agar-Agar<em>, Gummi Arabikum<\/em>, Xanthan-Gummi<em>, Johannisbrotkernmehl<\/em>,<br> pflanzliche Milchs\u00e4ure<em>. Nat\u00fcrliches Aroma<\/em>.<\/p>\n\n\n\n<p>*(AUS BIOLOGISCHEM ANBAU).<br> GEWICHT: 80g<\/p>\n\n\n\n<hr class=\"wp-block-separator\"\/>\n\n\n\n<p><strong>Durchschnittliche N\u00e4hrwertangaben<br><\/strong> Pro 100 g<\/p>\n\n\n\n<figure class=\"wp-block-table\"><table><tbody><tr><td>Energie<\/td><td>771kJ &#8211; 186 kcal<\/td><\/tr><tr><td>Fett<br> davon ges\u00e4ttigte Fetts\u00e4uren<\/td><td>15,9 g<br>13,8 g <\/td><\/tr><tr><td>Kohlenhydrate<br> davon Zucker<\/td><td>08,8 g<br>0,5 g<\/td><\/tr><tr><td>Ballaststoffe<\/td><td>2,2 g<\/td><\/tr><tr><td>Protein<\/td><td>0,6 g<\/td><\/tr><tr><td>Salz<\/td><td>1,6 g<\/td><\/tr><tr><td>Cholesterin<\/td><td>0,0 g<\/td><\/tr><\/tbody><\/table><\/figure>\n\n\n\n<p>Bei Unvertr\u00e4glichkeit gegen\u00fcber Milch und Derivaten angezeigt<\/p>\n\n\n<p><!--EndFragment--><\/p>","protected":false},"excerpt":{"rendered":"<p>Pflanzliche Alternative,<br \/>die schmilzt &#8211; Basilikumgeschmack<br \/><strong>80g<\/strong><\/p>\n","protected":false},"author":5,"featured_media":3761,"parent":0,"menu_order":60,"template":"","format":"standard","meta":{"_acf_changed":false,"footnotes":""},"product_cat":[51],"class_list":["post-2119","product","type-product","status-publish","format-standard","has-post-thumbnail","hentry","product_cat-mozzarisella"],"acf":[],"yoast_head":"<title>Slices with Basil<\/title>\n<meta name=\"robots\" content=\"index, follow, max-snippet:-1, max-image-preview:large, max-video-preview:-1\" \/>\n<link rel=\"canonical\" href=\"https:\/\/www.mozzarisella.com\/de\/produkte\/slices-with-basil\/\" \/>\n<meta property=\"og:locale\" content=\"de_DE\" \/>\n<meta property=\"og:type\" content=\"article\" \/>\n<meta property=\"og:title\" content=\"Slices with Basil\" \/>\n<meta property=\"og:description\" content=\"Pflanzliche Alternative,die schmilzt - Basilikumgeschmack80g\" \/>\n<meta property=\"og:url\" content=\"https:\/\/www.mozzarisella.com\/de\/produkte\/slices-with-basil\/\" \/>\n<meta property=\"og:site_name\" content=\"Mozzarisella\" \/>\n<meta property=\"article:modified_time\" content=\"2022-10-25T10:31:50+00:00\" \/>\n<meta property=\"og:image\" content=\"https:\/\/www.mozzarisella.com\/wp-content\/uploads\/2019\/03\/mzr_slices_basil_80g_EN_LR.jpg\" \/>\n\t<meta property=\"og:image:width\" content=\"709\" \/>\n\t<meta property=\"og:image:height\" content=\"1181\" \/>\n\t<meta property=\"og:image:type\" content=\"image\/jpeg\" \/>\n<meta name=\"twitter:card\" content=\"summary_large_image\" \/>\n<meta name=\"twitter:label1\" content=\"Gesch\u00e4tzte Lesezeit\" \/>\n\t<meta name=\"twitter:data1\" content=\"1\u00a0Minute\" \/>\n<script type=\"application\/ld+json\" class=\"yoast-schema-graph\">{\"@context\":\"https:\/\/schema.org\",\"@graph\":[{\"@type\":\"WebPage\",\"@id\":\"https:\/\/www.mozzarisella.com\/de\/produkte\/slices-with-basil\/\",\"url\":\"https:\/\/www.mozzarisella.com\/de\/produkte\/slices-with-basil\/\",\"name\":\"Slices with Basil\",\"isPartOf\":{\"@id\":\"https:\/\/www.mozzarisella.com\/de\/#website\"},\"primaryImageOfPage\":{\"@id\":\"https:\/\/www.mozzarisella.com\/de\/produkte\/slices-with-basil\/#primaryimage\"},\"image\":{\"@id\":\"https:\/\/www.mozzarisella.com\/de\/produkte\/slices-with-basil\/#primaryimage\"},\"thumbnailUrl\":\"https:\/\/www.mozzarisella.com\/wp-content\/uploads\/2019\/03\/mzr_slices_basil_80g_EN_LR.jpg\",\"datePublished\":\"2019-06-03T07:40:58+00:00\",\"dateModified\":\"2022-10-25T10:31:50+00:00\",\"breadcrumb\":{\"@id\":\"https:\/\/www.mozzarisella.com\/de\/produkte\/slices-with-basil\/#breadcrumb\"},\"inLanguage\":\"de\",\"potentialAction\":[{\"@type\":\"ReadAction\",\"target\":[\"https:\/\/www.mozzarisella.com\/de\/produkte\/slices-with-basil\/\"]}]},{\"@type\":\"ImageObject\",\"inLanguage\":\"de\",\"@id\":\"https:\/\/www.mozzarisella.com\/de\/produkte\/slices-with-basil\/#primaryimage\",\"url\":\"https:\/\/www.mozzarisella.com\/wp-content\/uploads\/2019\/03\/mzr_slices_basil_80g_EN_LR.jpg\",\"contentUrl\":\"https:\/\/www.mozzarisella.com\/wp-content\/uploads\/2019\/03\/mzr_slices_basil_80g_EN_LR.jpg\",\"width\":709,\"height\":1181},{\"@type\":\"BreadcrumbList\",\"@id\":\"https:\/\/www.mozzarisella.com\/de\/produkte\/slices-with-basil\/#breadcrumb\",\"itemListElement\":[{\"@type\":\"ListItem\",\"position\":1,\"name\":\"Home\",\"item\":\"https:\/\/www.mozzarisella.com\/de\/\"},{\"@type\":\"ListItem\",\"position\":2,\"name\":\"Slices with Basil\"}]},{\"@type\":\"WebSite\",\"@id\":\"https:\/\/www.mozzarisella.com\/de\/#website\",\"url\":\"https:\/\/www.mozzarisella.com\/de\/\",\"name\":\"Mozzarisella\",\"description\":\"La forza del germoglio di riso integrale Italiano\",\"publisher\":{\"@id\":\"https:\/\/www.mozzarisella.com\/de\/#organization\"},\"potentialAction\":[{\"@type\":\"SearchAction\",\"target\":{\"@type\":\"EntryPoint\",\"urlTemplate\":\"https:\/\/www.mozzarisella.com\/de\/?s={search_term_string}\"},\"query-input\":{\"@type\":\"PropertyValueSpecification\",\"valueRequired\":true,\"valueName\":\"search_term_string\"}}],\"inLanguage\":\"de\"},{\"@type\":\"Organization\",\"@id\":\"https:\/\/www.mozzarisella.com\/de\/#organization\",\"name\":\"Mozzarisella\",\"url\":\"https:\/\/www.mozzarisella.com\/de\/\",\"logo\":{\"@type\":\"ImageObject\",\"inLanguage\":\"de\",\"@id\":\"https:\/\/www.mozzarisella.com\/de\/#\/schema\/logo\/image\/\",\"url\":\"https:\/\/www.mozzarisella.com\/wp-content\/uploads\/2019\/06\/mozzarisella-logo-mobile.png\",\"contentUrl\":\"https:\/\/www.mozzarisella.com\/wp-content\/uploads\/2019\/06\/mozzarisella-logo-mobile.png\",\"width\":400,\"height\":259,\"caption\":\"Mozzarisella\"},\"image\":{\"@id\":\"https:\/\/www.mozzarisella.com\/de\/#\/schema\/logo\/image\/\"}}]}<\/script>","yoast_head_json":{"title":"Slices with Basil","robots":{"index":"index","follow":"follow","max-snippet":"max-snippet:-1","max-image-preview":"max-image-preview:large","max-video-preview":"max-video-preview:-1"},"canonical":"https:\/\/www.mozzarisella.com\/de\/produkte\/slices-with-basil\/","og_locale":"de_DE","og_type":"article","og_title":"Slices with Basil","og_description":"Pflanzliche Alternative,die schmilzt - Basilikumgeschmack80g","og_url":"https:\/\/www.mozzarisella.com\/de\/produkte\/slices-with-basil\/","og_site_name":"Mozzarisella","article_modified_time":"2022-10-25T10:31:50+00:00","og_image":[{"width":709,"height":1181,"url":"https:\/\/www.mozzarisella.com\/wp-content\/uploads\/2019\/03\/mzr_slices_basil_80g_EN_LR.jpg","type":"image\/jpeg"}],"twitter_card":"summary_large_image","twitter_misc":{"Gesch\u00e4tzte Lesezeit":"1\u00a0Minute"},"schema":{"@context":"https:\/\/schema.org","@graph":[{"@type":"WebPage","@id":"https:\/\/www.mozzarisella.com\/de\/produkte\/slices-with-basil\/","url":"https:\/\/www.mozzarisella.com\/de\/produkte\/slices-with-basil\/","name":"Slices with Basil","isPartOf":{"@id":"https:\/\/www.mozzarisella.com\/de\/#website"},"primaryImageOfPage":{"@id":"https:\/\/www.mozzarisella.com\/de\/produkte\/slices-with-basil\/#primaryimage"},"image":{"@id":"https:\/\/www.mozzarisella.com\/de\/produkte\/slices-with-basil\/#primaryimage"},"thumbnailUrl":"https:\/\/www.mozzarisella.com\/wp-content\/uploads\/2019\/03\/mzr_slices_basil_80g_EN_LR.jpg","datePublished":"2019-06-03T07:40:58+00:00","dateModified":"2022-10-25T10:31:50+00:00","breadcrumb":{"@id":"https:\/\/www.mozzarisella.com\/de\/produkte\/slices-with-basil\/#breadcrumb"},"inLanguage":"de","potentialAction":[{"@type":"ReadAction","target":["https:\/\/www.mozzarisella.com\/de\/produkte\/slices-with-basil\/"]}]},{"@type":"ImageObject","inLanguage":"de","@id":"https:\/\/www.mozzarisella.com\/de\/produkte\/slices-with-basil\/#primaryimage","url":"https:\/\/www.mozzarisella.com\/wp-content\/uploads\/2019\/03\/mzr_slices_basil_80g_EN_LR.jpg","contentUrl":"https:\/\/www.mozzarisella.com\/wp-content\/uploads\/2019\/03\/mzr_slices_basil_80g_EN_LR.jpg","width":709,"height":1181},{"@type":"BreadcrumbList","@id":"https:\/\/www.mozzarisella.com\/de\/produkte\/slices-with-basil\/#breadcrumb","itemListElement":[{"@type":"ListItem","position":1,"name":"Home","item":"https:\/\/www.mozzarisella.com\/de\/"},{"@type":"ListItem","position":2,"name":"Slices with Basil"}]},{"@type":"WebSite","@id":"https:\/\/www.mozzarisella.com\/de\/#website","url":"https:\/\/www.mozzarisella.com\/de\/","name":"Mozzarisella","description":"La forza del germoglio di riso integrale Italiano","publisher":{"@id":"https:\/\/www.mozzarisella.com\/de\/#organization"},"potentialAction":[{"@type":"SearchAction","target":{"@type":"EntryPoint","urlTemplate":"https:\/\/www.mozzarisella.com\/de\/?s={search_term_string}"},"query-input":{"@type":"PropertyValueSpecification","valueRequired":true,"valueName":"search_term_string"}}],"inLanguage":"de"},{"@type":"Organization","@id":"https:\/\/www.mozzarisella.com\/de\/#organization","name":"Mozzarisella","url":"https:\/\/www.mozzarisella.com\/de\/","logo":{"@type":"ImageObject","inLanguage":"de","@id":"https:\/\/www.mozzarisella.com\/de\/#\/schema\/logo\/image\/","url":"https:\/\/www.mozzarisella.com\/wp-content\/uploads\/2019\/06\/mozzarisella-logo-mobile.png","contentUrl":"https:\/\/www.mozzarisella.com\/wp-content\/uploads\/2019\/06\/mozzarisella-logo-mobile.png","width":400,"height":259,"caption":"Mozzarisella"},"image":{"@id":"https:\/\/www.mozzarisella.com\/de\/#\/schema\/logo\/image\/"}}]}},"_links":{"self":[{"href":"https:\/\/www.mozzarisella.com\/de\/wp-json\/wp\/v2\/product\/2119","targetHints":{"allow":["GET"]}}],"collection":[{"href":"https:\/\/www.mozzarisella.com\/de\/wp-json\/wp\/v2\/product"}],"about":[{"href":"https:\/\/www.mozzarisella.com\/de\/wp-json\/wp\/v2\/types\/product"}],"author":[{"embeddable":true,"href":"https:\/\/www.mozzarisella.com\/de\/wp-json\/wp\/v2\/users\/5"}],"version-history":[{"count":6,"href":"https:\/\/www.mozzarisella.com\/de\/wp-json\/wp\/v2\/product\/2119\/revisions"}],"predecessor-version":[{"id":3928,"href":"https:\/\/www.mozzarisella.com\/de\/wp-json\/wp\/v2\/product\/2119\/revisions\/3928"}],"wp:featuredmedia":[{"embeddable":true,"href":"https:\/\/www.mozzarisella.com\/de\/wp-json\/wp\/v2\/media\/3761"}],"wp:attachment":[{"href":"https:\/\/www.mozzarisella.com\/de\/wp-json\/wp\/v2\/media?parent=2119"}],"wp:term":[{"taxonomy":"product_cat","embeddable":true,"href":"https:\/\/www.mozzarisella.com\/de\/wp-json\/wp\/v2\/product_cat?post=2119"}],"curies":[{"name":"wp","href":"https:\/\/api.w.org\/{rel}","templated":true}]}}