{"id":2121,"date":"2019-03-19T15:46:26","date_gmt":"2019-03-19T14:46:26","guid":{"rendered":"https:\/\/www.mozzarisella.com\/product\/mozzarisella-classica\/"},"modified":"2022-10-25T12:30:57","modified_gmt":"2022-10-25T10:30:57","slug":"mozzarisella-classic","status":"publish","type":"product","link":"https:\/\/www.mozzarisella.com\/de\/produkte\/mozzarisella-classic\/","title":{"rendered":"Mozzarisella"},"content":{"rendered":"\n<p class=\"has-text-color\" style=\"color:#cb9e4d;font-size:18px\"><strong>EIGENSCHAFTEN<\/strong><\/p>\n\n\n\n<p>Mozzarisella ist eine k\u00f6stliche Zubereitung auf der Basis von gekeimtem braunem Reis, der ausschlie\u00dflich mit Zutaten aus biologischem Anbau hergestellt wird und f\u00fcr dessen Produktion keine Konservierungsmittel, Chemikalien oder synthetischen Molek\u00fcle verwendet werden. Es ist eine ausgewogenee pflanzliche Alternative, ein Lebensmittel mit einem delikaten Geschmack und einer erfrischenden Natur. Es wird aus gekeimtem braunem Reis hergestellt, von dem es seine wichtigen N\u00e4hrstoffe in seiner Gesamtheit liefert.<\/p>\n\n\n\n<p class=\"has-text-color\" style=\"color:#cb9e4d;font-size:18px\"><strong>GEBRAUCHSANWEISUNG<\/strong><\/p>\n\n\n\n<p>Hervorragend wenn pur gegessen; frisch und lecker in Gerichten mit Gem\u00fcsen und H\u00fclsenfr\u00fcchten, in W\u00fcrfel geschnitten verleiht Sommersalaten eine leichte und schmackhafte Note. Ideal zum Kochen, weil es perfekt schmilzt; hervorragend zum Eincremen von ersten G\u00e4ngen; in d\u00fcnne Scheiben geschnitten ist es ideal f\u00fcr Pizza, Bruschetta und zum F\u00fcllen von Sandwiches, Toasts und Wraps. Die originelle Clip-Verpackung macht es sicher und garantiert seine Haltbarkeit. Nach dem \u00d6ffnen sollte es innerhalb weniger Tage als normales Frischprodukt verzehrt werden.<\/p>\n\n\n\n<hr class=\"wp-block-separator\"\/>\n\n\n\n<div style=\"line-height: 20px;\"><strong>100% PFLANZLICHE LEBENSMITTELZUBEREITUNG<\/strong><\/div><div style=\"line-height: 20px;margin-bottom:15px;\"><strong>AUF BASIS VON GEKEIMTEM VOLLKORNREIS<\/strong><\/div>\n\n\n\n<p>Zutaten: Zubereitung auf Basis von Bio SuRice\u00ae * 46% (Wasser, gekeimter brauner Reis * 20,8%, Salz, Apfelessig<em>), Wasser, kaltgepresstes Kokos\u00f6l<\/em>, Sonnenblumen\u00f6l mit Oreganoinfusion<em>, Zitronensaft<\/em>. Verdickungsmittel: Agar-Agar<em>, Gummi Arabikum<\/em>, Xanthan-Gummi<em>, Johannisbrotkernmehl<\/em><\/p>\n\n\n\n<p>*(AUS BIOLOGISCHEM ANBAU).<\/p>\n\n\n\n<p>GEWICHT: 200g<\/p>\n\n\n\n<hr class=\"wp-block-separator\"\/>\n\n\n\n<p><strong>Durchschnittliche N\u00e4hrwertangaben<\/strong><\/p>\n\n\n\n<p>Pro 100g  <\/p>\n\n\n\n<figure class=\"wp-block-table\"><table><tbody><tr><td>Energie<\/td><td>766kJ &#8211; 185 kcal<\/td><\/tr><tr><td>Fett<br>davon ges\u00e4ttigte Fetts\u00e4uren<\/td><td>16,0 g<br>14,0 g <\/td><\/tr><tr><td>Kohlenhydrate<br>davon Zucker<\/td><td>8,5 g<br>0,0 g<\/td><\/tr><tr><td>Ballaststoffe<\/td><td>2,2 g<\/td><\/tr><tr><td>Protein<\/td><td>0,7 g<\/td><\/tr><tr><td>Salz<\/td><td>1,5 g<\/td><\/tr><tr><td>Cholesterin<\/td><td>0,0 g<\/td><\/tr><\/tbody><\/table><\/figure>\n\n\n\n<p>Bei Unvertr\u00e4glichkeit gegen\u00fcber Milch und Derivaten angezeigt<\/p>\n","protected":false},"excerpt":{"rendered":"<p>Der erste Produkt der Linie<br \/>mit einem zarten Geschmack<br \/><strong>200g<\/strong><\/p>\n","protected":false},"author":5,"featured_media":5011,"parent":0,"menu_order":10,"template":"","format":"standard","meta":{"_acf_changed":false,"footnotes":""},"product_cat":[51],"class_list":["post-2121","product","type-product","status-publish","format-standard","has-post-thumbnail","hentry","product_cat-mozzarisella"],"acf":[],"yoast_head":"<title>Mozzarisella<\/title>\n<meta name=\"robots\" content=\"index, follow, max-snippet:-1, max-image-preview:large, max-video-preview:-1\" \/>\n<link rel=\"canonical\" href=\"https:\/\/www.mozzarisella.com\/de\/produkte\/mozzarisella-classic\/\" \/>\n<meta property=\"og:locale\" content=\"de_DE\" \/>\n<meta property=\"og:type\" content=\"article\" \/>\n<meta property=\"og:title\" content=\"Mozzarisella\" \/>\n<meta property=\"og:description\" content=\"Der erste Produkt der Liniemit einem zarten Geschmack200g\" \/>\n<meta property=\"og:url\" content=\"https:\/\/www.mozzarisella.com\/de\/produkte\/mozzarisella-classic\/\" \/>\n<meta property=\"og:site_name\" content=\"Mozzarisella\" \/>\n<meta property=\"article:modified_time\" content=\"2022-10-25T10:30:57+00:00\" \/>\n<meta property=\"og:image\" content=\"https:\/\/www.mozzarisella.com\/wp-content\/uploads\/2019\/03\/mzr_mozzarisella_classic_200g_EN_LR.jpg\" \/>\n\t<meta property=\"og:image:width\" content=\"1181\" \/>\n\t<meta property=\"og:image:height\" content=\"551\" \/>\n\t<meta property=\"og:image:type\" content=\"image\/jpeg\" \/>\n<meta name=\"twitter:card\" content=\"summary_large_image\" \/>\n<meta name=\"twitter:label1\" content=\"Gesch\u00e4tzte Lesezeit\" \/>\n\t<meta name=\"twitter:data1\" content=\"1\u00a0Minute\" \/>\n<script type=\"application\/ld+json\" class=\"yoast-schema-graph\">{\"@context\":\"https:\/\/schema.org\",\"@graph\":[{\"@type\":\"WebPage\",\"@id\":\"https:\/\/www.mozzarisella.com\/de\/produkte\/mozzarisella-classic\/\",\"url\":\"https:\/\/www.mozzarisella.com\/de\/produkte\/mozzarisella-classic\/\",\"name\":\"Mozzarisella\",\"isPartOf\":{\"@id\":\"https:\/\/www.mozzarisella.com\/de\/#website\"},\"primaryImageOfPage\":{\"@id\":\"https:\/\/www.mozzarisella.com\/de\/produkte\/mozzarisella-classic\/#primaryimage\"},\"image\":{\"@id\":\"https:\/\/www.mozzarisella.com\/de\/produkte\/mozzarisella-classic\/#primaryimage\"},\"thumbnailUrl\":\"https:\/\/www.mozzarisella.com\/wp-content\/uploads\/2019\/03\/mozzarisella-classica-1.png\",\"datePublished\":\"2019-03-19T14:46:26+00:00\",\"dateModified\":\"2022-10-25T10:30:57+00:00\",\"breadcrumb\":{\"@id\":\"https:\/\/www.mozzarisella.com\/de\/produkte\/mozzarisella-classic\/#breadcrumb\"},\"inLanguage\":\"de\",\"potentialAction\":[{\"@type\":\"ReadAction\",\"target\":[\"https:\/\/www.mozzarisella.com\/de\/produkte\/mozzarisella-classic\/\"]}]},{\"@type\":\"ImageObject\",\"inLanguage\":\"de\",\"@id\":\"https:\/\/www.mozzarisella.com\/de\/produkte\/mozzarisella-classic\/#primaryimage\",\"url\":\"https:\/\/www.mozzarisella.com\/wp-content\/uploads\/2019\/03\/mozzarisella-classica-1.png\",\"contentUrl\":\"https:\/\/www.mozzarisella.com\/wp-content\/uploads\/2019\/03\/mozzarisella-classica-1.png\",\"width\":700,\"height\":262},{\"@type\":\"BreadcrumbList\",\"@id\":\"https:\/\/www.mozzarisella.com\/de\/produkte\/mozzarisella-classic\/#breadcrumb\",\"itemListElement\":[{\"@type\":\"ListItem\",\"position\":1,\"name\":\"Home\",\"item\":\"https:\/\/www.mozzarisella.com\/de\/\"},{\"@type\":\"ListItem\",\"position\":2,\"name\":\"Mozzarisella\"}]},{\"@type\":\"WebSite\",\"@id\":\"https:\/\/www.mozzarisella.com\/de\/#website\",\"url\":\"https:\/\/www.mozzarisella.com\/de\/\",\"name\":\"Mozzarisella\",\"description\":\"La forza del germoglio di riso integrale Italiano\",\"publisher\":{\"@id\":\"https:\/\/www.mozzarisella.com\/de\/#organization\"},\"potentialAction\":[{\"@type\":\"SearchAction\",\"target\":{\"@type\":\"EntryPoint\",\"urlTemplate\":\"https:\/\/www.mozzarisella.com\/de\/?s={search_term_string}\"},\"query-input\":{\"@type\":\"PropertyValueSpecification\",\"valueRequired\":true,\"valueName\":\"search_term_string\"}}],\"inLanguage\":\"de\"},{\"@type\":\"Organization\",\"@id\":\"https:\/\/www.mozzarisella.com\/de\/#organization\",\"name\":\"Mozzarisella\",\"url\":\"https:\/\/www.mozzarisella.com\/de\/\",\"logo\":{\"@type\":\"ImageObject\",\"inLanguage\":\"de\",\"@id\":\"https:\/\/www.mozzarisella.com\/de\/#\/schema\/logo\/image\/\",\"url\":\"https:\/\/www.mozzarisella.com\/wp-content\/uploads\/2019\/06\/mozzarisella-logo-mobile.png\",\"contentUrl\":\"https:\/\/www.mozzarisella.com\/wp-content\/uploads\/2019\/06\/mozzarisella-logo-mobile.png\",\"width\":400,\"height\":259,\"caption\":\"Mozzarisella\"},\"image\":{\"@id\":\"https:\/\/www.mozzarisella.com\/de\/#\/schema\/logo\/image\/\"}}]}<\/script>","yoast_head_json":{"title":"Mozzarisella","robots":{"index":"index","follow":"follow","max-snippet":"max-snippet:-1","max-image-preview":"max-image-preview:large","max-video-preview":"max-video-preview:-1"},"canonical":"https:\/\/www.mozzarisella.com\/de\/produkte\/mozzarisella-classic\/","og_locale":"de_DE","og_type":"article","og_title":"Mozzarisella","og_description":"Der erste Produkt der Liniemit einem zarten Geschmack200g","og_url":"https:\/\/www.mozzarisella.com\/de\/produkte\/mozzarisella-classic\/","og_site_name":"Mozzarisella","article_modified_time":"2022-10-25T10:30:57+00:00","og_image":[{"width":1181,"height":551,"url":"https:\/\/www.mozzarisella.com\/wp-content\/uploads\/2019\/03\/mzr_mozzarisella_classic_200g_EN_LR.jpg","type":"image\/jpeg"}],"twitter_card":"summary_large_image","twitter_misc":{"Gesch\u00e4tzte Lesezeit":"1\u00a0Minute"},"schema":{"@context":"https:\/\/schema.org","@graph":[{"@type":"WebPage","@id":"https:\/\/www.mozzarisella.com\/de\/produkte\/mozzarisella-classic\/","url":"https:\/\/www.mozzarisella.com\/de\/produkte\/mozzarisella-classic\/","name":"Mozzarisella","isPartOf":{"@id":"https:\/\/www.mozzarisella.com\/de\/#website"},"primaryImageOfPage":{"@id":"https:\/\/www.mozzarisella.com\/de\/produkte\/mozzarisella-classic\/#primaryimage"},"image":{"@id":"https:\/\/www.mozzarisella.com\/de\/produkte\/mozzarisella-classic\/#primaryimage"},"thumbnailUrl":"https:\/\/www.mozzarisella.com\/wp-content\/uploads\/2019\/03\/mozzarisella-classica-1.png","datePublished":"2019-03-19T14:46:26+00:00","dateModified":"2022-10-25T10:30:57+00:00","breadcrumb":{"@id":"https:\/\/www.mozzarisella.com\/de\/produkte\/mozzarisella-classic\/#breadcrumb"},"inLanguage":"de","potentialAction":[{"@type":"ReadAction","target":["https:\/\/www.mozzarisella.com\/de\/produkte\/mozzarisella-classic\/"]}]},{"@type":"ImageObject","inLanguage":"de","@id":"https:\/\/www.mozzarisella.com\/de\/produkte\/mozzarisella-classic\/#primaryimage","url":"https:\/\/www.mozzarisella.com\/wp-content\/uploads\/2019\/03\/mozzarisella-classica-1.png","contentUrl":"https:\/\/www.mozzarisella.com\/wp-content\/uploads\/2019\/03\/mozzarisella-classica-1.png","width":700,"height":262},{"@type":"BreadcrumbList","@id":"https:\/\/www.mozzarisella.com\/de\/produkte\/mozzarisella-classic\/#breadcrumb","itemListElement":[{"@type":"ListItem","position":1,"name":"Home","item":"https:\/\/www.mozzarisella.com\/de\/"},{"@type":"ListItem","position":2,"name":"Mozzarisella"}]},{"@type":"WebSite","@id":"https:\/\/www.mozzarisella.com\/de\/#website","url":"https:\/\/www.mozzarisella.com\/de\/","name":"Mozzarisella","description":"La forza del germoglio di riso integrale Italiano","publisher":{"@id":"https:\/\/www.mozzarisella.com\/de\/#organization"},"potentialAction":[{"@type":"SearchAction","target":{"@type":"EntryPoint","urlTemplate":"https:\/\/www.mozzarisella.com\/de\/?s={search_term_string}"},"query-input":{"@type":"PropertyValueSpecification","valueRequired":true,"valueName":"search_term_string"}}],"inLanguage":"de"},{"@type":"Organization","@id":"https:\/\/www.mozzarisella.com\/de\/#organization","name":"Mozzarisella","url":"https:\/\/www.mozzarisella.com\/de\/","logo":{"@type":"ImageObject","inLanguage":"de","@id":"https:\/\/www.mozzarisella.com\/de\/#\/schema\/logo\/image\/","url":"https:\/\/www.mozzarisella.com\/wp-content\/uploads\/2019\/06\/mozzarisella-logo-mobile.png","contentUrl":"https:\/\/www.mozzarisella.com\/wp-content\/uploads\/2019\/06\/mozzarisella-logo-mobile.png","width":400,"height":259,"caption":"Mozzarisella"},"image":{"@id":"https:\/\/www.mozzarisella.com\/de\/#\/schema\/logo\/image\/"}}]}},"_links":{"self":[{"href":"https:\/\/www.mozzarisella.com\/de\/wp-json\/wp\/v2\/product\/2121","targetHints":{"allow":["GET"]}}],"collection":[{"href":"https:\/\/www.mozzarisella.com\/de\/wp-json\/wp\/v2\/product"}],"about":[{"href":"https:\/\/www.mozzarisella.com\/de\/wp-json\/wp\/v2\/types\/product"}],"author":[{"embeddable":true,"href":"https:\/\/www.mozzarisella.com\/de\/wp-json\/wp\/v2\/users\/5"}],"version-history":[{"count":9,"href":"https:\/\/www.mozzarisella.com\/de\/wp-json\/wp\/v2\/product\/2121\/revisions"}],"predecessor-version":[{"id":3919,"href":"https:\/\/www.mozzarisella.com\/de\/wp-json\/wp\/v2\/product\/2121\/revisions\/3919"}],"wp:featuredmedia":[{"embeddable":true,"href":"https:\/\/www.mozzarisella.com\/de\/wp-json\/wp\/v2\/media\/5011"}],"wp:attachment":[{"href":"https:\/\/www.mozzarisella.com\/de\/wp-json\/wp\/v2\/media?parent=2121"}],"wp:term":[{"taxonomy":"product_cat","embeddable":true,"href":"https:\/\/www.mozzarisella.com\/de\/wp-json\/wp\/v2\/product_cat?post=2121"}],"curies":[{"name":"wp","href":"https:\/\/api.w.org\/{rel}","templated":true}]}}