{"id":2125,"date":"2019-03-18T15:56:52","date_gmt":"2019-03-18T14:56:52","guid":{"rendered":"https:\/\/www.mozzarisella.com\/product\/spalmarisella\/"},"modified":"2022-10-25T12:31:16","modified_gmt":"2022-10-25T10:31:16","slug":"spreadable-classic","status":"publish","type":"product","link":"https:\/\/www.mozzarisella.com\/de\/produkte\/spreadable-classic\/","title":{"rendered":"Mozzarisella Speradable Classic"},"content":{"rendered":"<p><!--StartFragment--><\/p>\n\n\n<p class=\"has-text-color\" style=\"color:#cb9e4d;font-size:18px\"><strong>EIGENSCHAFTEN<\/strong><\/p>\n\n\n\n<p>Spreadable Classic ist wie alle unsere pflanzlichen Alternativen ein veganes Produkt, das frei von tierischen Derivaten und Allergenen ist. Enth\u00e4lt keine Konservierungsstoffe oder Farbstoffe. In den K\u00fchlschrankabteilungen der besten Bio-Superm\u00e4rkte erh\u00e4ltlich. In der Produktion werden keine<br> Chemikalien oder synthetischen Molek\u00fcle verwendet und die auptzutaten sind durch die Europ\u00e4ische Verordnung f\u00fcr den biologischen Landbau zertifiziert.<\/p>\n\n\n\n<p class=\"has-text-color\" style=\"color:#cb9e4d;font-size:18px\"><strong>GEBRAUCHSANWEISUNG<\/strong><\/p>\n\n\n\n<p>Leicht und zart, weich und streichf\u00e4hig. In Kombination mit frischem oder gekochtem Gem\u00fcse und allen H\u00fclsenfr\u00fcchten, sehr gut auch einfach auf Brot oder Zwieback f\u00fcr einen schnellen Snack, leckerer Aufstrich mit ein paar Oliven oder mit frischen oder getrockneten Tomaten. Ideal auch bei<br> der Zubereitung von pflanzlichem Bechamel, sowie auch um usgezeichnete Cremes zum W\u00fcrzen von Nudeln und Getreide zuzubereiten. Nach dem \u00d6ffnen sollte es innerhalb weniger Tage als normales Frischprodukt verzehrt werden.<\/p>\n\n\n\n<hr class=\"wp-block-separator\"\/>\n\n\n\n<div style=\"line-height: 20px;\"><strong>100% PFLANZLICHE LEBENSMITTELZUBEREITUNG<\/strong><\/div><div style=\"line-height: 20px;margin-bottom:15px;\"><strong>AUF BASIS VON GEKEIMTEM VOLLKORNREIS<\/strong><\/div>\n\n\n\n<p>Zutaten: Zubereitung auf Basis von Bio SuRice \u00ae* 46% (Wasser, gekeimter Vollkornreis* 20,8%, Salz, Apfelessig<em>), Wasser, kaltgepresstes Kokos\u00f6l<\/em>, Reissirup<em>, Zitronensaft<\/em>. Verdickungsmittel: Agar-Agar<em>, Gummi Arabikum<\/em>, Xanthan-Gummi<em>, Johannisbrotkernmehl<\/em>. Aromen: nat\u00fcrliches Aroma*.<\/p>\n\n\n\n<p>*(AUS BIOLOGISCHEM ANBAU).<br> GEWICHT: 200g<\/p>\n\n\n\n<hr class=\"wp-block-separator\"\/>\n\n\n\n<p><strong>Durchschnittliche N\u00e4hrwertangaben<br><\/strong> Pro 100 g<\/p>\n\n\n\n<figure class=\"wp-block-table\"><table><tbody><tr><td>Energie<\/td><td>940kJ &#8211; 227 kcal<\/td><\/tr><tr><td>Fett<br>davon ges\u00e4ttigte Fetts\u00e4uren<\/td><td>20,0 g<br>19,0 g <\/td><\/tr><tr><td>Kohlenhydrate<br> davon Zucker<\/td><td>10,0 g<br>1,0 g<\/td><\/tr><tr><td>Ballaststoffe<\/td><td>2,0 g<\/td><\/tr><tr><td>Protein<\/td><td>0,7 g<\/td><\/tr><tr><td>Salz<\/td><td>1,0 g<\/td><\/tr><tr><td>Cholesterin<\/td><td>0,0 g<\/td><\/tr><\/tbody><\/table><\/figure>\n\n\n\n<p><strong>Bei Unvertr\u00e4glichkeit gegen\u00fcber Milch und Derivaten angezeigt<\/strong><\/p>\n\n\n<p><!--EndFragment--><\/p>","protected":false},"excerpt":{"rendered":"<p>Aufstrich mit<br \/>zartem Geschmack<br \/><strong>200g<\/strong><\/p>\n","protected":false},"author":5,"featured_media":3773,"parent":0,"menu_order":30,"template":"","format":"standard","meta":{"_acf_changed":false,"footnotes":""},"product_cat":[51],"class_list":["post-2125","product","type-product","status-publish","format-standard","has-post-thumbnail","hentry","product_cat-mozzarisella"],"acf":[],"yoast_head":"<title>Mozzarisella Speradable Classic<\/title>\n<meta name=\"robots\" content=\"index, follow, max-snippet:-1, max-image-preview:large, max-video-preview:-1\" \/>\n<link rel=\"canonical\" href=\"https:\/\/www.mozzarisella.com\/de\/produkte\/spreadable-classic\/\" \/>\n<meta property=\"og:locale\" content=\"de_DE\" \/>\n<meta property=\"og:type\" content=\"article\" \/>\n<meta property=\"og:title\" content=\"Mozzarisella Speradable Classic\" \/>\n<meta property=\"og:description\" content=\"Aufstrich mitzartem Geschmack200g\" \/>\n<meta property=\"og:url\" content=\"https:\/\/www.mozzarisella.com\/de\/produkte\/spreadable-classic\/\" \/>\n<meta property=\"og:site_name\" content=\"Mozzarisella\" \/>\n<meta property=\"article:modified_time\" content=\"2022-10-25T10:31:16+00:00\" \/>\n<meta property=\"og:image\" content=\"https:\/\/www.mozzarisella.com\/wp-content\/uploads\/2019\/03\/mzr_spread_classic_150g_EN_LR.jpg\" \/>\n\t<meta property=\"og:image:width\" content=\"1181\" \/>\n\t<meta property=\"og:image:height\" content=\"787\" \/>\n\t<meta property=\"og:image:type\" content=\"image\/jpeg\" \/>\n<meta name=\"twitter:card\" content=\"summary_large_image\" \/>\n<meta name=\"twitter:label1\" content=\"Gesch\u00e4tzte Lesezeit\" \/>\n\t<meta name=\"twitter:data1\" content=\"1\u00a0Minute\" \/>\n<script type=\"application\/ld+json\" class=\"yoast-schema-graph\">{\"@context\":\"https:\/\/schema.org\",\"@graph\":[{\"@type\":\"WebPage\",\"@id\":\"https:\/\/www.mozzarisella.com\/de\/produkte\/spreadable-classic\/\",\"url\":\"https:\/\/www.mozzarisella.com\/de\/produkte\/spreadable-classic\/\",\"name\":\"Mozzarisella Speradable Classic\",\"isPartOf\":{\"@id\":\"https:\/\/www.mozzarisella.com\/de\/#website\"},\"primaryImageOfPage\":{\"@id\":\"https:\/\/www.mozzarisella.com\/de\/produkte\/spreadable-classic\/#primaryimage\"},\"image\":{\"@id\":\"https:\/\/www.mozzarisella.com\/de\/produkte\/spreadable-classic\/#primaryimage\"},\"thumbnailUrl\":\"https:\/\/www.mozzarisella.com\/wp-content\/uploads\/2019\/03\/mzr_spread_classic_150g_EN_LR.jpg\",\"datePublished\":\"2019-03-18T14:56:52+00:00\",\"dateModified\":\"2022-10-25T10:31:16+00:00\",\"breadcrumb\":{\"@id\":\"https:\/\/www.mozzarisella.com\/de\/produkte\/spreadable-classic\/#breadcrumb\"},\"inLanguage\":\"de\",\"potentialAction\":[{\"@type\":\"ReadAction\",\"target\":[\"https:\/\/www.mozzarisella.com\/de\/produkte\/spreadable-classic\/\"]}]},{\"@type\":\"ImageObject\",\"inLanguage\":\"de\",\"@id\":\"https:\/\/www.mozzarisella.com\/de\/produkte\/spreadable-classic\/#primaryimage\",\"url\":\"https:\/\/www.mozzarisella.com\/wp-content\/uploads\/2019\/03\/mzr_spread_classic_150g_EN_LR.jpg\",\"contentUrl\":\"https:\/\/www.mozzarisella.com\/wp-content\/uploads\/2019\/03\/mzr_spread_classic_150g_EN_LR.jpg\",\"width\":1181,\"height\":787,\"caption\":\"White container for margarine spread, butter or melted cheese, front and upper view on white background. Packaging collection.\"},{\"@type\":\"BreadcrumbList\",\"@id\":\"https:\/\/www.mozzarisella.com\/de\/produkte\/spreadable-classic\/#breadcrumb\",\"itemListElement\":[{\"@type\":\"ListItem\",\"position\":1,\"name\":\"Home\",\"item\":\"https:\/\/www.mozzarisella.com\/de\/\"},{\"@type\":\"ListItem\",\"position\":2,\"name\":\"Mozzarisella Speradable Classic\"}]},{\"@type\":\"WebSite\",\"@id\":\"https:\/\/www.mozzarisella.com\/de\/#website\",\"url\":\"https:\/\/www.mozzarisella.com\/de\/\",\"name\":\"Mozzarisella\",\"description\":\"La forza del germoglio di riso integrale Italiano\",\"publisher\":{\"@id\":\"https:\/\/www.mozzarisella.com\/de\/#organization\"},\"potentialAction\":[{\"@type\":\"SearchAction\",\"target\":{\"@type\":\"EntryPoint\",\"urlTemplate\":\"https:\/\/www.mozzarisella.com\/de\/?s={search_term_string}\"},\"query-input\":{\"@type\":\"PropertyValueSpecification\",\"valueRequired\":true,\"valueName\":\"search_term_string\"}}],\"inLanguage\":\"de\"},{\"@type\":\"Organization\",\"@id\":\"https:\/\/www.mozzarisella.com\/de\/#organization\",\"name\":\"Mozzarisella\",\"url\":\"https:\/\/www.mozzarisella.com\/de\/\",\"logo\":{\"@type\":\"ImageObject\",\"inLanguage\":\"de\",\"@id\":\"https:\/\/www.mozzarisella.com\/de\/#\/schema\/logo\/image\/\",\"url\":\"https:\/\/www.mozzarisella.com\/wp-content\/uploads\/2019\/06\/mozzarisella-logo-mobile.png\",\"contentUrl\":\"https:\/\/www.mozzarisella.com\/wp-content\/uploads\/2019\/06\/mozzarisella-logo-mobile.png\",\"width\":400,\"height\":259,\"caption\":\"Mozzarisella\"},\"image\":{\"@id\":\"https:\/\/www.mozzarisella.com\/de\/#\/schema\/logo\/image\/\"}}]}<\/script>","yoast_head_json":{"title":"Mozzarisella Speradable Classic","robots":{"index":"index","follow":"follow","max-snippet":"max-snippet:-1","max-image-preview":"max-image-preview:large","max-video-preview":"max-video-preview:-1"},"canonical":"https:\/\/www.mozzarisella.com\/de\/produkte\/spreadable-classic\/","og_locale":"de_DE","og_type":"article","og_title":"Mozzarisella Speradable Classic","og_description":"Aufstrich mitzartem Geschmack200g","og_url":"https:\/\/www.mozzarisella.com\/de\/produkte\/spreadable-classic\/","og_site_name":"Mozzarisella","article_modified_time":"2022-10-25T10:31:16+00:00","og_image":[{"width":1181,"height":787,"url":"https:\/\/www.mozzarisella.com\/wp-content\/uploads\/2019\/03\/mzr_spread_classic_150g_EN_LR.jpg","type":"image\/jpeg"}],"twitter_card":"summary_large_image","twitter_misc":{"Gesch\u00e4tzte Lesezeit":"1\u00a0Minute"},"schema":{"@context":"https:\/\/schema.org","@graph":[{"@type":"WebPage","@id":"https:\/\/www.mozzarisella.com\/de\/produkte\/spreadable-classic\/","url":"https:\/\/www.mozzarisella.com\/de\/produkte\/spreadable-classic\/","name":"Mozzarisella Speradable Classic","isPartOf":{"@id":"https:\/\/www.mozzarisella.com\/de\/#website"},"primaryImageOfPage":{"@id":"https:\/\/www.mozzarisella.com\/de\/produkte\/spreadable-classic\/#primaryimage"},"image":{"@id":"https:\/\/www.mozzarisella.com\/de\/produkte\/spreadable-classic\/#primaryimage"},"thumbnailUrl":"https:\/\/www.mozzarisella.com\/wp-content\/uploads\/2019\/03\/mzr_spread_classic_150g_EN_LR.jpg","datePublished":"2019-03-18T14:56:52+00:00","dateModified":"2022-10-25T10:31:16+00:00","breadcrumb":{"@id":"https:\/\/www.mozzarisella.com\/de\/produkte\/spreadable-classic\/#breadcrumb"},"inLanguage":"de","potentialAction":[{"@type":"ReadAction","target":["https:\/\/www.mozzarisella.com\/de\/produkte\/spreadable-classic\/"]}]},{"@type":"ImageObject","inLanguage":"de","@id":"https:\/\/www.mozzarisella.com\/de\/produkte\/spreadable-classic\/#primaryimage","url":"https:\/\/www.mozzarisella.com\/wp-content\/uploads\/2019\/03\/mzr_spread_classic_150g_EN_LR.jpg","contentUrl":"https:\/\/www.mozzarisella.com\/wp-content\/uploads\/2019\/03\/mzr_spread_classic_150g_EN_LR.jpg","width":1181,"height":787,"caption":"White container for margarine spread, butter or melted cheese, front and upper view on white background. Packaging collection."},{"@type":"BreadcrumbList","@id":"https:\/\/www.mozzarisella.com\/de\/produkte\/spreadable-classic\/#breadcrumb","itemListElement":[{"@type":"ListItem","position":1,"name":"Home","item":"https:\/\/www.mozzarisella.com\/de\/"},{"@type":"ListItem","position":2,"name":"Mozzarisella Speradable Classic"}]},{"@type":"WebSite","@id":"https:\/\/www.mozzarisella.com\/de\/#website","url":"https:\/\/www.mozzarisella.com\/de\/","name":"Mozzarisella","description":"La forza del germoglio di riso integrale Italiano","publisher":{"@id":"https:\/\/www.mozzarisella.com\/de\/#organization"},"potentialAction":[{"@type":"SearchAction","target":{"@type":"EntryPoint","urlTemplate":"https:\/\/www.mozzarisella.com\/de\/?s={search_term_string}"},"query-input":{"@type":"PropertyValueSpecification","valueRequired":true,"valueName":"search_term_string"}}],"inLanguage":"de"},{"@type":"Organization","@id":"https:\/\/www.mozzarisella.com\/de\/#organization","name":"Mozzarisella","url":"https:\/\/www.mozzarisella.com\/de\/","logo":{"@type":"ImageObject","inLanguage":"de","@id":"https:\/\/www.mozzarisella.com\/de\/#\/schema\/logo\/image\/","url":"https:\/\/www.mozzarisella.com\/wp-content\/uploads\/2019\/06\/mozzarisella-logo-mobile.png","contentUrl":"https:\/\/www.mozzarisella.com\/wp-content\/uploads\/2019\/06\/mozzarisella-logo-mobile.png","width":400,"height":259,"caption":"Mozzarisella"},"image":{"@id":"https:\/\/www.mozzarisella.com\/de\/#\/schema\/logo\/image\/"}}]}},"_links":{"self":[{"href":"https:\/\/www.mozzarisella.com\/de\/wp-json\/wp\/v2\/product\/2125","targetHints":{"allow":["GET"]}}],"collection":[{"href":"https:\/\/www.mozzarisella.com\/de\/wp-json\/wp\/v2\/product"}],"about":[{"href":"https:\/\/www.mozzarisella.com\/de\/wp-json\/wp\/v2\/types\/product"}],"author":[{"embeddable":true,"href":"https:\/\/www.mozzarisella.com\/de\/wp-json\/wp\/v2\/users\/5"}],"version-history":[{"count":6,"href":"https:\/\/www.mozzarisella.com\/de\/wp-json\/wp\/v2\/product\/2125\/revisions"}],"predecessor-version":[{"id":3922,"href":"https:\/\/www.mozzarisella.com\/de\/wp-json\/wp\/v2\/product\/2125\/revisions\/3922"}],"wp:featuredmedia":[{"embeddable":true,"href":"https:\/\/www.mozzarisella.com\/de\/wp-json\/wp\/v2\/media\/3773"}],"wp:attachment":[{"href":"https:\/\/www.mozzarisella.com\/de\/wp-json\/wp\/v2\/media?parent=2125"}],"wp:term":[{"taxonomy":"product_cat","embeddable":true,"href":"https:\/\/www.mozzarisella.com\/de\/wp-json\/wp\/v2\/product_cat?post=2125"}],"curies":[{"name":"wp","href":"https:\/\/api.w.org\/{rel}","templated":true}]}}