{"id":3057,"date":"2021-06-17T11:46:12","date_gmt":"2021-06-17T09:46:12","guid":{"rendered":"https:\/\/www.mozzarisella.com\/product\/mascarice\/"},"modified":"2022-10-25T12:31:44","modified_gmt":"2022-10-25T10:31:44","slug":"mascarice","status":"publish","type":"product","link":"https:\/\/www.mozzarisella.com\/de\/produkte\/mascarice\/","title":{"rendered":"MascaRice"},"content":{"rendered":"\n<p style=\"color:#cb9e4d;font-size:18px\" class=\"has-text-color\"><strong>LEICHT UND LOCKER<\/strong><\/p>\n\n\n\n<p>EIN LECKERES, ABER GESUNDES DESSERT, ZUBEREITET IN SEKUNDENSCHNELLE UND AUS WENIGEN ZUTATEN? DAS IST JETZT M\u00d6GLICH DANK MASCARICE. SEHEN SIE SICH UNSER REZEPTVIDEO AN UND KREIEREN SIE WUNDERBARE, UNVERF\u00c4LSCHTE UND REINE S\u00dc\u00dfSPEISEN.<\/p>\n\n\n\n<hr class=\"wp-block-separator\"\/>\n\n\n\n<p style=\"color:#cb9e4d;font-size:18px\" class=\"has-text-color\"><strong>DIE EIGENSCHAFTEN VON MASCARICE<\/strong><\/p>\n\n\n\n<p>Die erste pflanzliche Creme aus Bio Surice (Naturreissprossen) f\u00fcr\nunz\u00e4hlige Rezeptideen.<\/p>\n\n\n\n<p>Dank au\u00dfergew\u00f6hnlicher, durch Masanobu Fukuoka und die Permakultur\ninspirierter Anbaumethoden entsteht ein Reis voller lebenswichtiger\nEigenschaften, verst\u00e4rkt noch durch die Keimung zur Herstellung der k\u00f6stlichen\nbiologischen Creme MascaRice.\n\nWenn Sie MascaRice probieren, werden Sie von dem Geschmack, der Textur,\nder Farbe, dem Aroma und der Vielseitigkeit \u00fcberrascht sein.\n\n\n\n<\/p>\n\n\n\n<ul class=\"wp-block-list\"><li> Dank der schonenden Pasteurisierung und der K\u00fchlung entsteht <strong>ein Produkt, das\u00a0 die wertvollen N\u00e4hrstoffe der Reissprosse bewahrt<\/strong>;<\/li><li><strong>KOMPLETT OHNE ALLERGENE, EI, GLUTEN, LAKTOSE, SOJA<\/strong>: ein erfrischendes, ausgewogenes und ganzheitliches Nahrungsmittel;<\/li><li><strong>OHNE      AROMEN<\/strong>, besondere Rezeptur mit      einem nat\u00fcrlichen, feinen Geschmack;<\/li><li>Nur die S\u00fc\u00dfe von Reis, <strong>OHNE ZUS\u00c4TZLICHEN ZUCKER.<\/strong><\/li><\/ul>\n\n\n\n<p>OPTIMAL AUCH F\u00dcR HERZHAFTE REZEPTE! DIE GESAMTE ENERGIE UND DER GESCHMACK VON BIO SURICE IN EINER PRAKTISCHEN, WIEDERVERSCHLIE\u00dfBAREN 150-g-PACKUNG.<\/p>\n\n\n\n<hr class=\"wp-block-separator\"\/>\n\n\n\n<p style=\"color:#cb9e4d;font-size:18px\" class=\"has-text-color\"><strong>VERWENDUNG VON MASCARICE<\/strong><\/p>\n\n\n\n<p>Die erste Creme aus Bio-Surice\n(Naturreissprossen), ideal f\u00fcr die Zubereitung gesunder, erfrischender und\nausgewogener S\u00fc\u00dfspeisen.&nbsp;<\/p>\n\n\n\n<p>Leicht und cremig mit einem au\u00dfergew\u00f6hnlich\nmilden Geschmack: eine leicht zu verarbeitende Creme mit einem vollen, runden\nGeschmack.\n\nF\u00dcR\nSCH\u00d6NE, LEICHTE TAGE DANK LECKERER S\u00dc\u00dfSPEISEN UND DESSERTS AUS MASCARICE!\n\n\n\n<\/p>\n\n\n\n<p><\/p>\n\n\n\n<hr class=\"wp-block-separator\"\/>\n\n\n\n<div style=\"line-height: 20px;\"><strong>LECKERE PFLANZLICHE NAHRUNGSMITTELZUBEREITUNG<\/strong><\/div><div style=\"line-height: 20px;margin-bottom:15px;\"><strong>AUS BIO SURICE (NATURREISSPROSSEN)<\/strong><\/div>\n\n\n\n<p>Zutaten: pflanzliche Zubereitung Bio SuRice Cream 74 % (Wasser, Naturreissprossen 30 %), Kokosnuss\u00f6l, Agaveninulin, Verdickungsmittel: Gummi arabicum, Natriumalginat, Johannisbrotkernmehl, Erbsenprotein. <\/p>\n\n\n\n<p><strong>OHNE ALLERGENE, F\u00dcR PERSONEN MIT UNVERTR\u00c4GLICHKEIT GEGEN MILCH, GLUTEN, EIER, SOJA UND DERIVATE<\/strong><\/p>\n\n\n\n<p>(AUS BIOLOGISCHER LANDWIRTSCHAFT NACH DEM KONZEPT DER PERMAKULTUR).<\/p>\n\n\n\n<p>GEWICHT: 150 g<\/p>\n\n\n\n<hr class=\"wp-block-separator\"\/>\n\n\n\n<p><strong>Durchschnittliche N\u00e4hrwertangaben<\/strong><br>Je 100 g Produkt<\/p>\n\n\n\n<table class=\"wp-block-table\"><tbody><tr><td>Energie<\/td><td>1174 kJ \u2013 283 kcal<\/td><\/tr><tr><td>Fett<br>davon ges\u00e4ttigte Fetts\u00e4uren<\/td><td>21,4 g<br>17,3 g <\/td><\/tr><tr><td>Kohlenhydrate<br>davon Zucker<\/td><td>19,4 g<br>11,7 g<\/td><\/tr><tr><td>Ballaststoffe<\/td><td>2,6 g<\/td><\/tr><tr><td>Eiwei\u00df<\/td><td>1,9 g<\/td><\/tr><tr><td>Salz<\/td><td>0,3 g<\/td><\/tr><\/tbody><\/table>\n","protected":false},"excerpt":{"rendered":"<p>Die erste pflanzliche Creme aus Bio Surice<br \/>f\u00fcr unz\u00e4hlige Rezeptideen.<br \/><strong>150g<\/strong><\/p>\n","protected":false},"author":5,"featured_media":3072,"parent":0,"menu_order":42,"template":"","format":"standard","meta":{"_acf_changed":false,"footnotes":""},"product_cat":[51],"class_list":["post-3057","product","type-product","status-publish","format-standard","has-post-thumbnail","hentry","product_cat-mozzarisella"],"acf":[],"yoast_head":"<title>MascaRice<\/title>\n<meta name=\"robots\" content=\"index, follow, max-snippet:-1, max-image-preview:large, max-video-preview:-1\" \/>\n<link rel=\"canonical\" href=\"https:\/\/www.mozzarisella.com\/de\/produkte\/mascarice\/\" \/>\n<meta property=\"og:locale\" content=\"de_DE\" \/>\n<meta property=\"og:type\" content=\"article\" \/>\n<meta property=\"og:title\" content=\"MascaRice\" \/>\n<meta property=\"og:description\" content=\"Die erste pflanzliche Creme aus Bio Suricef\u00fcr unz\u00e4hlige Rezeptideen.150g\" \/>\n<meta property=\"og:url\" content=\"https:\/\/www.mozzarisella.com\/de\/produkte\/mascarice\/\" \/>\n<meta property=\"og:site_name\" content=\"Mozzarisella\" \/>\n<meta property=\"article:modified_time\" content=\"2022-10-25T10:31:44+00:00\" \/>\n<meta property=\"og:image\" content=\"https:\/\/www.mozzarisella.com\/wp-content\/uploads\/2021\/06\/mascarice_150g_DE_render.png\" \/>\n\t<meta property=\"og:image:width\" content=\"700\" \/>\n\t<meta property=\"og:image:height\" content=\"347\" \/>\n\t<meta property=\"og:image:type\" content=\"image\/png\" \/>\n<meta name=\"twitter:card\" content=\"summary_large_image\" \/>\n<meta name=\"twitter:label1\" content=\"Gesch\u00e4tzte Lesezeit\" \/>\n\t<meta name=\"twitter:data1\" content=\"2\u00a0Minuten\" \/>\n<script type=\"application\/ld+json\" class=\"yoast-schema-graph\">{\"@context\":\"https:\/\/schema.org\",\"@graph\":[{\"@type\":\"WebPage\",\"@id\":\"https:\/\/www.mozzarisella.com\/de\/produkte\/mascarice\/\",\"url\":\"https:\/\/www.mozzarisella.com\/de\/produkte\/mascarice\/\",\"name\":\"MascaRice\",\"isPartOf\":{\"@id\":\"https:\/\/www.mozzarisella.com\/de\/#website\"},\"primaryImageOfPage\":{\"@id\":\"https:\/\/www.mozzarisella.com\/de\/produkte\/mascarice\/#primaryimage\"},\"image\":{\"@id\":\"https:\/\/www.mozzarisella.com\/de\/produkte\/mascarice\/#primaryimage\"},\"thumbnailUrl\":\"https:\/\/www.mozzarisella.com\/wp-content\/uploads\/2021\/06\/mascarice_150g_DE_render.png\",\"datePublished\":\"2021-06-17T09:46:12+00:00\",\"dateModified\":\"2022-10-25T10:31:44+00:00\",\"breadcrumb\":{\"@id\":\"https:\/\/www.mozzarisella.com\/de\/produkte\/mascarice\/#breadcrumb\"},\"inLanguage\":\"de\",\"potentialAction\":[{\"@type\":\"ReadAction\",\"target\":[\"https:\/\/www.mozzarisella.com\/de\/produkte\/mascarice\/\"]}]},{\"@type\":\"ImageObject\",\"inLanguage\":\"de\",\"@id\":\"https:\/\/www.mozzarisella.com\/de\/produkte\/mascarice\/#primaryimage\",\"url\":\"https:\/\/www.mozzarisella.com\/wp-content\/uploads\/2021\/06\/mascarice_150g_DE_render.png\",\"contentUrl\":\"https:\/\/www.mozzarisella.com\/wp-content\/uploads\/2021\/06\/mascarice_150g_DE_render.png\",\"width\":700,\"height\":347},{\"@type\":\"BreadcrumbList\",\"@id\":\"https:\/\/www.mozzarisella.com\/de\/produkte\/mascarice\/#breadcrumb\",\"itemListElement\":[{\"@type\":\"ListItem\",\"position\":1,\"name\":\"Home\",\"item\":\"https:\/\/www.mozzarisella.com\/de\/\"},{\"@type\":\"ListItem\",\"position\":2,\"name\":\"MascaRice\"}]},{\"@type\":\"WebSite\",\"@id\":\"https:\/\/www.mozzarisella.com\/de\/#website\",\"url\":\"https:\/\/www.mozzarisella.com\/de\/\",\"name\":\"Mozzarisella\",\"description\":\"La forza del germoglio di riso integrale Italiano\",\"publisher\":{\"@id\":\"https:\/\/www.mozzarisella.com\/de\/#organization\"},\"potentialAction\":[{\"@type\":\"SearchAction\",\"target\":{\"@type\":\"EntryPoint\",\"urlTemplate\":\"https:\/\/www.mozzarisella.com\/de\/?s={search_term_string}\"},\"query-input\":{\"@type\":\"PropertyValueSpecification\",\"valueRequired\":true,\"valueName\":\"search_term_string\"}}],\"inLanguage\":\"de\"},{\"@type\":\"Organization\",\"@id\":\"https:\/\/www.mozzarisella.com\/de\/#organization\",\"name\":\"Mozzarisella\",\"url\":\"https:\/\/www.mozzarisella.com\/de\/\",\"logo\":{\"@type\":\"ImageObject\",\"inLanguage\":\"de\",\"@id\":\"https:\/\/www.mozzarisella.com\/de\/#\/schema\/logo\/image\/\",\"url\":\"https:\/\/www.mozzarisella.com\/wp-content\/uploads\/2019\/06\/mozzarisella-logo-mobile.png\",\"contentUrl\":\"https:\/\/www.mozzarisella.com\/wp-content\/uploads\/2019\/06\/mozzarisella-logo-mobile.png\",\"width\":400,\"height\":259,\"caption\":\"Mozzarisella\"},\"image\":{\"@id\":\"https:\/\/www.mozzarisella.com\/de\/#\/schema\/logo\/image\/\"}}]}<\/script>","yoast_head_json":{"title":"MascaRice","robots":{"index":"index","follow":"follow","max-snippet":"max-snippet:-1","max-image-preview":"max-image-preview:large","max-video-preview":"max-video-preview:-1"},"canonical":"https:\/\/www.mozzarisella.com\/de\/produkte\/mascarice\/","og_locale":"de_DE","og_type":"article","og_title":"MascaRice","og_description":"Die erste pflanzliche Creme aus Bio Suricef\u00fcr unz\u00e4hlige Rezeptideen.150g","og_url":"https:\/\/www.mozzarisella.com\/de\/produkte\/mascarice\/","og_site_name":"Mozzarisella","article_modified_time":"2022-10-25T10:31:44+00:00","og_image":[{"width":700,"height":347,"url":"https:\/\/www.mozzarisella.com\/wp-content\/uploads\/2021\/06\/mascarice_150g_DE_render.png","type":"image\/png"}],"twitter_card":"summary_large_image","twitter_misc":{"Gesch\u00e4tzte Lesezeit":"2\u00a0Minuten"},"schema":{"@context":"https:\/\/schema.org","@graph":[{"@type":"WebPage","@id":"https:\/\/www.mozzarisella.com\/de\/produkte\/mascarice\/","url":"https:\/\/www.mozzarisella.com\/de\/produkte\/mascarice\/","name":"MascaRice","isPartOf":{"@id":"https:\/\/www.mozzarisella.com\/de\/#website"},"primaryImageOfPage":{"@id":"https:\/\/www.mozzarisella.com\/de\/produkte\/mascarice\/#primaryimage"},"image":{"@id":"https:\/\/www.mozzarisella.com\/de\/produkte\/mascarice\/#primaryimage"},"thumbnailUrl":"https:\/\/www.mozzarisella.com\/wp-content\/uploads\/2021\/06\/mascarice_150g_DE_render.png","datePublished":"2021-06-17T09:46:12+00:00","dateModified":"2022-10-25T10:31:44+00:00","breadcrumb":{"@id":"https:\/\/www.mozzarisella.com\/de\/produkte\/mascarice\/#breadcrumb"},"inLanguage":"de","potentialAction":[{"@type":"ReadAction","target":["https:\/\/www.mozzarisella.com\/de\/produkte\/mascarice\/"]}]},{"@type":"ImageObject","inLanguage":"de","@id":"https:\/\/www.mozzarisella.com\/de\/produkte\/mascarice\/#primaryimage","url":"https:\/\/www.mozzarisella.com\/wp-content\/uploads\/2021\/06\/mascarice_150g_DE_render.png","contentUrl":"https:\/\/www.mozzarisella.com\/wp-content\/uploads\/2021\/06\/mascarice_150g_DE_render.png","width":700,"height":347},{"@type":"BreadcrumbList","@id":"https:\/\/www.mozzarisella.com\/de\/produkte\/mascarice\/#breadcrumb","itemListElement":[{"@type":"ListItem","position":1,"name":"Home","item":"https:\/\/www.mozzarisella.com\/de\/"},{"@type":"ListItem","position":2,"name":"MascaRice"}]},{"@type":"WebSite","@id":"https:\/\/www.mozzarisella.com\/de\/#website","url":"https:\/\/www.mozzarisella.com\/de\/","name":"Mozzarisella","description":"La forza del germoglio di riso integrale Italiano","publisher":{"@id":"https:\/\/www.mozzarisella.com\/de\/#organization"},"potentialAction":[{"@type":"SearchAction","target":{"@type":"EntryPoint","urlTemplate":"https:\/\/www.mozzarisella.com\/de\/?s={search_term_string}"},"query-input":{"@type":"PropertyValueSpecification","valueRequired":true,"valueName":"search_term_string"}}],"inLanguage":"de"},{"@type":"Organization","@id":"https:\/\/www.mozzarisella.com\/de\/#organization","name":"Mozzarisella","url":"https:\/\/www.mozzarisella.com\/de\/","logo":{"@type":"ImageObject","inLanguage":"de","@id":"https:\/\/www.mozzarisella.com\/de\/#\/schema\/logo\/image\/","url":"https:\/\/www.mozzarisella.com\/wp-content\/uploads\/2019\/06\/mozzarisella-logo-mobile.png","contentUrl":"https:\/\/www.mozzarisella.com\/wp-content\/uploads\/2019\/06\/mozzarisella-logo-mobile.png","width":400,"height":259,"caption":"Mozzarisella"},"image":{"@id":"https:\/\/www.mozzarisella.com\/de\/#\/schema\/logo\/image\/"}}]}},"_links":{"self":[{"href":"https:\/\/www.mozzarisella.com\/de\/wp-json\/wp\/v2\/product\/3057","targetHints":{"allow":["GET"]}}],"collection":[{"href":"https:\/\/www.mozzarisella.com\/de\/wp-json\/wp\/v2\/product"}],"about":[{"href":"https:\/\/www.mozzarisella.com\/de\/wp-json\/wp\/v2\/types\/product"}],"author":[{"embeddable":true,"href":"https:\/\/www.mozzarisella.com\/de\/wp-json\/wp\/v2\/users\/5"}],"version-history":[{"count":2,"href":"https:\/\/www.mozzarisella.com\/de\/wp-json\/wp\/v2\/product\/3057\/revisions"}],"predecessor-version":[{"id":3076,"href":"https:\/\/www.mozzarisella.com\/de\/wp-json\/wp\/v2\/product\/3057\/revisions\/3076"}],"wp:featuredmedia":[{"embeddable":true,"href":"https:\/\/www.mozzarisella.com\/de\/wp-json\/wp\/v2\/media\/3072"}],"wp:attachment":[{"href":"https:\/\/www.mozzarisella.com\/de\/wp-json\/wp\/v2\/media?parent=3057"}],"wp:term":[{"taxonomy":"product_cat","embeddable":true,"href":"https:\/\/www.mozzarisella.com\/de\/wp-json\/wp\/v2\/product_cat?post=3057"}],"curies":[{"name":"wp","href":"https:\/\/api.w.org\/{rel}","templated":true}]}}