{"id":3602,"date":"2019-03-13T15:24:39","date_gmt":"2019-03-13T14:24:39","guid":{"rendered":"https:\/\/www.mozzarisella.com\/contattaci\/"},"modified":"2021-09-10T10:01:59","modified_gmt":"2021-09-10T08:01:59","slug":"bize-ulasin","status":"publish","type":"page","link":"https:\/\/www.mozzarisella.com\/tr\/bize-ulasin\/","title":{"rendered":"Bize Ula\u015f\u0131n"},"content":{"rendered":"<p>[BSRow][BSCol classi=&#8221;col-12 col-md-6&#8243;]<\/p>\n\n\n\n<p class=\"side_title has-text-color\" style=\"color:#cb9e4d;font-size:26px\"><strong>B\u0130LG\u0130 FORMU<\/strong><\/p>\n\n\n\n<div class=\"wpcf7 no-js\" id=\"wpcf7-f3608-o1\" lang=\"tr-TR\" dir=\"ltr\" data-wpcf7-id=\"3608\">\n<div class=\"screen-reader-response\"><p role=\"status\" aria-live=\"polite\" aria-atomic=\"true\"><\/p> <ul><\/ul><\/div>\n<form action=\"\/tr\/wp-json\/wp\/v2\/pages\/3602#wpcf7-f3608-o1\" method=\"post\" class=\"wpcf7-form init\" aria-label=\"\u0130leti\u015fim Formu\" novalidate=\"novalidate\" data-status=\"init\">\n<fieldset class=\"hidden-fields-container\"><input type=\"hidden\" name=\"_wpcf7\" value=\"3608\" \/><input type=\"hidden\" name=\"_wpcf7_version\" value=\"6.1.4\" \/><input type=\"hidden\" name=\"_wpcf7_locale\" value=\"tr_TR\" \/><input type=\"hidden\" name=\"_wpcf7_unit_tag\" value=\"wpcf7-f3608-o1\" \/><input type=\"hidden\" name=\"_wpcf7_container_post\" value=\"0\" \/><input type=\"hidden\" name=\"_wpcf7_posted_data_hash\" value=\"\" \/>\n<\/fieldset>\n<div class=\"ContactModule\">\n\t<div class=\"inputFormField\">\n\t\t<div>\n\t\t\t<p>\u0130sim ve Soy isim*\n\t\t\t<\/p>\n\t\t<\/div>\n\t\t<p><span class=\"wpcf7-form-control-wrap\" data-name=\"your-name\"><input size=\"40\" maxlength=\"400\" class=\"wpcf7-form-control wpcf7-text wpcf7-validates-as-required\" aria-required=\"true\" aria-invalid=\"false\" value=\"\" type=\"text\" name=\"your-name\" \/><\/span>\n\t\t<\/p>\n\t<\/div>\n\t<div class=\"inputFormField\">\n\t\t<div>\n\t\t\t<p>Email*\n\t\t\t<\/p>\n\t\t<\/div>\n\t\t<p><span class=\"wpcf7-form-control-wrap\" data-name=\"your-email\"><input size=\"40\" maxlength=\"400\" class=\"wpcf7-form-control wpcf7-email wpcf7-validates-as-required wpcf7-text wpcf7-validates-as-email\" aria-required=\"true\" aria-invalid=\"false\" value=\"\" type=\"email\" name=\"your-email\" \/><\/span>\n\t\t<\/p>\n\t<\/div>\n\t<div class=\"inputFormField\">\n\t\t<div>\n\t\t\t<p>\u0130letiniz*\n\t\t\t<\/p>\n\t\t<\/div>\n\t\t<p><span class=\"wpcf7-form-control-wrap\" data-name=\"your-message\"><textarea cols=\"40\" rows=\"10\" maxlength=\"2000\" class=\"wpcf7-form-control wpcf7-textarea wpcf7-validates-as-required\" aria-required=\"true\" aria-invalid=\"false\" name=\"your-message\"><\/textarea><\/span>\n\t\t<\/p>\n\t<\/div>\n\t<div class=\"FormField_privacybox\">\n\t\t<p><span class=\"wpcf7-form-control-wrap\" data-name=\"privacybox\"><span class=\"wpcf7-form-control wpcf7-acceptance\"><span class=\"wpcf7-list-item\"><input type=\"checkbox\" name=\"privacybox\" value=\"1\" aria-invalid=\"false\" \/><\/span><\/span><\/span> Gizlilik politikas\u0131n\u0131 okudu\u011fumu ve <a href=\"\/privacy-policy\/\" target=\"_blank\">anlad\u0131\u011f\u0131m\u0131 bildiririm<\/a>.*\n\t\t<\/p>\n\t<\/div>\n\t<p><input class=\"wpcf7-form-control wpcf7-submit has-spinner btnTipo1\" type=\"submit\" value=\"\u0130letinizi g\u00f6nderin \u00bb\" \/>\n\t<\/p>\n<\/div><p style=\"display: none !important;\" class=\"akismet-fields-container\" data-prefix=\"_wpcf7_ak_\"><label>&#916;<textarea name=\"_wpcf7_ak_hp_textarea\" cols=\"45\" rows=\"8\" maxlength=\"100\"><\/textarea><\/label><input type=\"hidden\" id=\"ak_js_1\" name=\"_wpcf7_ak_js\" value=\"42\"\/><script>document.getElementById( \"ak_js_1\" ).setAttribute( \"value\", ( new Date() ).getTime() );<\/script><\/p><div class=\"wpcf7-response-output\" aria-hidden=\"true\"><\/div>\n<\/form>\n<\/div>\n\n\n\n<p>[\/BSCol][BSCol classi=&#8221;col-12 col-md-6&#8243;]<\/p>\n\n\n\n<p class=\"side_title has-text-color\" style=\"color:#cb9e4d;font-size:26px\"><strong>ADRESLER<\/strong><\/p>\n\n\n\n<p>Email: info@mozzarisella.com<br>Tel. +39 0423.564602<\/p>\n\n\n\n<p class=\"side_title has-text-color\" style=\"color:#cb9e4d;font-size:26px\"><strong>Neredeyiz?<\/strong><\/p>\n\n\n\n<p><strong>Merkez Ofis<\/strong><\/p>\n\n\n\n<p>Mozzarisella | Frescolat S.r.l.<br>Via Paolo Vigan\u00f2 22 Caerano di San Marco (TV)<br>P.IVA e c.f. 03025540265<br>capitale sociale \u20ac 15.600 i.v.<br>R.E.A. TV-216662<\/p>\n\n\n\n<p><strong>Sadece bitkisel kaynakl\u0131 \u00fcr\u00fcnlerin \u00fcretiminde kullan\u0131lan \u00fcr\u00fcnler:<\/strong><\/p>\n\n\n\n<p>Via Costanza, 14\/1<br>31031 San Vito di Altivole<br>Treviso \u2013 ITALY<\/p>\n\n\n<p>[\/BSCol][\/BSRow]<\/p>\n","protected":false},"excerpt":{"rendered":"<p>B\u0130LG\u0130 FORMU ADRESLER Email: info@mozzarisella.comTel. +39 0423.564602 Neredeyiz? Merkez Ofis Mozzarisella | Frescolat S.r.l.Via Paolo Vigan\u00f2 22 Caerano di San Marco (TV)P.IVA e c.f. 03025540265capitale sociale \u20ac 15.600 i.v.R.E.A. TV-216662 Sadece bitkisel kaynakl\u0131 \u00fcr\u00fcnlerin \u00fcretiminde kullan\u0131lan \u00fcr\u00fcnler: Via Costanza, 14\/131031 San Vito di AltivoleTreviso \u2013 ITALY<\/p>\n","protected":false},"author":5,"featured_media":3123,"parent":0,"menu_order":0,"comment_status":"closed","ping_status":"closed","template":"","meta":{"_acf_changed":false,"footnotes":""},"class_list":["post-3602","page","type-page","status-publish","has-post-thumbnail","hentry"],"acf":[],"yoast_head":"<title>Bize Ula\u015f\u0131n<\/title>\n<meta name=\"robots\" content=\"index, follow, max-snippet:-1, max-image-preview:large, max-video-preview:-1\" \/>\n<link rel=\"canonical\" href=\"https:\/\/www.mozzarisella.com\/tr\/bize-ulasin\/\" \/>\n<meta property=\"og:locale\" content=\"tr_TR\" \/>\n<meta property=\"og:type\" content=\"article\" \/>\n<meta property=\"og:title\" content=\"Bize Ula\u015f\u0131n\" \/>\n<meta property=\"og:description\" content=\"B\u0130LG\u0130 FORMU ADRESLER Email: info@mozzarisella.comTel. +39 0423.564602 Neredeyiz? Merkez Ofis Mozzarisella | Frescolat S.r.l.Via Paolo Vigan\u00f2 22 Caerano di San Marco (TV)P.IVA e c.f. 03025540265capitale sociale \u20ac 15.600 i.v.R.E.A. TV-216662 Sadece bitkisel kaynakl\u0131 \u00fcr\u00fcnlerin \u00fcretiminde kullan\u0131lan \u00fcr\u00fcnler: Via Costanza, 14\/131031 San Vito di AltivoleTreviso \u2013 ITALY\" \/>\n<meta property=\"og:url\" content=\"https:\/\/www.mozzarisella.com\/tr\/bize-ulasin\/\" \/>\n<meta property=\"og:site_name\" content=\"Mozzarisella\" \/>\n<meta property=\"article:modified_time\" content=\"2021-09-10T08:01:59+00:00\" \/>\n<meta property=\"og:image\" content=\"https:\/\/www.mozzarisella.com\/wp-content\/uploads\/2019\/03\/slide_web.jpg\" \/>\n\t<meta property=\"og:image:width\" content=\"1920\" \/>\n\t<meta property=\"og:image:height\" content=\"1013\" \/>\n\t<meta property=\"og:image:type\" content=\"image\/jpeg\" \/>\n<meta name=\"twitter:card\" content=\"summary_large_image\" \/>\n<script type=\"application\/ld+json\" class=\"yoast-schema-graph\">{\"@context\":\"https:\/\/schema.org\",\"@graph\":[{\"@type\":\"WebPage\",\"@id\":\"https:\/\/www.mozzarisella.com\/tr\/bize-ulasin\/\",\"url\":\"https:\/\/www.mozzarisella.com\/tr\/bize-ulasin\/\",\"name\":\"Bize Ula\u015f\u0131n\",\"isPartOf\":{\"@id\":\"https:\/\/www.mozzarisella.com\/tr\/#website\"},\"primaryImageOfPage\":{\"@id\":\"https:\/\/www.mozzarisella.com\/tr\/bize-ulasin\/#primaryimage\"},\"image\":{\"@id\":\"https:\/\/www.mozzarisella.com\/tr\/bize-ulasin\/#primaryimage\"},\"thumbnailUrl\":\"https:\/\/www.mozzarisella.com\/wp-content\/uploads\/2019\/03\/slide_web.jpg\",\"datePublished\":\"2019-03-13T14:24:39+00:00\",\"dateModified\":\"2021-09-10T08:01:59+00:00\",\"breadcrumb\":{\"@id\":\"https:\/\/www.mozzarisella.com\/tr\/bize-ulasin\/#breadcrumb\"},\"inLanguage\":\"tr\",\"potentialAction\":[{\"@type\":\"ReadAction\",\"target\":[\"https:\/\/www.mozzarisella.com\/tr\/bize-ulasin\/\"]}]},{\"@type\":\"ImageObject\",\"inLanguage\":\"tr\",\"@id\":\"https:\/\/www.mozzarisella.com\/tr\/bize-ulasin\/#primaryimage\",\"url\":\"https:\/\/www.mozzarisella.com\/wp-content\/uploads\/2019\/03\/slide_web.jpg\",\"contentUrl\":\"https:\/\/www.mozzarisella.com\/wp-content\/uploads\/2019\/03\/slide_web.jpg\",\"width\":1920,\"height\":1013},{\"@type\":\"BreadcrumbList\",\"@id\":\"https:\/\/www.mozzarisella.com\/tr\/bize-ulasin\/#breadcrumb\",\"itemListElement\":[{\"@type\":\"ListItem\",\"position\":1,\"name\":\"Home\",\"item\":\"https:\/\/www.mozzarisella.com\/tr\/\"},{\"@type\":\"ListItem\",\"position\":2,\"name\":\"Bize Ula\u015f\u0131n\"}]},{\"@type\":\"WebSite\",\"@id\":\"https:\/\/www.mozzarisella.com\/tr\/#website\",\"url\":\"https:\/\/www.mozzarisella.com\/tr\/\",\"name\":\"Mozzarisella\",\"description\":\"La forza del germoglio di riso integrale Italiano\",\"publisher\":{\"@id\":\"https:\/\/www.mozzarisella.com\/tr\/#organization\"},\"potentialAction\":[{\"@type\":\"SearchAction\",\"target\":{\"@type\":\"EntryPoint\",\"urlTemplate\":\"https:\/\/www.mozzarisella.com\/tr\/?s={search_term_string}\"},\"query-input\":{\"@type\":\"PropertyValueSpecification\",\"valueRequired\":true,\"valueName\":\"search_term_string\"}}],\"inLanguage\":\"tr\"},{\"@type\":\"Organization\",\"@id\":\"https:\/\/www.mozzarisella.com\/tr\/#organization\",\"name\":\"Mozzarisella\",\"url\":\"https:\/\/www.mozzarisella.com\/tr\/\",\"logo\":{\"@type\":\"ImageObject\",\"inLanguage\":\"tr\",\"@id\":\"https:\/\/www.mozzarisella.com\/tr\/#\/schema\/logo\/image\/\",\"url\":\"https:\/\/www.mozzarisella.com\/wp-content\/uploads\/2019\/06\/mozzarisella-logo-mobile.png\",\"contentUrl\":\"https:\/\/www.mozzarisella.com\/wp-content\/uploads\/2019\/06\/mozzarisella-logo-mobile.png\",\"width\":400,\"height\":259,\"caption\":\"Mozzarisella\"},\"image\":{\"@id\":\"https:\/\/www.mozzarisella.com\/tr\/#\/schema\/logo\/image\/\"}}]}<\/script>","yoast_head_json":{"title":"Bize Ula\u015f\u0131n","robots":{"index":"index","follow":"follow","max-snippet":"max-snippet:-1","max-image-preview":"max-image-preview:large","max-video-preview":"max-video-preview:-1"},"canonical":"https:\/\/www.mozzarisella.com\/tr\/bize-ulasin\/","og_locale":"tr_TR","og_type":"article","og_title":"Bize Ula\u015f\u0131n","og_description":"B\u0130LG\u0130 FORMU ADRESLER Email: info@mozzarisella.comTel. +39 0423.564602 Neredeyiz? Merkez Ofis Mozzarisella | Frescolat S.r.l.Via Paolo Vigan\u00f2 22 Caerano di San Marco (TV)P.IVA e c.f. 03025540265capitale sociale \u20ac 15.600 i.v.R.E.A. TV-216662 Sadece bitkisel kaynakl\u0131 \u00fcr\u00fcnlerin \u00fcretiminde kullan\u0131lan \u00fcr\u00fcnler: Via Costanza, 14\/131031 San Vito di AltivoleTreviso \u2013 ITALY","og_url":"https:\/\/www.mozzarisella.com\/tr\/bize-ulasin\/","og_site_name":"Mozzarisella","article_modified_time":"2021-09-10T08:01:59+00:00","og_image":[{"width":1920,"height":1013,"url":"https:\/\/www.mozzarisella.com\/wp-content\/uploads\/2019\/03\/slide_web.jpg","type":"image\/jpeg"}],"twitter_card":"summary_large_image","schema":{"@context":"https:\/\/schema.org","@graph":[{"@type":"WebPage","@id":"https:\/\/www.mozzarisella.com\/tr\/bize-ulasin\/","url":"https:\/\/www.mozzarisella.com\/tr\/bize-ulasin\/","name":"Bize Ula\u015f\u0131n","isPartOf":{"@id":"https:\/\/www.mozzarisella.com\/tr\/#website"},"primaryImageOfPage":{"@id":"https:\/\/www.mozzarisella.com\/tr\/bize-ulasin\/#primaryimage"},"image":{"@id":"https:\/\/www.mozzarisella.com\/tr\/bize-ulasin\/#primaryimage"},"thumbnailUrl":"https:\/\/www.mozzarisella.com\/wp-content\/uploads\/2019\/03\/slide_web.jpg","datePublished":"2019-03-13T14:24:39+00:00","dateModified":"2021-09-10T08:01:59+00:00","breadcrumb":{"@id":"https:\/\/www.mozzarisella.com\/tr\/bize-ulasin\/#breadcrumb"},"inLanguage":"tr","potentialAction":[{"@type":"ReadAction","target":["https:\/\/www.mozzarisella.com\/tr\/bize-ulasin\/"]}]},{"@type":"ImageObject","inLanguage":"tr","@id":"https:\/\/www.mozzarisella.com\/tr\/bize-ulasin\/#primaryimage","url":"https:\/\/www.mozzarisella.com\/wp-content\/uploads\/2019\/03\/slide_web.jpg","contentUrl":"https:\/\/www.mozzarisella.com\/wp-content\/uploads\/2019\/03\/slide_web.jpg","width":1920,"height":1013},{"@type":"BreadcrumbList","@id":"https:\/\/www.mozzarisella.com\/tr\/bize-ulasin\/#breadcrumb","itemListElement":[{"@type":"ListItem","position":1,"name":"Home","item":"https:\/\/www.mozzarisella.com\/tr\/"},{"@type":"ListItem","position":2,"name":"Bize Ula\u015f\u0131n"}]},{"@type":"WebSite","@id":"https:\/\/www.mozzarisella.com\/tr\/#website","url":"https:\/\/www.mozzarisella.com\/tr\/","name":"Mozzarisella","description":"La forza del germoglio di riso integrale Italiano","publisher":{"@id":"https:\/\/www.mozzarisella.com\/tr\/#organization"},"potentialAction":[{"@type":"SearchAction","target":{"@type":"EntryPoint","urlTemplate":"https:\/\/www.mozzarisella.com\/tr\/?s={search_term_string}"},"query-input":{"@type":"PropertyValueSpecification","valueRequired":true,"valueName":"search_term_string"}}],"inLanguage":"tr"},{"@type":"Organization","@id":"https:\/\/www.mozzarisella.com\/tr\/#organization","name":"Mozzarisella","url":"https:\/\/www.mozzarisella.com\/tr\/","logo":{"@type":"ImageObject","inLanguage":"tr","@id":"https:\/\/www.mozzarisella.com\/tr\/#\/schema\/logo\/image\/","url":"https:\/\/www.mozzarisella.com\/wp-content\/uploads\/2019\/06\/mozzarisella-logo-mobile.png","contentUrl":"https:\/\/www.mozzarisella.com\/wp-content\/uploads\/2019\/06\/mozzarisella-logo-mobile.png","width":400,"height":259,"caption":"Mozzarisella"},"image":{"@id":"https:\/\/www.mozzarisella.com\/tr\/#\/schema\/logo\/image\/"}}]}},"_links":{"self":[{"href":"https:\/\/www.mozzarisella.com\/tr\/wp-json\/wp\/v2\/pages\/3602","targetHints":{"allow":["GET"]}}],"collection":[{"href":"https:\/\/www.mozzarisella.com\/tr\/wp-json\/wp\/v2\/pages"}],"about":[{"href":"https:\/\/www.mozzarisella.com\/tr\/wp-json\/wp\/v2\/types\/page"}],"author":[{"embeddable":true,"href":"https:\/\/www.mozzarisella.com\/tr\/wp-json\/wp\/v2\/users\/5"}],"replies":[{"embeddable":true,"href":"https:\/\/www.mozzarisella.com\/tr\/wp-json\/wp\/v2\/comments?post=3602"}],"version-history":[{"count":5,"href":"https:\/\/www.mozzarisella.com\/tr\/wp-json\/wp\/v2\/pages\/3602\/revisions"}],"predecessor-version":[{"id":3674,"href":"https:\/\/www.mozzarisella.com\/tr\/wp-json\/wp\/v2\/pages\/3602\/revisions\/3674"}],"wp:featuredmedia":[{"embeddable":true,"href":"https:\/\/www.mozzarisella.com\/tr\/wp-json\/wp\/v2\/media\/3123"}],"wp:attachment":[{"href":"https:\/\/www.mozzarisella.com\/tr\/wp-json\/wp\/v2\/media?parent=3602"}],"curies":[{"name":"wp","href":"https:\/\/api.w.org\/{rel}","templated":true}]}}