{"id":3627,"date":"2019-03-16T15:58:18","date_gmt":"2019-03-16T14:58:18","guid":{"rendered":"https:\/\/www.mozzarisella.com\/product\/mozzarisella-pasta-dura\/"},"modified":"2021-09-09T16:50:41","modified_gmt":"2021-09-09T14:50:41","slug":"mozzarisella-medium-hard","status":"publish","type":"product","link":"https:\/\/www.mozzarisella.com\/tr\/urunler\/mozzarisella-medium-hard\/","title":{"rendered":"Mozzarisella medium-hard"},"content":{"rendered":"<p><!--StartFragment--><\/p>\n\n\n<p class=\"has-text-color\" style=\"color:#cb9e4d;font-size:18px\"><strong>\u00d6ZELL\u0130KLER<\/strong><\/p>\n\n\n\n<p>Bitkisel kaynakl\u0131 g\u0131da grubumuzda baharatl\u0131 peynirlere en iyi alternatiftir. Do\u011fal olarak gl\u00fcten, hayvansal katk\u0131 maddeleri ve alerjenler i\u00e7ermez. Sert yap\u0131s\u0131 b\u00fcy\u00fcleyici, i\u015ftah a\u00e7\u0131c\u0131 ve ge\u00e7mi\u015fin tad\u0131n\u0131 and\u0131rak dolu bir tat b\u0131rak\u0131r. Di\u011fer bitkisel kaynakl\u0131 g\u0131dalar gibi sindirilmesi kolayd\u0131r. Ana bile\u015feni filizlenmi\u015f esmer pirincidir ve t\u00fcm aile bireyleri i\u00e7in m\u00fckemmel bir se\u00e7enektir.<\/p>\n\n\n\n<p class=\"has-text-color\" style=\"color:#cb9e4d;font-size:18px\"><strong>T\u00dcKET\u0130M \u015eEKL\u0130<\/strong><\/p>\n\n\n\n<p>Sade olarak t\u00fcketebilece\u011finiz gibi salata ve tah\u0131llar\u0131n i\u00e7inde k\u00fcp \u015feklinde kullanabilirsiniz. Pi\u015firmek i\u00e7in de idealdir. Makarna ve f\u0131r\u0131nlanm\u0131\u015f sebzelerin tad\u0131na tat katar. \u00dcz\u00fcm, incir ve erik gibi tatl\u0131 meyvelerle m\u00fckemmel uyumludur.<\/p>\n\n\n\n<hr class=\"wp-block-separator\"\/>\n\n\n\n<div style=\"line-height: 20px;\"><strong>ESMER P\u0130R\u0130N\u00c7 F\u0130L\u0130Z\u0130NDEN 100% B\u0130TK\u0130SEL<\/strong><\/div><div style=\"line-height: 20px;margin-bottom:15px;\"><strong>KAYNAKLI GIDA HAZIRLANMASI<\/strong><\/div>\n\n\n\n<p>\u0130\u00e7indekiler: Bio SuRice\u00ae * 46% (su, esmer pirin\u00e7 filizi* %20.8, tuz, elma sirkesi<em>), su, so\u011fuk bask\u0131 hindistancevizi ya\u011f\u0131<\/em>, limon suyu*.<\/p>\n\n\n\n<p>K\u0131vam art\u0131r\u0131c\u0131lar: agar-agar, ke\u00e7iboynuzu \u00e7ekirde\u011fi unu, laktik asit, do\u011fal tatland\u0131r\u0131c\u0131, zerde\u00e7al*<\/p>\n\n\n\n<p> (Organik Tar\u0131m).<\/p>\n\n\n\n<p>A\u011f\u0131rl\u0131k: 150 g.<\/p>\n\n\n\n<hr class=\"wp-block-separator\"\/>\n\n\n\n<p><strong>Ortalama G\u0131da De\u011ferleri<\/strong><br>100 g \u00fcr\u00fcn i\u00e7inde<\/p>\n\n\n\n<figure class=\"wp-block-table\"><table><tbody><tr><td>Enerji<\/td><td>861kJ &#8211; 208 kcal<\/td><\/tr><tr><td>Ya\u011f<br>\u0130\u00e7indeki doymu\u015f ya\u011f asitleri<\/td><td>18,0 g<br>16,0 g <\/td><\/tr><tr><td>Karbonhidrat<br>\u0130\u00e7indeki \u015feker miktar\u0131<\/td><td>7,2 g<br>0,3 g<\/td><\/tr><tr><td>Lif<\/td><td>2,6 g<\/td><\/tr><tr><td>Protein<\/td><td>0,7 g<\/td><\/tr><tr><td>Tuz<\/td><td>1,2 g<\/td><\/tr><tr><td>Kolesterol<\/td><td>0,0 g<\/td><\/tr><\/tbody><\/table><\/figure>\n\n\n\n<p><strong>S\u00fcte hassasiyeti olanlar i\u00e7in ideal<\/strong><\/p>\n\n\n<p><!--EndFragment--><\/p>","protected":false},"excerpt":{"rendered":"<p>Sert ve lezzetli alternatif g\u0131da<br \/><strong>150g<\/strong><\/p>\n","protected":false},"author":5,"featured_media":3177,"parent":0,"menu_order":40,"template":"","format":"standard","meta":{"_acf_changed":false,"footnotes":""},"product_cat":[80],"class_list":["post-3627","product","type-product","status-publish","format-standard","has-post-thumbnail","hentry","product_cat-taze-gida-hatti"],"acf":[],"yoast_head":"<title>Mozzarisella medium-hard<\/title>\n<meta name=\"robots\" content=\"index, follow, max-snippet:-1, max-image-preview:large, max-video-preview:-1\" \/>\n<link rel=\"canonical\" href=\"https:\/\/www.mozzarisella.com\/tr\/urunler\/mozzarisella-medium-hard\/\" \/>\n<meta property=\"og:locale\" content=\"tr_TR\" \/>\n<meta property=\"og:type\" content=\"article\" \/>\n<meta property=\"og:title\" content=\"Mozzarisella medium-hard\" \/>\n<meta property=\"og:description\" content=\"Sert ve lezzetli alternatif g\u0131da150g\" \/>\n<meta property=\"og:url\" content=\"https:\/\/www.mozzarisella.com\/tr\/urunler\/mozzarisella-medium-hard\/\" \/>\n<meta property=\"og:site_name\" content=\"Mozzarisella\" \/>\n<meta property=\"article:modified_time\" content=\"2021-09-09T14:50:41+00:00\" \/>\n<meta property=\"og:image\" content=\"https:\/\/www.mozzarisella.com\/wp-content\/uploads\/2019\/03\/mozzarisella-pasta-dura.png\" \/>\n\t<meta property=\"og:image:width\" content=\"700\" \/>\n\t<meta property=\"og:image:height\" content=\"652\" \/>\n\t<meta property=\"og:image:type\" content=\"image\/png\" \/>\n<meta name=\"twitter:card\" content=\"summary_large_image\" \/>\n<meta name=\"twitter:label1\" content=\"Tahmini okuma s\u00fcresi\" \/>\n\t<meta name=\"twitter:data1\" content=\"1 dakika\" \/>\n<script type=\"application\/ld+json\" class=\"yoast-schema-graph\">{\"@context\":\"https:\/\/schema.org\",\"@graph\":[{\"@type\":\"WebPage\",\"@id\":\"https:\/\/www.mozzarisella.com\/tr\/urunler\/mozzarisella-medium-hard\/\",\"url\":\"https:\/\/www.mozzarisella.com\/tr\/urunler\/mozzarisella-medium-hard\/\",\"name\":\"Mozzarisella medium-hard\",\"isPartOf\":{\"@id\":\"https:\/\/www.mozzarisella.com\/tr\/#website\"},\"primaryImageOfPage\":{\"@id\":\"https:\/\/www.mozzarisella.com\/tr\/urunler\/mozzarisella-medium-hard\/#primaryimage\"},\"image\":{\"@id\":\"https:\/\/www.mozzarisella.com\/tr\/urunler\/mozzarisella-medium-hard\/#primaryimage\"},\"thumbnailUrl\":\"https:\/\/www.mozzarisella.com\/wp-content\/uploads\/2019\/03\/mozzarisella-pasta-dura.png\",\"datePublished\":\"2019-03-16T14:58:18+00:00\",\"dateModified\":\"2021-09-09T14:50:41+00:00\",\"breadcrumb\":{\"@id\":\"https:\/\/www.mozzarisella.com\/tr\/urunler\/mozzarisella-medium-hard\/#breadcrumb\"},\"inLanguage\":\"tr\",\"potentialAction\":[{\"@type\":\"ReadAction\",\"target\":[\"https:\/\/www.mozzarisella.com\/tr\/urunler\/mozzarisella-medium-hard\/\"]}]},{\"@type\":\"ImageObject\",\"inLanguage\":\"tr\",\"@id\":\"https:\/\/www.mozzarisella.com\/tr\/urunler\/mozzarisella-medium-hard\/#primaryimage\",\"url\":\"https:\/\/www.mozzarisella.com\/wp-content\/uploads\/2019\/03\/mozzarisella-pasta-dura.png\",\"contentUrl\":\"https:\/\/www.mozzarisella.com\/wp-content\/uploads\/2019\/03\/mozzarisella-pasta-dura.png\",\"width\":700,\"height\":652},{\"@type\":\"BreadcrumbList\",\"@id\":\"https:\/\/www.mozzarisella.com\/tr\/urunler\/mozzarisella-medium-hard\/#breadcrumb\",\"itemListElement\":[{\"@type\":\"ListItem\",\"position\":1,\"name\":\"Home\",\"item\":\"https:\/\/www.mozzarisella.com\/tr\/\"},{\"@type\":\"ListItem\",\"position\":2,\"name\":\"Mozzarisella medium-hard\"}]},{\"@type\":\"WebSite\",\"@id\":\"https:\/\/www.mozzarisella.com\/tr\/#website\",\"url\":\"https:\/\/www.mozzarisella.com\/tr\/\",\"name\":\"Mozzarisella\",\"description\":\"La forza del germoglio di riso integrale Italiano\",\"publisher\":{\"@id\":\"https:\/\/www.mozzarisella.com\/tr\/#organization\"},\"potentialAction\":[{\"@type\":\"SearchAction\",\"target\":{\"@type\":\"EntryPoint\",\"urlTemplate\":\"https:\/\/www.mozzarisella.com\/tr\/?s={search_term_string}\"},\"query-input\":{\"@type\":\"PropertyValueSpecification\",\"valueRequired\":true,\"valueName\":\"search_term_string\"}}],\"inLanguage\":\"tr\"},{\"@type\":\"Organization\",\"@id\":\"https:\/\/www.mozzarisella.com\/tr\/#organization\",\"name\":\"Mozzarisella\",\"url\":\"https:\/\/www.mozzarisella.com\/tr\/\",\"logo\":{\"@type\":\"ImageObject\",\"inLanguage\":\"tr\",\"@id\":\"https:\/\/www.mozzarisella.com\/tr\/#\/schema\/logo\/image\/\",\"url\":\"https:\/\/www.mozzarisella.com\/wp-content\/uploads\/2019\/06\/mozzarisella-logo-mobile.png\",\"contentUrl\":\"https:\/\/www.mozzarisella.com\/wp-content\/uploads\/2019\/06\/mozzarisella-logo-mobile.png\",\"width\":400,\"height\":259,\"caption\":\"Mozzarisella\"},\"image\":{\"@id\":\"https:\/\/www.mozzarisella.com\/tr\/#\/schema\/logo\/image\/\"}}]}<\/script>","yoast_head_json":{"title":"Mozzarisella medium-hard","robots":{"index":"index","follow":"follow","max-snippet":"max-snippet:-1","max-image-preview":"max-image-preview:large","max-video-preview":"max-video-preview:-1"},"canonical":"https:\/\/www.mozzarisella.com\/tr\/urunler\/mozzarisella-medium-hard\/","og_locale":"tr_TR","og_type":"article","og_title":"Mozzarisella medium-hard","og_description":"Sert ve lezzetli alternatif g\u0131da150g","og_url":"https:\/\/www.mozzarisella.com\/tr\/urunler\/mozzarisella-medium-hard\/","og_site_name":"Mozzarisella","article_modified_time":"2021-09-09T14:50:41+00:00","og_image":[{"width":700,"height":652,"url":"https:\/\/www.mozzarisella.com\/wp-content\/uploads\/2019\/03\/mozzarisella-pasta-dura.png","type":"image\/png"}],"twitter_card":"summary_large_image","twitter_misc":{"Tahmini okuma s\u00fcresi":"1 dakika"},"schema":{"@context":"https:\/\/schema.org","@graph":[{"@type":"WebPage","@id":"https:\/\/www.mozzarisella.com\/tr\/urunler\/mozzarisella-medium-hard\/","url":"https:\/\/www.mozzarisella.com\/tr\/urunler\/mozzarisella-medium-hard\/","name":"Mozzarisella medium-hard","isPartOf":{"@id":"https:\/\/www.mozzarisella.com\/tr\/#website"},"primaryImageOfPage":{"@id":"https:\/\/www.mozzarisella.com\/tr\/urunler\/mozzarisella-medium-hard\/#primaryimage"},"image":{"@id":"https:\/\/www.mozzarisella.com\/tr\/urunler\/mozzarisella-medium-hard\/#primaryimage"},"thumbnailUrl":"https:\/\/www.mozzarisella.com\/wp-content\/uploads\/2019\/03\/mozzarisella-pasta-dura.png","datePublished":"2019-03-16T14:58:18+00:00","dateModified":"2021-09-09T14:50:41+00:00","breadcrumb":{"@id":"https:\/\/www.mozzarisella.com\/tr\/urunler\/mozzarisella-medium-hard\/#breadcrumb"},"inLanguage":"tr","potentialAction":[{"@type":"ReadAction","target":["https:\/\/www.mozzarisella.com\/tr\/urunler\/mozzarisella-medium-hard\/"]}]},{"@type":"ImageObject","inLanguage":"tr","@id":"https:\/\/www.mozzarisella.com\/tr\/urunler\/mozzarisella-medium-hard\/#primaryimage","url":"https:\/\/www.mozzarisella.com\/wp-content\/uploads\/2019\/03\/mozzarisella-pasta-dura.png","contentUrl":"https:\/\/www.mozzarisella.com\/wp-content\/uploads\/2019\/03\/mozzarisella-pasta-dura.png","width":700,"height":652},{"@type":"BreadcrumbList","@id":"https:\/\/www.mozzarisella.com\/tr\/urunler\/mozzarisella-medium-hard\/#breadcrumb","itemListElement":[{"@type":"ListItem","position":1,"name":"Home","item":"https:\/\/www.mozzarisella.com\/tr\/"},{"@type":"ListItem","position":2,"name":"Mozzarisella medium-hard"}]},{"@type":"WebSite","@id":"https:\/\/www.mozzarisella.com\/tr\/#website","url":"https:\/\/www.mozzarisella.com\/tr\/","name":"Mozzarisella","description":"La forza del germoglio di riso integrale Italiano","publisher":{"@id":"https:\/\/www.mozzarisella.com\/tr\/#organization"},"potentialAction":[{"@type":"SearchAction","target":{"@type":"EntryPoint","urlTemplate":"https:\/\/www.mozzarisella.com\/tr\/?s={search_term_string}"},"query-input":{"@type":"PropertyValueSpecification","valueRequired":true,"valueName":"search_term_string"}}],"inLanguage":"tr"},{"@type":"Organization","@id":"https:\/\/www.mozzarisella.com\/tr\/#organization","name":"Mozzarisella","url":"https:\/\/www.mozzarisella.com\/tr\/","logo":{"@type":"ImageObject","inLanguage":"tr","@id":"https:\/\/www.mozzarisella.com\/tr\/#\/schema\/logo\/image\/","url":"https:\/\/www.mozzarisella.com\/wp-content\/uploads\/2019\/06\/mozzarisella-logo-mobile.png","contentUrl":"https:\/\/www.mozzarisella.com\/wp-content\/uploads\/2019\/06\/mozzarisella-logo-mobile.png","width":400,"height":259,"caption":"Mozzarisella"},"image":{"@id":"https:\/\/www.mozzarisella.com\/tr\/#\/schema\/logo\/image\/"}}]}},"_links":{"self":[{"href":"https:\/\/www.mozzarisella.com\/tr\/wp-json\/wp\/v2\/product\/3627","targetHints":{"allow":["GET"]}}],"collection":[{"href":"https:\/\/www.mozzarisella.com\/tr\/wp-json\/wp\/v2\/product"}],"about":[{"href":"https:\/\/www.mozzarisella.com\/tr\/wp-json\/wp\/v2\/types\/product"}],"author":[{"embeddable":true,"href":"https:\/\/www.mozzarisella.com\/tr\/wp-json\/wp\/v2\/users\/5"}],"version-history":[{"count":1,"href":"https:\/\/www.mozzarisella.com\/tr\/wp-json\/wp\/v2\/product\/3627\/revisions"}],"predecessor-version":[{"id":3629,"href":"https:\/\/www.mozzarisella.com\/tr\/wp-json\/wp\/v2\/product\/3627\/revisions\/3629"}],"wp:featuredmedia":[{"embeddable":true,"href":"https:\/\/www.mozzarisella.com\/tr\/wp-json\/wp\/v2\/media\/3177"}],"wp:attachment":[{"href":"https:\/\/www.mozzarisella.com\/tr\/wp-json\/wp\/v2\/media?parent=3627"}],"wp:term":[{"taxonomy":"product_cat","embeddable":true,"href":"https:\/\/www.mozzarisella.com\/tr\/wp-json\/wp\/v2\/product_cat?post=3627"}],"curies":[{"name":"wp","href":"https:\/\/api.w.org\/{rel}","templated":true}]}}